{"id":18,"date":"2026-03-23T16:35:41","date_gmt":"2026-03-23T15:35:41","guid":{"rendered":"https:\/\/ktechproduccion.net\/msc\/?page_id=18"},"modified":"2026-03-28T00:14:19","modified_gmt":"2026-03-27T23:14:19","slug":"alianzas","status":"publish","type":"page","link":"https:\/\/ktechproduccion.net\/msc\/en\/alianzas\/","title":{"rendered":"Alianzas"},"content":{"rendered":"<div data-elementor-type=\"wp-page\" data-elementor-id=\"18\" class=\"elementor elementor-18\" data-elementor-post-type=\"page\">\n\t\t\t\t<div class=\"elementor-element elementor-element-0cb72f9 e-flex e-con-boxed e-con e-parent\" data-id=\"0cb72f9\" data-element_type=\"container\" data-e-type=\"container\" data-settings=\"{&quot;background_background&quot;:&quot;classic&quot;}\">\n\t\t\t\t\t<div class=\"e-con-inner\">\n\t\t<div class=\"elementor-element elementor-element-f5bd80e e-con-full e-flex e-con e-child\" data-id=\"f5bd80e\" data-element_type=\"container\" data-e-type=\"container\">\n\t\t\t\t<div class=\"elementor-element elementor-element-1dd8103 elementor-widget-divider--view-line elementor-widget elementor-widget-divider\" data-id=\"1dd8103\" data-element_type=\"widget\" data-e-type=\"widget\" data-widget_type=\"divider.default\">\n\t\t\t\t\t\t\t<div class=\"elementor-divider\">\n\t\t\t<span class=\"elementor-divider-separator\">\n\t\t\t\t\t\t<\/span>\n\t\t<\/div>\n\t\t\t\t\t\t<\/div>\n\t\t\t\t<div class=\"elementor-element elementor-element-27775d9 elementor-widget elementor-widget-heading\" data-id=\"27775d9\" data-element_type=\"widget\" data-e-type=\"widget\" data-widget_type=\"heading.default\">\n\t\t\t\t\t<h1 class=\"elementor-heading-title elementor-size-default\">ANALIZAMOS LA NATURALEZA<\/h1>\t\t\t\t<\/div>\n\t\t\t\t<div class=\"elementor-element elementor-element-ce81f1f elementor-widget elementor-widget-heading\" data-id=\"ce81f1f\" data-element_type=\"widget\" data-e-type=\"widget\" data-widget_type=\"heading.default\">\n\t\t\t\t\t<span class=\"elementor-heading-title elementor-size-default\">DIN\u00c1MICA<\/span>\t\t\t\t<\/div>\n\t\t\t\t<div class=\"elementor-element elementor-element-8f107fc elementor-widget__width-initial elementor-widget elementor-widget-heading\" data-id=\"8f107fc\" data-element_type=\"widget\" data-e-type=\"widget\" data-widget_type=\"heading.default\">\n\t\t\t\t\t<span class=\"elementor-heading-title elementor-size-default\"> de los mercados en que compiten nuestros clientes y adaptamos nuestras soluciones a los mismos<\/span>\t\t\t\t<\/div>\n\t\t\t\t<\/div>\n\t\t<div class=\"elementor-element elementor-element-3f8d0ef e-flex e-con-boxed e-con e-child\" data-id=\"3f8d0ef\" data-element_type=\"container\" data-e-type=\"container\">\n\t\t\t\t\t<div class=\"e-con-inner\">\n\t\t\t\t<div class=\"elementor-element elementor-element-68c1db7 elementor-widget elementor-widget-text-editor\" data-id=\"68c1db7\" data-element_type=\"widget\" data-e-type=\"widget\" data-widget_type=\"text-editor.default\">\n\t\t\t\t\t\t\t\t\t<p>Hemos desarrollado alianzas con profesionales locales de diversas \u00e1reas con los que compartimos los mismos valores personales y profesionales a los fines de profundizar el alcance de nuestros servicios.<\/p>\t\t\t\t\t\t\t\t<\/div>\n\t\t\t\t<div class=\"elementor-element elementor-element-d2beaf8 elementor-widget elementor-widget-text-editor\" data-id=\"d2beaf8\" data-element_type=\"widget\" data-e-type=\"widget\" data-widget_type=\"text-editor.default\">\n\t\t\t\t\t\t\t\t\t<p>Adicionalmente MS es miembro de ILN, una organizaci\u00f3n internacional de firmas de abogados con presencia en aproximadamente 70 jurisdicciones a trav\u00e9s de m\u00e1s de 90 firmas asociadas y que ha sido reconocida por Chambers &amp; Partners como red l\u00edder a nivel global.<\/p><p>Nuestra presencia activa en dicha organizaci\u00f3n nos permite satisfacer los requerimientos de naturaleza internacional realizados por nuestros clientes, as\u00ed como tambi\u00e9n servir de enlace local frente a las necesidades legales de nuestros socios internacionales.<\/p>\t\t\t\t\t\t\t\t<\/div>\n\t\t\t\t\t<\/div>\n\t\t\t\t<\/div>\n\t\t\t\t\t<\/div>\n\t\t\t\t<\/div>\n\t\t\t\t<\/div>","protected":false},"excerpt":{"rendered":"<p>ANALIZAMOS LA NATURALEZA DIN\u00c1MICA de los mercados en que compiten nuestros clientes y adaptamos nuestras soluciones a los mismos Hemos desarrollado alianzas con profesionales locales de diversas \u00e1reas con los que compartimos los mismos valores personales y profesionales a los fines de profundizar el alcance de nuestros servicios. Adicionalmente MS es miembro de ILN, una [&hellip;]<\/p>\n","protected":false},"author":1,"featured_media":0,"parent":0,"menu_order":0,"comment_status":"closed","ping_status":"closed","template":"elementor_header_footer","meta":{"_acf_changed":false,"rs_blank_template":"","rs_page_bg_color":"","slide_template_v7":"","footnotes":""},"class_list":["post-18","page","type-page","status-publish","hentry"],"acf":[],"_links":{"self":[{"href":"https:\/\/ktechproduccion.net\/msc\/en\/wp-json\/wp\/v2\/pages\/18","targetHints":{"allow":["GET"]}}],"collection":[{"href":"https:\/\/ktechproduccion.net\/msc\/en\/wp-json\/wp\/v2\/pages"}],"about":[{"href":"https:\/\/ktechproduccion.net\/msc\/en\/wp-json\/wp\/v2\/types\/page"}],"author":[{"embeddable":true,"href":"https:\/\/ktechproduccion.net\/msc\/en\/wp-json\/wp\/v2\/users\/1"}],"replies":[{"embeddable":true,"href":"https:\/\/ktechproduccion.net\/msc\/en\/wp-json\/wp\/v2\/comments?post=18"}],"version-history":[{"count":11,"href":"https:\/\/ktechproduccion.net\/msc\/en\/wp-json\/wp\/v2\/pages\/18\/revisions"}],"predecessor-version":[{"id":600,"href":"https:\/\/ktechproduccion.net\/msc\/en\/wp-json\/wp\/v2\/pages\/18\/revisions\/600"}],"wp:attachment":[{"href":"https:\/\/ktechproduccion.net\/msc\/en\/wp-json\/wp\/v2\/media?parent=18"}],"curies":[{"name":"wp","href":"https:\/\/api.w.org\/{rel}","templated":true}]}}