{"id":967,"date":"2026-04-07T18:08:48","date_gmt":"2026-04-07T16:08:48","guid":{"rendered":"https:\/\/ktechproduccion.net\/meilan\/?page_id=967"},"modified":"2026-04-07T18:14:52","modified_gmt":"2026-04-07T16:14:52","slug":"mision-vision-y-valores","status":"publish","type":"page","link":"https:\/\/ktechproduccion.net\/meilan\/mision-vision-y-valores\/","title":{"rendered":"Misi\u00f3n, Visi\u00f3n y Valores"},"content":{"rendered":"\t\t<div data-elementor-type=\"wp-page\" data-elementor-id=\"967\" class=\"elementor elementor-967\" data-elementor-post-type=\"page\">\n\t\t\t\t<div class=\"elementor-element elementor-element-c4b274c e-flex e-con-boxed e-con e-parent\" data-id=\"c4b274c\" data-element_type=\"container\" data-e-type=\"container\" data-settings=\"{&quot;background_background&quot;:&quot;classic&quot;}\">\n\t\t\t\t\t<div class=\"e-con-inner\">\n\t\t\t\t<div class=\"elementor-element elementor-element-eefcc57 elementor-invisible elementor-widget elementor-widget-heading\" data-id=\"eefcc57\" data-element_type=\"widget\" data-e-type=\"widget\" data-settings=\"{&quot;_animation&quot;:&quot;fadeInUp&quot;}\" data-widget_type=\"heading.default\">\n\t\t\t\t\t<h1 class=\"elementor-heading-title elementor-size-default\">Misi\u00f3n, Visi\u00f3n y Valores<\/h1>\t\t\t\t<\/div>\n\t\t\t\t\t<\/div>\n\t\t\t\t<\/div>\n\t\t<div class=\"elementor-element elementor-element-4f914cc e-flex e-con-boxed e-con e-parent\" data-id=\"4f914cc\" data-element_type=\"container\" data-e-type=\"container\">\n\t\t\t\t\t<div class=\"e-con-inner\">\n\t\t<div class=\"elementor-element elementor-element-1ffa975 e-flex e-con-boxed e-con e-child\" data-id=\"1ffa975\" data-element_type=\"container\" data-e-type=\"container\">\n\t\t\t\t\t<div class=\"e-con-inner\">\n\t\t<div class=\"elementor-element elementor-element-0157491 e-con-full e-flex e-con e-child\" data-id=\"0157491\" data-element_type=\"container\" data-e-type=\"container\">\n\t\t<div class=\"elementor-element elementor-element-9454e09 e-con-full e-flex elementor-invisible e-con e-child\" data-id=\"9454e09\" data-element_type=\"container\" data-e-type=\"container\" data-settings=\"{&quot;animation&quot;:&quot;fadeInUp&quot;}\">\n\t\t\t\t<div class=\"elementor-element elementor-element-e0aef51 elementor-widget elementor-widget-image\" data-id=\"e0aef51\" data-element_type=\"widget\" data-e-type=\"widget\" data-widget_type=\"image.default\">\n\t\t\t\t\t\t\t\t\t\t\t\t\t\t\t<img decoding=\"async\" src=\"https:\/\/ktechproduccion.net\/meilan\/wp-content\/uploads\/2026\/02\/icon-submit-orange.svg\" class=\"attachment-full size-full wp-image-130\" alt=\"\" \/>\t\t\t\t\t\t\t\t\t\t\t\t\t\t\t<\/div>\n\t\t\t\t<div class=\"elementor-element elementor-element-3571c3b elementor-widget elementor-widget-heading\" data-id=\"3571c3b\" data-element_type=\"widget\" data-e-type=\"widget\" data-widget_type=\"heading.default\">\n\t\t\t\t\t<h2 class=\"elementor-heading-title elementor-size-default\">Nuestra misi\u00f3n<\/h2>\t\t\t\t<\/div>\n\t\t\t\t<\/div>\n\t\t\t\t<div class=\"elementor-element elementor-element-1ba3e57 elementor-invisible elementor-widget elementor-widget-text-editor\" data-id=\"1ba3e57\" data-element_type=\"widget\" data-e-type=\"widget\" data-settings=\"{&quot;_animation&quot;:&quot;fadeInUp&quot;}\" data-widget_type=\"text-editor.default\">\n\t\t\t\t\t\t\t\t\t<p>Ofrecer una experiencia de servicios integrales adaptados a la administraci\u00f3n de condominios, cuidando y garantizando operaciones seguras, gestionando un ambiente c\u00f3modo, eficaz y est\u00e9ticamente agradable. Comprometidos a proporcionar atenciones personalizadas y soluciones efectivas que mejoren la calidad de vida de los propietarios y hu\u00e9spedes.<\/p>\t\t\t\t\t\t\t\t<\/div>\n\t\t\t\t<\/div>\n\t\t<div class=\"elementor-element elementor-element-ba6c6ba e-con-full e-flex e-con e-child\" data-id=\"ba6c6ba\" data-element_type=\"container\" data-e-type=\"container\">\n\t\t<div class=\"elementor-element elementor-element-2d15111 e-con-full e-flex elementor-invisible e-con e-child\" data-id=\"2d15111\" data-element_type=\"container\" data-e-type=\"container\" data-settings=\"{&quot;animation&quot;:&quot;fadeInUp&quot;}\">\n\t\t\t\t<div class=\"elementor-element elementor-element-5d8a21d elementor-widget elementor-widget-image\" data-id=\"5d8a21d\" data-element_type=\"widget\" data-e-type=\"widget\" data-widget_type=\"image.default\">\n\t\t\t\t\t\t\t\t\t\t\t\t\t\t\t<img decoding=\"async\" src=\"https:\/\/ktechproduccion.net\/meilan\/wp-content\/uploads\/2026\/02\/icon-submit-orange.svg\" class=\"attachment-full size-full wp-image-130\" alt=\"\" \/>\t\t\t\t\t\t\t\t\t\t\t\t\t\t\t<\/div>\n\t\t\t\t<div class=\"elementor-element elementor-element-0f07bb3 elementor-widget elementor-widget-heading\" data-id=\"0f07bb3\" data-element_type=\"widget\" data-e-type=\"widget\" data-widget_type=\"heading.default\">\n\t\t\t\t\t<h2 class=\"elementor-heading-title elementor-size-default\">Nuestra Visi\u00f3n<\/h2>\t\t\t\t<\/div>\n\t\t\t\t<\/div>\n\t\t\t\t<div class=\"elementor-element elementor-element-5dcfc6a elementor-invisible elementor-widget elementor-widget-text-editor\" data-id=\"5dcfc6a\" data-element_type=\"widget\" data-e-type=\"widget\" data-settings=\"{&quot;_animation&quot;:&quot;fadeInUp&quot;}\" data-widget_type=\"text-editor.default\">\n\t\t\t\t\t\t\t\t\tFortalecer nuestro liderazgo en la administraci\u00f3n de condominios, creando un legado de experiencia y fidelidad hacia todos nuestros clientes a trav\u00e9s de la calidad y eficiencia en nuestros servicios.\t\t\t\t\t\t\t\t<\/div>\n\t\t\t\t<\/div>\n\t\t\t\t\t<\/div>\n\t\t\t\t<\/div>\n\t\t<div class=\"elementor-element elementor-element-eaa5bec e-con-full e-flex e-con e-child\" data-id=\"eaa5bec\" data-element_type=\"container\" data-e-type=\"container\">\n\t\t<div class=\"elementor-element elementor-element-6e11218 e-con-full e-flex elementor-invisible e-con e-child\" data-id=\"6e11218\" data-element_type=\"container\" data-e-type=\"container\" data-settings=\"{&quot;animation&quot;:&quot;fadeInUp&quot;}\">\n\t\t\t\t<div class=\"elementor-element elementor-element-61a20bb elementor-widget elementor-widget-image\" data-id=\"61a20bb\" data-element_type=\"widget\" data-e-type=\"widget\" data-widget_type=\"image.default\">\n\t\t\t\t\t\t\t\t\t\t\t\t\t\t\t<img decoding=\"async\" src=\"https:\/\/ktechproduccion.net\/meilan\/wp-content\/uploads\/2026\/02\/icon-submit-orange.svg\" class=\"attachment-full size-full wp-image-130\" alt=\"\" \/>\t\t\t\t\t\t\t\t\t\t\t\t\t\t\t<\/div>\n\t\t\t\t<div class=\"elementor-element elementor-element-618e1ed elementor-widget elementor-widget-heading\" data-id=\"618e1ed\" data-element_type=\"widget\" data-e-type=\"widget\" data-widget_type=\"heading.default\">\n\t\t\t\t\t<h2 class=\"elementor-heading-title elementor-size-default\">Nuestros Valores<\/h2>\t\t\t\t<\/div>\n\t\t\t\t<\/div>\n\t\t\t\t<div class=\"elementor-element elementor-element-f3f279e elementor-invisible elementor-widget elementor-widget-text-editor\" data-id=\"f3f279e\" data-element_type=\"widget\" data-e-type=\"widget\" data-settings=\"{&quot;_animation&quot;:&quot;fadeInUp&quot;}\" data-widget_type=\"text-editor.default\">\n\t\t\t\t\t\t\t\t\t<p><strong>Nuestros valores son m\u00e1s que principios; son la base que sustenta cada acci\u00f3n en nuestras empresas<\/strong>.<br \/>Para nosotros, representan nuestra manera de ser y de interactuar con el mundo.<\/p>\t\t\t\t\t\t\t\t<\/div>\n\t\t\t\t<\/div>\n\t\t<div class=\"elementor-element elementor-element-bd15ad9 e-grid e-con-full e-con e-child\" data-id=\"bd15ad9\" data-element_type=\"container\" data-e-type=\"container\">\n\t\t<div class=\"elementor-element elementor-element-12ae765 e-con-full e-flex elementor-invisible e-con e-child\" data-id=\"12ae765\" data-element_type=\"container\" data-e-type=\"container\" data-settings=\"{&quot;background_background&quot;:&quot;classic&quot;,&quot;animation&quot;:&quot;zoomIn&quot;,&quot;animation_delay&quot;:150}\">\n\t\t\t\t<div class=\"elementor-element elementor-element-e5429ca elementor-widget elementor-widget-heading\" data-id=\"e5429ca\" data-element_type=\"widget\" data-e-type=\"widget\" data-widget_type=\"heading.default\">\n\t\t\t\t\t<h5 class=\"elementor-heading-title elementor-size-default\">Transparencia<\/h5>\t\t\t\t<\/div>\n\t\t\t\t<div class=\"elementor-element elementor-element-31f85fb elementor-widget elementor-widget-text-editor\" data-id=\"31f85fb\" data-element_type=\"widget\" data-e-type=\"widget\" data-widget_type=\"text-editor.default\">\n\t\t\t\t\t\t\t\t\t<p>Ser claros y objetivos en nuestros procedimientos, rendicion de cuentas y manejo de los fondos de los condomines a fin de garantizar seguridad y confianza en nuestros clientes.<\/p>\t\t\t\t\t\t\t\t<\/div>\n\t\t\t\t<\/div>\n\t\t<div class=\"elementor-element elementor-element-d86a2d1 e-con-full e-flex elementor-invisible e-con e-child\" data-id=\"d86a2d1\" data-element_type=\"container\" data-e-type=\"container\" data-settings=\"{&quot;background_background&quot;:&quot;classic&quot;,&quot;animation&quot;:&quot;zoomIn&quot;,&quot;animation_delay&quot;:300}\">\n\t\t\t\t<div class=\"elementor-element elementor-element-bb85567 elementor-widget elementor-widget-heading\" data-id=\"bb85567\" data-element_type=\"widget\" data-e-type=\"widget\" data-widget_type=\"heading.default\">\n\t\t\t\t\t<h5 class=\"elementor-heading-title elementor-size-default\">Nuestro compromiso<\/h5>\t\t\t\t<\/div>\n\t\t\t\t<div class=\"elementor-element elementor-element-101d50b elementor-widget elementor-widget-text-editor\" data-id=\"101d50b\" data-element_type=\"widget\" data-e-type=\"widget\" data-widget_type=\"text-editor.default\">\n\t\t\t\t\t\t\t\t\tEstar siempre dispuestos a colaborar y contribuir con el bienestar del condominio. Comprometidos con la buena gesti\u00f3n y nuestros deberes asignados, entendemos que esto es m\u00e1s que un medio de vida; es nuestra manera de vivir.\t\t\t\t\t\t\t\t<\/div>\n\t\t\t\t<\/div>\n\t\t<div class=\"elementor-element elementor-element-b92b88f e-con-full e-flex elementor-invisible e-con e-child\" data-id=\"b92b88f\" data-element_type=\"container\" data-e-type=\"container\" data-settings=\"{&quot;background_background&quot;:&quot;classic&quot;,&quot;animation&quot;:&quot;zoomIn&quot;,&quot;animation_delay&quot;:450}\">\n\t\t\t\t<div class=\"elementor-element elementor-element-60a11da elementor-widget elementor-widget-heading\" data-id=\"60a11da\" data-element_type=\"widget\" data-e-type=\"widget\" data-widget_type=\"heading.default\">\n\t\t\t\t\t<h5 class=\"elementor-heading-title elementor-size-default\">Amor al trabajo<\/h5>\t\t\t\t<\/div>\n\t\t\t\t<div class=\"elementor-element elementor-element-1550932 elementor-widget elementor-widget-text-editor\" data-id=\"1550932\" data-element_type=\"widget\" data-e-type=\"widget\" data-widget_type=\"text-editor.default\">\n\t\t\t\t\t\t\t\t\tNuestro trabajo es m\u00e1s que un medio de vida; es nuestra forma de vida. Estamos comprometidos a ofrecer lo mejor de nosotros en cada \u00e1mbito, con un sentido de pertenencia.\t\t\t\t\t\t\t\t<\/div>\n\t\t\t\t<\/div>\n\t\t<div class=\"elementor-element elementor-element-2f81a4f e-con-full e-flex elementor-invisible e-con e-child\" data-id=\"2f81a4f\" data-element_type=\"container\" data-e-type=\"container\" data-settings=\"{&quot;background_background&quot;:&quot;classic&quot;,&quot;animation&quot;:&quot;zoomIn&quot;,&quot;animation_delay&quot;:600}\">\n\t\t\t\t<div class=\"elementor-element elementor-element-9b56a0f elementor-widget elementor-widget-heading\" data-id=\"9b56a0f\" data-element_type=\"widget\" data-e-type=\"widget\" data-widget_type=\"heading.default\">\n\t\t\t\t\t<h5 class=\"elementor-heading-title elementor-size-default\">Honestidad<\/h5>\t\t\t\t<\/div>\n\t\t\t\t<div class=\"elementor-element elementor-element-aaa3149 elementor-widget elementor-widget-text-editor\" data-id=\"aaa3149\" data-element_type=\"widget\" data-e-type=\"widget\" data-widget_type=\"text-editor.default\">\n\t\t\t\t\t\t\t\t\tActuar con honestidad en cada una de nuestras asignaciones para asegurar una buena relaci\u00f3n corporativa y de negocios, siendo certeros y justos con lo pactado.\t\t\t\t\t\t\t\t<\/div>\n\t\t\t\t<\/div>\n\t\t<div class=\"elementor-element elementor-element-7fa554a e-con-full e-flex elementor-invisible e-con e-child\" data-id=\"7fa554a\" data-element_type=\"container\" data-e-type=\"container\" data-settings=\"{&quot;background_background&quot;:&quot;classic&quot;,&quot;animation&quot;:&quot;zoomIn&quot;,&quot;animation_delay&quot;:750}\">\n\t\t\t\t<div class=\"elementor-element elementor-element-b9896a3 elementor-widget elementor-widget-heading\" data-id=\"b9896a3\" data-element_type=\"widget\" data-e-type=\"widget\" data-widget_type=\"heading.default\">\n\t\t\t\t\t<h5 class=\"elementor-heading-title elementor-size-default\">Calidad<\/h5>\t\t\t\t<\/div>\n\t\t\t\t<div class=\"elementor-element elementor-element-2df38e3 elementor-widget elementor-widget-text-editor\" data-id=\"2df38e3\" data-element_type=\"widget\" data-e-type=\"widget\" data-widget_type=\"text-editor.default\">\n\t\t\t\t\t\t\t\t\tEjercer y ejecutar cada uno de nuestros procedimientos con la m\u00e1s alta calidad, garantizando un trabajo perfecto y verificando nuestra experiencia a trav\u00e9s de ella.\t\t\t\t\t\t\t\t<\/div>\n\t\t\t\t<\/div>\n\t\t<div class=\"elementor-element elementor-element-8a6a802 e-con-full e-flex elementor-invisible e-con e-child\" data-id=\"8a6a802\" data-element_type=\"container\" data-e-type=\"container\" data-settings=\"{&quot;background_background&quot;:&quot;classic&quot;,&quot;animation&quot;:&quot;zoomIn&quot;,&quot;animation_delay&quot;:900}\">\n\t\t\t\t<div class=\"elementor-element elementor-element-9498837 elementor-widget elementor-widget-heading\" data-id=\"9498837\" data-element_type=\"widget\" data-e-type=\"widget\" data-widget_type=\"heading.default\">\n\t\t\t\t\t<h5 class=\"elementor-heading-title elementor-size-default\">Innovaci\u00f3n<\/h5>\t\t\t\t<\/div>\n\t\t\t\t<div class=\"elementor-element elementor-element-9c5494a elementor-widget elementor-widget-text-editor\" data-id=\"9c5494a\" data-element_type=\"widget\" data-e-type=\"widget\" data-widget_type=\"text-editor.default\">\n\t\t\t\t\t\t\t\t\tImplementar nuevas propuestas que presenten mejoras constantes, con el fin de innovar en el bienestar y el mejoramiento de los funcionamientos de nuestros proyectos.\t\t\t\t\t\t\t\t<\/div>\n\t\t\t\t<\/div>\n\t\t\t\t<\/div>\n\t\t\t\t\t<\/div>\n\t\t\t\t<\/div>\n\t\t\t\t<\/div>\n\t\t","protected":false},"excerpt":{"rendered":"<p>Nuestra misi\u00f3n Ofrecer una experiencia de servicios integrales adaptados a la administraci\u00f3n de condominios, cuidando y garantizando operaciones seguras, gestionando un ambiente c\u00f3modo, eficaz y est\u00e9ticamente agradable. Comprometidos a proporcionar atenciones personalizadas y soluciones efectivas que mejoren la calidad de vida de los propietarios y hu\u00e9spedes. Nuestra Visi\u00f3n Fortalecer nuestro liderazgo en la administraci\u00f3n de [&hellip;]<\/p>\n","protected":false},"author":1,"featured_media":0,"parent":0,"menu_order":0,"comment_status":"closed","ping_status":"closed","template":"elementor_header_footer","meta":{"_acf_changed":false,"rs_blank_template":"","rs_page_bg_color":"","slide_template_v7":"","footnotes":""},"class_list":["post-967","page","type-page","status-publish","hentry"],"acf":[],"_links":{"self":[{"href":"https:\/\/ktechproduccion.net\/meilan\/wp-json\/wp\/v2\/pages\/967","targetHints":{"allow":["GET"]}}],"collection":[{"href":"https:\/\/ktechproduccion.net\/meilan\/wp-json\/wp\/v2\/pages"}],"about":[{"href":"https:\/\/ktechproduccion.net\/meilan\/wp-json\/wp\/v2\/types\/page"}],"author":[{"embeddable":true,"href":"https:\/\/ktechproduccion.net\/meilan\/wp-json\/wp\/v2\/users\/1"}],"replies":[{"embeddable":true,"href":"https:\/\/ktechproduccion.net\/meilan\/wp-json\/wp\/v2\/comments?post=967"}],"version-history":[{"count":10,"href":"https:\/\/ktechproduccion.net\/meilan\/wp-json\/wp\/v2\/pages\/967\/revisions"}],"predecessor-version":[{"id":991,"href":"https:\/\/ktechproduccion.net\/meilan\/wp-json\/wp\/v2\/pages\/967\/revisions\/991"}],"wp:attachment":[{"href":"https:\/\/ktechproduccion.net\/meilan\/wp-json\/wp\/v2\/media?parent=967"}],"curies":[{"name":"wp","href":"https:\/\/api.w.org\/{rel}","templated":true}]}}