{"id":965,"date":"2026-04-07T18:08:02","date_gmt":"2026-04-07T16:08:02","guid":{"rendered":"https:\/\/ktechproduccion.net\/meilan\/?page_id=965"},"modified":"2026-04-07T18:12:31","modified_gmt":"2026-04-07T16:12:31","slug":"quienes-somos","status":"publish","type":"page","link":"https:\/\/ktechproduccion.net\/meilan\/quienes-somos\/","title":{"rendered":"Quienes Somos"},"content":{"rendered":"\t\t<div data-elementor-type=\"wp-page\" data-elementor-id=\"965\" class=\"elementor elementor-965\" data-elementor-post-type=\"page\">\n\t\t\t\t<div class=\"elementor-element elementor-element-6b705e3 e-flex e-con-boxed e-con e-parent\" data-id=\"6b705e3\" data-element_type=\"container\" data-e-type=\"container\" data-settings=\"{&quot;background_background&quot;:&quot;classic&quot;}\">\n\t\t\t\t\t<div class=\"e-con-inner\">\n\t\t\t\t<div class=\"elementor-element elementor-element-abd3e30 elementor-invisible elementor-widget elementor-widget-heading\" data-id=\"abd3e30\" data-element_type=\"widget\" data-e-type=\"widget\" data-settings=\"{&quot;_animation&quot;:&quot;fadeInUp&quot;}\" data-widget_type=\"heading.default\">\n\t\t\t\t\t<h1 class=\"elementor-heading-title elementor-size-default\">Quienes Somos<\/h1>\t\t\t\t<\/div>\n\t\t\t\t\t<\/div>\n\t\t\t\t<\/div>\n\t\t<div class=\"elementor-element elementor-element-d2649d2 e-flex e-con-boxed e-con e-parent\" data-id=\"d2649d2\" data-element_type=\"container\" data-e-type=\"container\">\n\t\t\t\t\t<div class=\"e-con-inner\">\n\t\t<div class=\"elementor-element elementor-element-177cfd2 e-con-full e-flex elementor-invisible e-con e-child\" data-id=\"177cfd2\" data-element_type=\"container\" data-e-type=\"container\" data-settings=\"{&quot;animation&quot;:&quot;fadeInLeft&quot;}\">\n\t\t\t\t<div class=\"elementor-element elementor-element-3d6f0e0 elementor-widget elementor-widget-image\" data-id=\"3d6f0e0\" data-element_type=\"widget\" data-e-type=\"widget\" data-widget_type=\"image.default\">\n\t\t\t\t\t\t\t\t\t\t\t\t\t\t\t<img fetchpriority=\"high\" decoding=\"async\" width=\"840\" height=\"500\" src=\"https:\/\/ktechproduccion.net\/meilan\/wp-content\/uploads\/2026\/04\/nosotros-featured.webp\" class=\"attachment-full size-full wp-image-917\" alt=\"\" srcset=\"https:\/\/ktechproduccion.net\/meilan\/wp-content\/uploads\/2026\/04\/nosotros-featured.webp 840w, https:\/\/ktechproduccion.net\/meilan\/wp-content\/uploads\/2026\/04\/nosotros-featured-300x179.webp 300w, https:\/\/ktechproduccion.net\/meilan\/wp-content\/uploads\/2026\/04\/nosotros-featured-768x457.webp 768w, https:\/\/ktechproduccion.net\/meilan\/wp-content\/uploads\/2026\/04\/nosotros-featured-18x12.webp 18w\" sizes=\"(max-width: 840px) 100vw, 840px\" \/>\t\t\t\t\t\t\t\t\t\t\t\t\t\t\t<\/div>\n\t\t\t\t<\/div>\n\t\t<div class=\"elementor-element elementor-element-8759be4 e-con-full e-flex elementor-invisible e-con e-child\" data-id=\"8759be4\" data-element_type=\"container\" data-e-type=\"container\" data-settings=\"{&quot;animation&quot;:&quot;fadeInRight&quot;}\">\n\t\t\t\t<div class=\"elementor-element elementor-element-4345bdf elementor-widget elementor-widget-heading\" data-id=\"4345bdf\" data-element_type=\"widget\" data-e-type=\"widget\" data-widget_type=\"heading.default\">\n\t\t\t\t\t<h2 class=\"elementor-heading-title elementor-size-default\">Somos Meilan Services \nGroup SRL<\/h2>\t\t\t\t<\/div>\n\t\t\t\t<div class=\"elementor-element elementor-element-55c331b elementor-widget__width-initial elementor-widget elementor-widget-text-editor\" data-id=\"55c331b\" data-element_type=\"widget\" data-e-type=\"widget\" data-widget_type=\"text-editor.default\">\n\t\t\t\t\t\t\t\t\t<p>Somos un grupo empresarial con amplia experiencia en diversas \u00e1reas del sector tur\u00edstico, as\u00ed como en la administraci\u00f3n de proyectos tur\u00edsticos y residenciales unifamiliares.<\/p><p>Nuestra empresa fue fundada en el a\u00f1o 2020 por el se\u00f1or Lenin Meilan, quien funge como nuestro presidente. Meilan Services ha logrado posicionarse como un referente en la gesti\u00f3n y administraci\u00f3n de propiedades, especialmente en la regi\u00f3n nordeste de la Rep\u00fablica Dominicana, donde actualmente lideramos la administraci\u00f3n de proyectos tur\u00edsticos.<\/p>\t\t\t\t\t\t\t\t<\/div>\n\t\t\t\t<\/div>\n\t\t\t\t\t<\/div>\n\t\t\t\t<\/div>\n\t\t<div class=\"elementor-element elementor-element-95dac0e e-flex e-con-boxed e-con e-parent\" data-id=\"95dac0e\" data-element_type=\"container\" data-e-type=\"container\">\n\t\t\t\t\t<div class=\"e-con-inner\">\n\t\t<div class=\"elementor-element elementor-element-72db0ed e-con-full e-flex e-con e-child\" data-id=\"72db0ed\" data-element_type=\"container\" data-e-type=\"container\">\n\t\t<div class=\"elementor-element elementor-element-8c5d52e e-con-full e-flex elementor-invisible e-con e-child\" data-id=\"8c5d52e\" data-element_type=\"container\" data-e-type=\"container\" data-settings=\"{&quot;animation&quot;:&quot;fadeInLeft&quot;}\">\n\t\t\t\t<div class=\"elementor-element elementor-element-666d935 elementor-widget__width-inherit elementor-invisible elementor-widget elementor-widget-text-editor\" data-id=\"666d935\" data-element_type=\"widget\" data-e-type=\"widget\" data-settings=\"{&quot;_animation&quot;:&quot;fadeInUp&quot;}\" data-widget_type=\"text-editor.default\">\n\t\t\t\t\t\t\t\t\t<p>Nuestra trayectoria, respaldada por m\u00e1s de seis a\u00f1os de servicios premium, refleja nuestro compromiso, responsabilidad y excelencia operativa. Contamos con una alta valoraci\u00f3n por parte de nuestros clientes, lo que evidencia la calidad y dedicaci\u00f3n con la que ejecutamos cada uno de nuestros servicios. En Meilan Services nos enfocamos en transformar el estilo de vida dentro de los condominios y proyectos que administramos, garantizando tranquilidad, seguridad y una gesti\u00f3n eficiente. Nuestro objetivo es impactar de manera positiva a cada cliente que deposita su confianza en nosotros, brindando soluciones integrales con altos est\u00e1ndares de calidad y una atenci\u00f3n personalizada.<\/p><p>Nuestra sede principal de operaciones se encuentra ubicada en la Avenida Juan Pablo Duarte, Plaza Bella Terra Mall, 3er nivel, M\u00f3dulo C66. Asimismo, contamos con una segunda sede en el sector Los Naranjos, Las Galeras, Saman\u00e1, Aparta Hotel VM Suite 101, desde donde ampliamos nuestra cobertura y capacidad de respuesta en la regi\u00f3n norte.<\/p>\t\t\t\t\t\t\t\t<\/div>\n\t\t\t\t<\/div>\n\t\t<div class=\"elementor-element elementor-element-8a05b5a e-con-full e-flex elementor-invisible e-con e-child\" data-id=\"8a05b5a\" data-element_type=\"container\" data-e-type=\"container\" data-settings=\"{&quot;animation&quot;:&quot;fadeInRight&quot;}\">\n\t\t\t\t<div class=\"elementor-element elementor-element-98ec1de elementor-widget elementor-widget-image\" data-id=\"98ec1de\" data-element_type=\"widget\" data-e-type=\"widget\" data-widget_type=\"image.default\">\n\t\t\t\t\t\t\t\t\t\t\t\t\t\t\t<img decoding=\"async\" width=\"831\" height=\"493\" src=\"https:\/\/ktechproduccion.net\/meilan\/wp-content\/uploads\/2026\/03\/about-mision-featured.webp\" class=\"attachment-full size-full wp-image-821\" alt=\"\" srcset=\"https:\/\/ktechproduccion.net\/meilan\/wp-content\/uploads\/2026\/03\/about-mision-featured.webp 831w, https:\/\/ktechproduccion.net\/meilan\/wp-content\/uploads\/2026\/03\/about-mision-featured-300x178.webp 300w, https:\/\/ktechproduccion.net\/meilan\/wp-content\/uploads\/2026\/03\/about-mision-featured-768x456.webp 768w, https:\/\/ktechproduccion.net\/meilan\/wp-content\/uploads\/2026\/03\/about-mision-featured-18x12.webp 18w\" sizes=\"(max-width: 831px) 100vw, 831px\" \/>\t\t\t\t\t\t\t\t\t\t\t\t\t\t\t<\/div>\n\t\t\t\t<\/div>\n\t\t\t\t<\/div>\n\t\t\t\t\t<\/div>\n\t\t\t\t<\/div>\n\t\t\t\t<\/div>\n\t\t","protected":false},"excerpt":{"rendered":"<p>Somos Meilan Services Group SRL Somos un grupo empresarial con amplia experiencia en diversas \u00e1reas del sector tur\u00edstico, as\u00ed como en la administraci\u00f3n de proyectos tur\u00edsticos y residenciales unifamiliares. Nuestra empresa fue fundada en el a\u00f1o 2020 por el se\u00f1or Lenin Meilan, quien funge como nuestro presidente. Meilan Services ha logrado posicionarse como un referente [&hellip;]<\/p>\n","protected":false},"author":1,"featured_media":0,"parent":0,"menu_order":0,"comment_status":"closed","ping_status":"closed","template":"elementor_header_footer","meta":{"_acf_changed":false,"rs_blank_template":"","rs_page_bg_color":"","slide_template_v7":"","footnotes":""},"class_list":["post-965","page","type-page","status-publish","hentry"],"acf":[],"_links":{"self":[{"href":"https:\/\/ktechproduccion.net\/meilan\/wp-json\/wp\/v2\/pages\/965","targetHints":{"allow":["GET"]}}],"collection":[{"href":"https:\/\/ktechproduccion.net\/meilan\/wp-json\/wp\/v2\/pages"}],"about":[{"href":"https:\/\/ktechproduccion.net\/meilan\/wp-json\/wp\/v2\/types\/page"}],"author":[{"embeddable":true,"href":"https:\/\/ktechproduccion.net\/meilan\/wp-json\/wp\/v2\/users\/1"}],"replies":[{"embeddable":true,"href":"https:\/\/ktechproduccion.net\/meilan\/wp-json\/wp\/v2\/comments?post=965"}],"version-history":[{"count":11,"href":"https:\/\/ktechproduccion.net\/meilan\/wp-json\/wp\/v2\/pages\/965\/revisions"}],"predecessor-version":[{"id":981,"href":"https:\/\/ktechproduccion.net\/meilan\/wp-json\/wp\/v2\/pages\/965\/revisions\/981"}],"wp:attachment":[{"href":"https:\/\/ktechproduccion.net\/meilan\/wp-json\/wp\/v2\/media?parent=965"}],"curies":[{"name":"wp","href":"https:\/\/api.w.org\/{rel}","templated":true}]}}