{"id":25,"date":"2026-02-19T17:02:01","date_gmt":"2026-02-19T16:02:01","guid":{"rendered":"https:\/\/ktechproduccion.net\/meilan\/?page_id=25"},"modified":"2026-04-07T18:39:18","modified_gmt":"2026-04-07T16:39:18","slug":"contacto","status":"publish","type":"page","link":"https:\/\/ktechproduccion.net\/meilan\/contacto\/","title":{"rendered":"Contacto"},"content":{"rendered":"\t\t<div data-elementor-type=\"wp-page\" data-elementor-id=\"25\" class=\"elementor elementor-25\" data-elementor-post-type=\"page\">\n\t\t\t\t<div class=\"elementor-element elementor-element-e8fbd4e e-flex e-con-boxed e-con e-parent\" data-id=\"e8fbd4e\" data-element_type=\"container\" data-e-type=\"container\" data-settings=\"{&quot;background_background&quot;:&quot;classic&quot;}\">\n\t\t\t\t\t<div class=\"e-con-inner\">\n\t\t\t\t<div class=\"elementor-element elementor-element-eb1ec73 elementor-invisible elementor-widget elementor-widget-heading\" data-id=\"eb1ec73\" data-element_type=\"widget\" data-e-type=\"widget\" data-settings=\"{&quot;_animation&quot;:&quot;fadeInUp&quot;}\" data-widget_type=\"heading.default\">\n\t\t\t\t\t<h1 class=\"elementor-heading-title elementor-size-default\">Contacto<\/h1>\t\t\t\t<\/div>\n\t\t\t\t\t<\/div>\n\t\t\t\t<\/div>\n\t\t<div class=\"elementor-element elementor-element-836242b e-flex e-con-boxed e-con e-parent\" data-id=\"836242b\" data-element_type=\"container\" data-e-type=\"container\">\n\t\t\t\t\t<div class=\"e-con-inner\">\n\t\t<div class=\"elementor-element elementor-element-23e8f99 e-con-full e-flex e-con e-child\" data-id=\"23e8f99\" data-element_type=\"container\" data-e-type=\"container\" data-settings=\"{&quot;background_background&quot;:&quot;classic&quot;}\">\n\t\t<div class=\"elementor-element elementor-element-746fb40 e-con-full e-flex e-con e-child\" data-id=\"746fb40\" data-element_type=\"container\" data-e-type=\"container\">\n\t\t<div class=\"elementor-element elementor-element-030f803 e-con-full e-flex e-con e-child\" data-id=\"030f803\" data-element_type=\"container\" data-e-type=\"container\">\n\t\t\t\t<div class=\"elementor-element elementor-element-5862893 elementor-widget elementor-widget-image\" data-id=\"5862893\" data-element_type=\"widget\" data-e-type=\"widget\" data-widget_type=\"image.default\">\n\t\t\t\t\t\t\t\t\t\t\t\t\t\t\t<img decoding=\"async\" src=\"https:\/\/ktechproduccion.net\/meilan\/wp-content\/uploads\/2026\/03\/icon-contact-phone.svg\" class=\"attachment-full size-full wp-image-342\" alt=\"\" \/>\t\t\t\t\t\t\t\t\t\t\t\t\t\t\t<\/div>\n\t\t\t\t<\/div>\n\t\t<div class=\"elementor-element elementor-element-b32b01c e-con-full e-flex e-con e-child\" data-id=\"b32b01c\" data-element_type=\"container\" data-e-type=\"container\">\n\t\t\t\t<div class=\"elementor-element elementor-element-14f62c0 elementor-widget elementor-widget-text-editor\" data-id=\"14f62c0\" data-element_type=\"widget\" data-e-type=\"widget\" data-widget_type=\"text-editor.default\">\n\t\t\t\t\t\t\t\t\t<p><a href=\"tel:18092863563\">+1 (809) 286-3563<\/a><\/p>\t\t\t\t\t\t\t\t<\/div>\n\t\t\t\t<div class=\"elementor-element elementor-element-f20715a elementor-widget elementor-widget-text-editor\" data-id=\"f20715a\" data-element_type=\"widget\" data-e-type=\"widget\" data-widget_type=\"text-editor.default\">\n\t\t\t\t\t\t\t\t\t<p>Recepci\u00f3n: Ext. 200<br \/>Direcci\u00f3n General: Ext. 210<br \/>Direcci\u00f3n de Operaciones: Ext. 204<br \/>Compras: Ext. 203<br \/>Departamento de Cobros: Ext. 202<br \/>Departamento de Contabilidad: Ext. 201<br \/>Gerencia de Proyectos: Ext. 214<\/p>\t\t\t\t\t\t\t\t<\/div>\n\t\t\t\t<\/div>\n\t\t\t\t<\/div>\n\t\t<div class=\"elementor-element elementor-element-c20742c e-con-full e-flex e-con e-child\" data-id=\"c20742c\" data-element_type=\"container\" data-e-type=\"container\">\n\t\t<div class=\"elementor-element elementor-element-6bc7f05 e-con-full e-flex e-con e-child\" data-id=\"6bc7f05\" data-element_type=\"container\" data-e-type=\"container\">\n\t\t\t\t<div class=\"elementor-element elementor-element-77d1cee elementor-widget elementor-widget-image\" data-id=\"77d1cee\" data-element_type=\"widget\" data-e-type=\"widget\" data-widget_type=\"image.default\">\n\t\t\t\t\t\t\t\t\t\t\t\t\t\t\t<img decoding=\"async\" src=\"https:\/\/ktechproduccion.net\/meilan\/wp-content\/uploads\/2026\/03\/icon-contact-address.svg\" class=\"attachment-full size-full wp-image-383\" alt=\"\" \/>\t\t\t\t\t\t\t\t\t\t\t\t\t\t\t<\/div>\n\t\t\t\t<\/div>\n\t\t<div class=\"elementor-element elementor-element-2bd594c e-con-full e-flex e-con e-child\" data-id=\"2bd594c\" data-element_type=\"container\" data-e-type=\"container\">\n\t\t\t\t<div class=\"elementor-element elementor-element-da29dae elementor-widget__width-initial elementor-widget-tablet__width-initial elementor-widget-mobile__width-inherit elementor-widget elementor-widget-text-editor\" data-id=\"da29dae\" data-element_type=\"widget\" data-e-type=\"widget\" data-widget_type=\"text-editor.default\">\n\t\t\t\t\t\t\t\t\t<p>Ave. Juan Pablo Duarte, Plaza Bella Terra, 3er Nivel, Local C66, Santiago.<\/p>\t\t\t\t\t\t\t\t<\/div>\n\t\t\t\t<\/div>\n\t\t\t\t<\/div>\n\t\t<div class=\"elementor-element elementor-element-84e94b6 e-con-full e-flex e-con e-child\" data-id=\"84e94b6\" data-element_type=\"container\" data-e-type=\"container\">\n\t\t<div class=\"elementor-element elementor-element-5e7fc8f e-con-full e-flex e-con e-child\" data-id=\"5e7fc8f\" data-element_type=\"container\" data-e-type=\"container\">\n\t\t\t\t<div class=\"elementor-element elementor-element-2691710 elementor-widget elementor-widget-image\" data-id=\"2691710\" data-element_type=\"widget\" data-e-type=\"widget\" data-widget_type=\"image.default\">\n\t\t\t\t\t\t\t\t\t\t\t\t\t\t\t<img decoding=\"async\" src=\"https:\/\/ktechproduccion.net\/meilan\/wp-content\/uploads\/2026\/03\/icon-contact-email.svg\" class=\"attachment-full size-full wp-image-384\" alt=\"\" \/>\t\t\t\t\t\t\t\t\t\t\t\t\t\t\t<\/div>\n\t\t\t\t<\/div>\n\t\t<div class=\"elementor-element elementor-element-414e773 e-con-full e-flex e-con e-child\" data-id=\"414e773\" data-element_type=\"container\" data-e-type=\"container\">\n\t\t\t\t<div class=\"elementor-element elementor-element-45bd002 elementor-widget elementor-widget-text-editor\" data-id=\"45bd002\" data-element_type=\"widget\" data-e-type=\"widget\" data-widget_type=\"text-editor.default\">\n\t\t\t\t\t\t\t\t\t<p><a href=\"mailto:info@meilanservices.com\">info@meilanservices.com<\/a><br \/><a href=\"mailto:ventas@meilanservices.com\">ventas@meilanservices.com<\/a><\/p>\t\t\t\t\t\t\t\t<\/div>\n\t\t\t\t<\/div>\n\t\t\t\t<\/div>\n\t\t<div class=\"elementor-element elementor-element-bd77a32 e-con-full e-flex e-con e-child\" data-id=\"bd77a32\" data-element_type=\"container\" data-e-type=\"container\">\n\t\t<div class=\"elementor-element elementor-element-fdd84f3 e-con-full e-flex e-con e-child\" data-id=\"fdd84f3\" data-element_type=\"container\" data-e-type=\"container\">\n\t\t\t\t<div class=\"elementor-element elementor-element-fff5751 elementor-widget elementor-widget-image\" data-id=\"fff5751\" data-element_type=\"widget\" data-e-type=\"widget\" data-widget_type=\"image.default\">\n\t\t\t\t\t\t\t\t\t\t\t\t\t\t\t<img decoding=\"async\" src=\"https:\/\/ktechproduccion.net\/meilan\/wp-content\/uploads\/2026\/03\/icon-contact-schedule.svg\" class=\"attachment-full size-full wp-image-385\" alt=\"\" \/>\t\t\t\t\t\t\t\t\t\t\t\t\t\t\t<\/div>\n\t\t\t\t<\/div>\n\t\t<div class=\"elementor-element elementor-element-cff7f44 e-con-full e-flex e-con e-child\" data-id=\"cff7f44\" data-element_type=\"container\" data-e-type=\"container\">\n\t\t\t\t<div class=\"elementor-element elementor-element-87b7a2a elementor-widget elementor-widget-text-editor\" data-id=\"87b7a2a\" data-element_type=\"widget\" data-e-type=\"widget\" data-widget_type=\"text-editor.default\">\n\t\t\t\t\t\t\t\t\t<p>L-V: 8am \u2013 5pm<br \/>Sab: 8am-12pm<\/p>\t\t\t\t\t\t\t\t<\/div>\n\t\t\t\t<\/div>\n\t\t\t\t<\/div>\n\t\t\t\t<\/div>\n\t\t<div class=\"elementor-element elementor-element-807b953 e-con-full e-flex e-con e-child\" data-id=\"807b953\" data-element_type=\"container\" data-e-type=\"container\" data-settings=\"{&quot;background_background&quot;:&quot;classic&quot;}\">\n\t\t<div class=\"elementor-element elementor-element-19aed3b e-flex e-con-boxed e-con e-child\" data-id=\"19aed3b\" data-element_type=\"container\" data-e-type=\"container\">\n\t\t\t\t\t<div class=\"e-con-inner\">\n\t\t<div class=\"elementor-element elementor-element-1cf4156 e-con-full e-flex e-con e-child\" data-id=\"1cf4156\" data-element_type=\"container\" data-e-type=\"container\">\n\t\t\t\t<div class=\"elementor-element elementor-element-2c5ad6c elementor-widget elementor-widget-heading\" data-id=\"2c5ad6c\" data-element_type=\"widget\" data-e-type=\"widget\" data-widget_type=\"heading.default\">\n\t\t\t\t\t<h2 class=\"elementor-heading-title elementor-size-default\">Formulario de Contacto<\/h2>\t\t\t\t<\/div>\n\t\t\t\t<div class=\"elementor-element elementor-element-bb35005 elementor-widget elementor-widget-text-editor\" data-id=\"bb35005\" data-element_type=\"widget\" data-e-type=\"widget\" data-widget_type=\"text-editor.default\">\n\t\t\t\t\t\t\t\t\t<p>Estamos aqu\u00ed para ayudarte. Si tienes preguntas, comentarios o necesitas m\u00e1s informaci\u00f3n sobre nuestros servicios no dudes en ponerte en contacto con nosotros.<\/p>\t\t\t\t\t\t\t\t<\/div>\n\t\t\t\t<\/div>\n\t\t<div class=\"elementor-element elementor-element-01fa6ea e-con-full e-flex e-con e-child\" data-id=\"01fa6ea\" data-element_type=\"container\" data-e-type=\"container\">\n\t\t\t\t<div class=\"elementor-element elementor-element-a3dca6d elementor-button-align-start elementor-widget elementor-widget-form\" data-id=\"a3dca6d\" data-element_type=\"widget\" data-e-type=\"widget\" data-settings=\"{&quot;step_next_label&quot;:&quot;Next&quot;,&quot;step_previous_label&quot;:&quot;Previous&quot;,&quot;button_width&quot;:&quot;50&quot;,&quot;step_type&quot;:&quot;number_text&quot;,&quot;step_icon_shape&quot;:&quot;circle&quot;}\" data-widget_type=\"form.default\">\n\t\t\t\t\t\t\t<form class=\"elementor-form\" method=\"post\" id=\"contacto_form\" name=\"Contacto\" aria-label=\"Contacto\">\n\t\t\t<input type=\"hidden\" name=\"post_id\" value=\"25\"\/>\n\t\t\t<input type=\"hidden\" name=\"form_id\" value=\"a3dca6d\"\/>\n\t\t\t<input type=\"hidden\" name=\"referer_title\" value=\"Contacto\" \/>\n\n\t\t\t\t\t\t\t<input type=\"hidden\" name=\"queried_id\" value=\"25\"\/>\n\t\t\t\n\t\t\t<div class=\"elementor-form-fields-wrapper elementor-labels-\">\n\t\t\t\t\t\t\t\t<div class=\"elementor-field-type-text elementor-field-group elementor-column elementor-field-group-name elementor-col-50\">\n\t\t\t\t\t\t\t\t\t\t\t\t<label for=\"form-field-name\" class=\"elementor-field-label elementor-screen-only\">\n\t\t\t\t\t\t\t\tNombres y Apellido\t\t\t\t\t\t\t<\/label>\n\t\t\t\t\t\t\t\t\t\t\t\t\t\t<input size=\"1\" type=\"text\" name=\"form_fields[name]\" id=\"form-field-name\" class=\"elementor-field elementor-size-md  elementor-field-textual\" placeholder=\"Nombres y Apellido\">\n\t\t\t\t\t\t\t\t\t\t\t<\/div>\n\t\t\t\t\t\t\t\t<div class=\"elementor-field-type-email elementor-field-group elementor-column elementor-field-group-email elementor-col-50 elementor-field-required\">\n\t\t\t\t\t\t\t\t\t\t\t\t<label for=\"form-field-email\" class=\"elementor-field-label elementor-screen-only\">\n\t\t\t\t\t\t\t\tCorreo electr\u00f3nico\t\t\t\t\t\t\t<\/label>\n\t\t\t\t\t\t\t\t\t\t\t\t\t\t<input size=\"1\" type=\"email\" name=\"form_fields[email]\" id=\"form-field-email\" class=\"elementor-field elementor-size-md  elementor-field-textual\" placeholder=\"Correo electr\u00f3nico\" required=\"required\">\n\t\t\t\t\t\t\t\t\t\t\t<\/div>\n\t\t\t\t\t\t\t\t<div class=\"elementor-field-type-tel elementor-field-group elementor-column elementor-field-group-phone elementor-col-50 elementor-field-required\">\n\t\t\t\t\t\t\t\t\t\t\t\t<label for=\"form-field-phone\" class=\"elementor-field-label elementor-screen-only\">\n\t\t\t\t\t\t\t\tTel\u00e9fono \/ WhatsApp\t\t\t\t\t\t\t<\/label>\n\t\t\t\t\t\t\t\t<input size=\"1\" type=\"tel\" name=\"form_fields[phone]\" id=\"form-field-phone\" class=\"elementor-field elementor-size-md  elementor-field-textual\" placeholder=\"Tel\u00e9fono \/ WhatsApp\" required=\"required\" pattern=\"[0-9()#&amp;+*-=.]+\" title=\"Only numbers and phone characters (#, -, *, etc) are accepted.\">\n\n\t\t\t\t\t\t<\/div>\n\t\t\t\t\t\t\t\t<div class=\"elementor-field-type-select elementor-field-group elementor-column elementor-field-group-type elementor-col-50\">\n\t\t\t\t\t\t\t\t\t\t\t\t<label for=\"form-field-type\" class=\"elementor-field-label elementor-screen-only\">\n\t\t\t\t\t\t\t\tTipo de cliente\t\t\t\t\t\t\t<\/label>\n\t\t\t\t\t\t\t\t<div class=\"elementor-field elementor-select-wrapper remove-before \">\n\t\t\t<div class=\"select-caret-down-wrapper\">\n\t\t\t\t<svg aria-hidden=\"true\" class=\"e-font-icon-svg e-eicon-caret-down\" viewBox=\"0 0 571.4 571.4\" xmlns=\"http:\/\/www.w3.org\/2000\/svg\"><path d=\"M571 393Q571 407 561 418L311 668Q300 679 286 679T261 668L11 418Q0 407 0 393T11 368 36 357H536Q550 357 561 368T571 393Z\"><\/path><\/svg>\t\t\t<\/div>\n\t\t\t<select name=\"form_fields[type]\" id=\"form-field-type\" class=\"elementor-field-textual elementor-size-md\">\n\t\t\t\t\t\t\t\t\t<option value=\"Sin Seleccionar\">Tipo de cliente<\/option>\n\t\t\t\t\t\t\t\t\t<option value=\"Propietario\">Propietario<\/option>\n\t\t\t\t\t\t\t\t\t<option value=\"Inversionista\">Inversionista<\/option>\n\t\t\t\t\t\t\t\t\t<option value=\"Servicios\">Servicios<\/option>\n\t\t\t\t\t\t\t<\/select>\n\t\t<\/div>\n\t\t\t\t\t\t<\/div>\n\t\t\t\t\t\t\t\t<div class=\"elementor-field-type-textarea elementor-field-group elementor-column elementor-field-group-message elementor-col-100\">\n\t\t\t\t\t\t\t\t\t\t\t\t<label for=\"form-field-message\" class=\"elementor-field-label elementor-screen-only\">\n\t\t\t\t\t\t\t\t\u00bfC\u00f3mo podemos asistirte?\t\t\t\t\t\t\t<\/label>\n\t\t\t\t\t\t<textarea class=\"elementor-field-textual elementor-field  elementor-size-md\" name=\"form_fields[message]\" id=\"form-field-message\" rows=\"4\" placeholder=\"\u00bfC\u00f3mo podemos asistirte?\"><\/textarea>\t\t\t\t<\/div>\n\t\t\t\t\t\t\t\t<div class=\"elementor-field-group elementor-column elementor-field-type-submit elementor-col-50 e-form__buttons\">\n\t\t\t\t\t<button class=\"elementor-button elementor-size-md\" type=\"submit\">\n\t\t\t\t\t\t<span class=\"elementor-button-content-wrapper\">\n\t\t\t\t\t\t\t\t\t\t\t\t\t\t\t<span class=\"elementor-button-icon\">\n\t\t\t\t\t\t\t\t\t<svg xmlns=\"http:\/\/www.w3.org\/2000\/svg\" xmlns:xlink=\"http:\/\/www.w3.org\/1999\/xlink\" id=\"Untitled-P%E1gina%201\" viewBox=\"0 0 34 24\" style=\"background-color:#ffffff00\" xml:space=\"preserve\" x=\"0px\" y=\"0px\" width=\"34px\" height=\"24px\">\t<g>\t\t<path id=\"Ellipse\" d=\"M 11 12 C 11 5.9248 15.9248 1 22 1 C 28.0752 1 33 5.9248 33 12 C 33 18.0752 28.0752 23 22 23 C 15.9248 23 11 18.0752 11 12 Z\" stroke=\"#fd9757\" stroke-width=\"1\" fill=\"none\"><\/path>\t\t<g>\t\t\t<g>\t\t\t\t<path d=\"M 25.4626 12.0098 L 0.5361 12.0098 C 0.2395 12.0098 0 11.7808 0 11.4971 C 0 11.2139 0.2395 10.9854 0.5361 10.9854 L 24.1677 10.9854 L 20.9146 7.8755 C 20.7051 7.6753 20.7051 7.3501 20.9146 7.1499 C 21.124 6.9502 21.4639 6.9502 21.6733 7.1499 L 25.8428 11.1357 C 25.9971 11.2832 26.0422 11.502 25.9585 11.6943 C 25.8748 11.8848 25.6787 12.0098 25.4626 12.0098 L 25.4626 12.0098 Z\" fill=\"#fd904d\"><\/path>\t\t\t<\/g>\t\t\t<g>\t\t\t\t<path d=\"M 21.2881 16 C 21.1509 16 21.0134 15.9502 20.9097 15.8496 C 20.7002 15.6494 20.7002 15.3242 20.9097 15.124 L 25.084 11.1338 C 25.2935 10.9336 25.6335 10.9336 25.8428 11.1338 C 26.0522 11.334 26.0522 11.6592 25.8428 11.8594 L 21.6685 15.8496 C 21.563 15.9502 21.4253 16 21.2881 16 L 21.2881 16 Z\" fill=\"#fd904d\"><\/path>\t\t\t<\/g>\t\t<\/g>\t<\/g><\/svg>\t\t\t\t\t\t\t\t\t\t\t\t\t\t\t\t\t<\/span>\n\t\t\t\t\t\t\t\t\t\t\t\t\t\t\t\t\t\t\t\t\t\t<span class=\"elementor-button-text\">Enviar solicitud<\/span>\n\t\t\t\t\t\t\t\t\t\t\t\t\t<\/span>\n\t\t\t\t\t<\/button>\n\t\t\t\t<\/div>\n\t\t\t<\/div>\n\t\t<\/form>\n\t\t\t\t\t\t<\/div>\n\t\t\t\t<\/div>\n\t\t\t\t\t<\/div>\n\t\t\t\t<\/div>\n\t\t\t\t<\/div>\n\t\t\t\t\t<\/div>\n\t\t\t\t<\/div>\n\t\t\t\t<\/div>\n\t\t","protected":false},"excerpt":{"rendered":"<p>+1 (809) 286-3563 Recepci\u00f3n: Ext. 200Direcci\u00f3n General: Ext. 210Direcci\u00f3n de Operaciones: Ext. 204Compras: Ext. 203Departamento de Cobros: Ext. 202Departamento de Contabilidad: Ext. 201Gerencia de Proyectos: Ext. 214 Ave. Juan Pablo Duarte, Plaza Bella Terra, 3er Nivel, Local C66, Santiago. info@meilanservices.comventas@meilanservices.com L-V: 8am \u2013 5pmSab: 8am-12pm Formulario de Contacto Estamos aqu\u00ed para ayudarte. Si tienes preguntas, [&hellip;]<\/p>\n","protected":false},"author":1,"featured_media":0,"parent":0,"menu_order":0,"comment_status":"closed","ping_status":"closed","template":"elementor_header_footer","meta":{"_acf_changed":false,"rs_blank_template":"","rs_page_bg_color":"","slide_template_v7":"","footnotes":""},"class_list":["post-25","page","type-page","status-publish","hentry"],"acf":[],"_links":{"self":[{"href":"https:\/\/ktechproduccion.net\/meilan\/wp-json\/wp\/v2\/pages\/25","targetHints":{"allow":["GET"]}}],"collection":[{"href":"https:\/\/ktechproduccion.net\/meilan\/wp-json\/wp\/v2\/pages"}],"about":[{"href":"https:\/\/ktechproduccion.net\/meilan\/wp-json\/wp\/v2\/types\/page"}],"author":[{"embeddable":true,"href":"https:\/\/ktechproduccion.net\/meilan\/wp-json\/wp\/v2\/users\/1"}],"replies":[{"embeddable":true,"href":"https:\/\/ktechproduccion.net\/meilan\/wp-json\/wp\/v2\/comments?post=25"}],"version-history":[{"count":145,"href":"https:\/\/ktechproduccion.net\/meilan\/wp-json\/wp\/v2\/pages\/25\/revisions"}],"predecessor-version":[{"id":1015,"href":"https:\/\/ktechproduccion.net\/meilan\/wp-json\/wp\/v2\/pages\/25\/revisions\/1015"}],"wp:attachment":[{"href":"https:\/\/ktechproduccion.net\/meilan\/wp-json\/wp\/v2\/media?parent=25"}],"curies":[{"name":"wp","href":"https:\/\/api.w.org\/{rel}","templated":true}]}}