{"id":969,"date":"2026-04-07T18:09:01","date_gmt":"2026-04-07T16:09:01","guid":{"rendered":"https:\/\/ktechproduccion.net\/meilan\/?page_id=969"},"modified":"2026-04-07T18:17:38","modified_gmt":"2026-04-07T16:17:38","slug":"directiva","status":"publish","type":"page","link":"https:\/\/ktechproduccion.net\/meilan\/en\/directiva\/","title":{"rendered":"Directiva"},"content":{"rendered":"<div data-elementor-type=\"wp-page\" data-elementor-id=\"969\" class=\"elementor elementor-969\" data-elementor-post-type=\"page\">\n\t\t\t\t<div class=\"elementor-element elementor-element-9dfc117 e-flex e-con-boxed e-con e-parent\" data-id=\"9dfc117\" data-element_type=\"container\" data-e-type=\"container\" data-settings=\"{&quot;background_background&quot;:&quot;classic&quot;}\">\n\t\t\t\t\t<div class=\"e-con-inner\">\n\t\t\t\t<div class=\"elementor-element elementor-element-b84c4f9 elementor-invisible elementor-widget elementor-widget-heading\" data-id=\"b84c4f9\" data-element_type=\"widget\" data-e-type=\"widget\" data-settings=\"{&quot;_animation&quot;:&quot;fadeInUp&quot;}\" data-widget_type=\"heading.default\">\n\t\t\t\t\t<h1 class=\"elementor-heading-title elementor-size-default\">Directiva<\/h1>\t\t\t\t<\/div>\n\t\t\t\t\t<\/div>\n\t\t\t\t<\/div>\n\t\t<div class=\"elementor-element elementor-element-a65a8df e-flex e-con-boxed e-con e-parent\" data-id=\"a65a8df\" data-element_type=\"container\" data-e-type=\"container\">\n\t\t\t\t\t<div class=\"e-con-inner\">\n\t\t<div class=\"elementor-element elementor-element-199b223 e-con-full e-flex elementor-invisible e-con e-child\" data-id=\"199b223\" data-element_type=\"container\" data-e-type=\"container\" data-settings=\"{&quot;animation&quot;:&quot;fadeInUp&quot;}\">\n\t\t\t\t<div class=\"elementor-element elementor-element-e9ee78f elementor-widget elementor-widget-image\" data-id=\"e9ee78f\" data-element_type=\"widget\" data-e-type=\"widget\" data-widget_type=\"image.default\">\n\t\t\t\t\t\t\t\t\t\t\t\t\t\t\t<img decoding=\"async\" src=\"https:\/\/ktechproduccion.net\/meilan\/wp-content\/uploads\/2026\/02\/icon-submit-orange.svg\" class=\"attachment-full size-full wp-image-130\" alt=\"\" \/>\t\t\t\t\t\t\t\t\t\t\t\t\t\t\t<\/div>\n\t\t\t\t<div class=\"elementor-element elementor-element-032c4d7 elementor-widget elementor-widget-heading\" data-id=\"032c4d7\" data-element_type=\"widget\" data-e-type=\"widget\" data-widget_type=\"heading.default\">\n\t\t\t\t\t<h2 class=\"elementor-heading-title elementor-size-default\">Directiva<\/h2>\t\t\t\t<\/div>\n\t\t\t\t<\/div>\n\t\t\t\t<div class=\"elementor-element elementor-element-9617b2f elementor-invisible elementor-widget elementor-widget-text-editor\" data-id=\"9617b2f\" data-element_type=\"widget\" data-e-type=\"widget\" data-settings=\"{&quot;_animation&quot;:&quot;fadeInUp&quot;}\" data-widget_type=\"text-editor.default\">\n\t\t\t\t\t\t\t\t\t<p><strong>Together, we form a family committed to excellence and the well-being of your community.<\/strong>.<\/p>\t\t\t\t\t\t\t\t<\/div>\n\t\t<div class=\"elementor-element elementor-element-daf3275 e-con-full e-flex e-con e-child\" data-id=\"daf3275\" data-element_type=\"container\" data-e-type=\"container\">\n\t\t<div class=\"elementor-element elementor-element-8f5b685 e-con-full e-flex e-con e-child\" data-id=\"8f5b685\" data-element_type=\"container\" data-e-type=\"container\">\n\t\t\t\t<div class=\"elementor-element elementor-element-833a241 elementor-widget elementor-widget-image\" data-id=\"833a241\" data-element_type=\"widget\" data-e-type=\"widget\" data-widget_type=\"image.default\">\n\t\t\t\t\t\t\t\t\t\t\t\t\t\t\t<img fetchpriority=\"high\" decoding=\"async\" width=\"320\" height=\"400\" src=\"https:\/\/ktechproduccion.net\/meilan\/wp-content\/uploads\/2026\/04\/equipo-Saul-Polanco.webp\" class=\"attachment-full size-full wp-image-937\" alt=\"\" srcset=\"https:\/\/ktechproduccion.net\/meilan\/wp-content\/uploads\/2026\/04\/equipo-Saul-Polanco.webp 320w, https:\/\/ktechproduccion.net\/meilan\/wp-content\/uploads\/2026\/04\/equipo-Saul-Polanco-240x300.webp 240w, https:\/\/ktechproduccion.net\/meilan\/wp-content\/uploads\/2026\/04\/equipo-Saul-Polanco-10x12.webp 10w\" sizes=\"(max-width: 320px) 100vw, 320px\" \/>\t\t\t\t\t\t\t\t\t\t\t\t\t\t\t<\/div>\n\t\t\t\t<\/div>\n\t\t<div class=\"elementor-element elementor-element-509aad3 e-con-full e-flex e-con e-child\" data-id=\"509aad3\" data-element_type=\"container\" data-e-type=\"container\">\n\t\t\t\t<div class=\"elementor-element elementor-element-fd44785 elementor-widget elementor-widget-heading\" data-id=\"fd44785\" data-element_type=\"widget\" data-e-type=\"widget\" data-widget_type=\"heading.default\">\n\t\t\t\t\t<h2 class=\"elementor-heading-title elementor-size-default\">Lenin A. Meilan<\/h2>\t\t\t\t<\/div>\n\t\t\t\t<div class=\"elementor-element elementor-element-b9ebede elementor-widget elementor-widget-heading\" data-id=\"b9ebede\" data-element_type=\"widget\" data-e-type=\"widget\" data-widget_type=\"heading.default\">\n\t\t\t\t\t<h3 class=\"elementor-heading-title elementor-size-default\">Presidente <\/h3>\t\t\t\t<\/div>\n\t\t\t\t<div class=\"elementor-element elementor-element-da4073b elementor-widget elementor-widget-heading\" data-id=\"da4073b\" data-element_type=\"widget\" data-e-type=\"widget\" data-widget_type=\"heading.default\">\n\t\t\t\t\t<h3 class=\"elementor-heading-title elementor-size-default\"><a href=\"mailto:lmeilan@meilanservices.com\">lmeilan@meilanservices.com<\/a><\/h3>\t\t\t\t<\/div>\n\t\t\t\t<div class=\"elementor-element elementor-element-64ba228 elementor-widget elementor-widget-text-editor\" data-id=\"64ba228\" data-element_type=\"widget\" data-e-type=\"widget\" data-widget_type=\"text-editor.default\">\n\t\t\t\t\t\t\t\t\t<p>Licenciado en Derecho, con un m\u00e1ster en Administraci\u00f3n de Condominios Tur\u00edsticos. Cuenta con formaci\u00f3n especializada en el sector tur\u00edstico y en la gesti\u00f3n integral de condominios, lo que respalda su experiencia y liderazgo en el \u00e1rea.<\/p>\t\t\t\t\t\t\t\t<\/div>\n\t\t\t\t<\/div>\n\t\t\t\t<\/div>\n\t\t<div class=\"elementor-element elementor-element-1aef816 e-con-full e-flex e-con e-child\" data-id=\"1aef816\" data-element_type=\"container\" data-e-type=\"container\">\n\t\t<div class=\"elementor-element elementor-element-6e4c5c7 e-con-full e-flex e-con e-child\" data-id=\"6e4c5c7\" data-element_type=\"container\" data-e-type=\"container\">\n\t\t\t\t<div class=\"elementor-element elementor-element-0f6e665 elementor-widget elementor-widget-image\" data-id=\"0f6e665\" data-element_type=\"widget\" data-e-type=\"widget\" data-widget_type=\"image.default\">\n\t\t\t\t\t\t\t\t\t\t\t\t\t\t\t<img decoding=\"async\" width=\"320\" height=\"400\" src=\"https:\/\/ktechproduccion.net\/meilan\/wp-content\/uploads\/2026\/04\/equipo-Eduardo-E-Martinez.webp\" class=\"attachment-full size-full wp-image-938\" alt=\"\" srcset=\"https:\/\/ktechproduccion.net\/meilan\/wp-content\/uploads\/2026\/04\/equipo-Eduardo-E-Martinez.webp 320w, https:\/\/ktechproduccion.net\/meilan\/wp-content\/uploads\/2026\/04\/equipo-Eduardo-E-Martinez-240x300.webp 240w, https:\/\/ktechproduccion.net\/meilan\/wp-content\/uploads\/2026\/04\/equipo-Eduardo-E-Martinez-10x12.webp 10w\" sizes=\"(max-width: 320px) 100vw, 320px\" \/>\t\t\t\t\t\t\t\t\t\t\t\t\t\t\t<\/div>\n\t\t\t\t<\/div>\n\t\t<div class=\"elementor-element elementor-element-8b2753a e-con-full e-flex e-con e-child\" data-id=\"8b2753a\" data-element_type=\"container\" data-e-type=\"container\">\n\t\t\t\t<div class=\"elementor-element elementor-element-63fdde1 elementor-widget elementor-widget-heading\" data-id=\"63fdde1\" data-element_type=\"widget\" data-e-type=\"widget\" data-widget_type=\"heading.default\">\n\t\t\t\t\t<h2 class=\"elementor-heading-title elementor-size-default\">Eduardo E. Mart\u00ednez<\/h2>\t\t\t\t<\/div>\n\t\t\t\t<div class=\"elementor-element elementor-element-c56f51b elementor-widget elementor-widget-heading\" data-id=\"c56f51b\" data-element_type=\"widget\" data-e-type=\"widget\" data-widget_type=\"heading.default\">\n\t\t\t\t\t<h3 class=\"elementor-heading-title elementor-size-default\">Operations Director <\/h3>\t\t\t\t<\/div>\n\t\t\t\t<div class=\"elementor-element elementor-element-d0e9586 elementor-widget elementor-widget-heading\" data-id=\"d0e9586\" data-element_type=\"widget\" data-e-type=\"widget\" data-widget_type=\"heading.default\">\n\t\t\t\t\t<h3 class=\"elementor-heading-title elementor-size-default\"><a href=\"mailto:operaciones@meilanservices.com\">operaciones@meilanservices.com<\/a><\/h3>\t\t\t\t<\/div>\n\t\t\t\t<div class=\"elementor-element elementor-element-63dea70 elementor-widget elementor-widget-text-editor\" data-id=\"63dea70\" data-element_type=\"widget\" data-e-type=\"widget\" data-widget_type=\"text-editor.default\">\n\t\t\t\t\t\t\t\t\t<p>Licenciado en Derecho por la universidad autonoma de santo domingo y licenciado en Psicolog\u00eda por la universidad abierta para adultos, con m\u00e1s de siete a\u00f1os de experiencia en gesti\u00f3n operativa.<\/p><p>Con estudios especializados en derecho inmobiliario, as\u00ed como en planificaci\u00f3n, sistema integrado de gestion y desarrollo empresarial, lo que le permite aportar una visi\u00f3n integral y estrat\u00e9gica en cada proyecto en el que participa.<\/p>\t\t\t\t\t\t\t\t<\/div>\n\t\t\t\t<\/div>\n\t\t\t\t<\/div>\n\t\t<div class=\"elementor-element elementor-element-cdef6d6 e-con-full e-flex e-con e-child\" data-id=\"cdef6d6\" data-element_type=\"container\" data-e-type=\"container\">\n\t\t<div class=\"elementor-element elementor-element-5ce8660 e-con-full e-flex e-con e-child\" data-id=\"5ce8660\" data-element_type=\"container\" data-e-type=\"container\">\n\t\t\t\t<div class=\"elementor-element elementor-element-0116231 elementor-widget elementor-widget-image\" data-id=\"0116231\" data-element_type=\"widget\" data-e-type=\"widget\" data-widget_type=\"image.default\">\n\t\t\t\t\t\t\t\t\t\t\t\t\t\t\t<img decoding=\"async\" width=\"320\" height=\"400\" src=\"https:\/\/ktechproduccion.net\/meilan\/wp-content\/uploads\/2026\/04\/equipo-Lenin-Meilan.webp\" class=\"attachment-full size-full wp-image-939\" alt=\"\" srcset=\"https:\/\/ktechproduccion.net\/meilan\/wp-content\/uploads\/2026\/04\/equipo-Lenin-Meilan.webp 320w, https:\/\/ktechproduccion.net\/meilan\/wp-content\/uploads\/2026\/04\/equipo-Lenin-Meilan-240x300.webp 240w, https:\/\/ktechproduccion.net\/meilan\/wp-content\/uploads\/2026\/04\/equipo-Lenin-Meilan-10x12.webp 10w\" sizes=\"(max-width: 320px) 100vw, 320px\" \/>\t\t\t\t\t\t\t\t\t\t\t\t\t\t\t<\/div>\n\t\t\t\t<\/div>\n\t\t<div class=\"elementor-element elementor-element-1ae8571 e-con-full e-flex e-con e-child\" data-id=\"1ae8571\" data-element_type=\"container\" data-e-type=\"container\">\n\t\t\t\t<div class=\"elementor-element elementor-element-dc13fc9 elementor-widget elementor-widget-heading\" data-id=\"dc13fc9\" data-element_type=\"widget\" data-e-type=\"widget\" data-widget_type=\"heading.default\">\n\t\t\t\t\t<h2 class=\"elementor-heading-title elementor-size-default\">Sa\u00fal Polanco<\/h2>\t\t\t\t<\/div>\n\t\t\t\t<div class=\"elementor-element elementor-element-7c03f18 elementor-widget elementor-widget-heading\" data-id=\"7c03f18\" data-element_type=\"widget\" data-e-type=\"widget\" data-widget_type=\"heading.default\">\n\t\t\t\t\t<h3 class=\"elementor-heading-title elementor-size-default\">Project Manager <\/h3>\t\t\t\t<\/div>\n\t\t\t\t<div class=\"elementor-element elementor-element-a92029e elementor-widget elementor-widget-heading\" data-id=\"a92029e\" data-element_type=\"widget\" data-e-type=\"widget\" data-widget_type=\"heading.default\">\n\t\t\t\t\t<h3 class=\"elementor-heading-title elementor-size-default\"><a href=\"mailto:gerencia@meilanservices.com\">gerencia@meilanservices.com<\/a><\/h3>\t\t\t\t<\/div>\n\t\t\t\t<div class=\"elementor-element elementor-element-eda27f7 elementor-widget elementor-widget-text-editor\" data-id=\"eda27f7\" data-element_type=\"widget\" data-e-type=\"widget\" data-widget_type=\"text-editor.default\">\n\t\t\t\t\t\t\t\t\t<p>Licenciado en Contabilidad por la universidad tecnologica de santiago, licenciatura en administracion por la universidad abierta para adultos con diplomado en Gesti\u00f3n de Proyectos. Cuenta con amplia experiencia en log\u00edstica, compras, sistemas y despacho en sectores de importaci\u00f3n y ferreter\u00eda, destac\u00e1ndose en el control de inventarios y la negociaci\u00f3n con proveedores.<\/p><p>En Meilan Services ha evolucionado desde la supervisi\u00f3n de condominios hasta su rol actual como Gerente de Proyectos, donde lidera la planificaci\u00f3n, ejecuci\u00f3n y supervisi\u00f3n de operaciones, garantizando altos est\u00e1ndares de calidad.<\/p>\t\t\t\t\t\t\t\t<\/div>\n\t\t\t\t<\/div>\n\t\t\t\t<\/div>\n\t\t\t\t\t<\/div>\n\t\t\t\t<\/div>\n\t\t\t\t<\/div>","protected":false},"excerpt":{"rendered":"<p>Directiva Juntos formamos una familia comprometida con la excelencia y el bienestar de tu comunidad. Lenin A. Meilan Presidente lmeilan@meilanservices.com Licenciado en Derecho, con un m\u00e1ster en Administraci\u00f3n de Condominios Tur\u00edsticos. Cuenta con formaci\u00f3n especializada en el sector tur\u00edstico y en la gesti\u00f3n integral de condominios, lo que respalda su experiencia y liderazgo en el [&hellip;]<\/p>\n","protected":false},"author":1,"featured_media":0,"parent":0,"menu_order":0,"comment_status":"closed","ping_status":"closed","template":"elementor_header_footer","meta":{"_acf_changed":false,"rs_blank_template":"","rs_page_bg_color":"","slide_template_v7":"","footnotes":""},"class_list":["post-969","page","type-page","status-publish","hentry"],"acf":[],"_links":{"self":[{"href":"https:\/\/ktechproduccion.net\/meilan\/en\/wp-json\/wp\/v2\/pages\/969","targetHints":{"allow":["GET"]}}],"collection":[{"href":"https:\/\/ktechproduccion.net\/meilan\/en\/wp-json\/wp\/v2\/pages"}],"about":[{"href":"https:\/\/ktechproduccion.net\/meilan\/en\/wp-json\/wp\/v2\/types\/page"}],"author":[{"embeddable":true,"href":"https:\/\/ktechproduccion.net\/meilan\/en\/wp-json\/wp\/v2\/users\/1"}],"replies":[{"embeddable":true,"href":"https:\/\/ktechproduccion.net\/meilan\/en\/wp-json\/wp\/v2\/comments?post=969"}],"version-history":[{"count":10,"href":"https:\/\/ktechproduccion.net\/meilan\/en\/wp-json\/wp\/v2\/pages\/969\/revisions"}],"predecessor-version":[{"id":1001,"href":"https:\/\/ktechproduccion.net\/meilan\/en\/wp-json\/wp\/v2\/pages\/969\/revisions\/1001"}],"wp:attachment":[{"href":"https:\/\/ktechproduccion.net\/meilan\/en\/wp-json\/wp\/v2\/media?parent=969"}],"curies":[{"name":"wp","href":"https:\/\/api.w.org\/{rel}","templated":true}]}}