{"id":19,"date":"2026-02-19T17:01:41","date_gmt":"2026-02-19T16:01:41","guid":{"rendered":"https:\/\/ktechproduccion.net\/meilan\/?page_id=19"},"modified":"2026-03-03T16:07:15","modified_gmt":"2026-03-03T15:07:15","slug":"servicios","status":"publish","type":"page","link":"https:\/\/ktechproduccion.net\/meilan\/en\/servicios\/","title":{"rendered":"Services"},"content":{"rendered":"<div data-elementor-type=\"wp-page\" data-elementor-id=\"19\" class=\"elementor elementor-19\" data-elementor-post-type=\"page\">\n\t\t\t\t<div class=\"elementor-element elementor-element-00e4c31 e-flex e-con-boxed e-con e-parent\" data-id=\"00e4c31\" data-element_type=\"container\" data-e-type=\"container\" data-settings=\"{&quot;background_background&quot;:&quot;classic&quot;}\">\n\t\t\t\t\t<div class=\"e-con-inner\">\n\t\t\t\t<div class=\"elementor-element elementor-element-016d9b4 elementor-invisible elementor-widget elementor-widget-heading\" data-id=\"016d9b4\" data-element_type=\"widget\" data-e-type=\"widget\" data-settings=\"{&quot;_animation&quot;:&quot;fadeInUp&quot;}\" data-widget_type=\"heading.default\">\n\t\t\t\t\t<h1 class=\"elementor-heading-title elementor-size-default\">Services<\/h1>\t\t\t\t<\/div>\n\t\t\t\t\t<\/div>\n\t\t\t\t<\/div>\n\t\t<div class=\"elementor-element elementor-element-e2d6de5 e-flex e-con-boxed e-con e-parent\" data-id=\"e2d6de5\" data-element_type=\"container\" data-e-type=\"container\">\n\t\t\t\t\t<div class=\"e-con-inner\">\n\t\t\t\t<div class=\"elementor-element elementor-element-a8bf3c4 elementor-invisible elementor-widget elementor-widget-heading\" data-id=\"a8bf3c4\" data-element_type=\"widget\" data-e-type=\"widget\" data-settings=\"{&quot;_animation&quot;:&quot;fadeInUp&quot;}\" data-widget_type=\"heading.default\">\n\t\t\t\t\t<h2 class=\"elementor-heading-title elementor-size-default\">We specialize in the management of Condo Hotels, offering maximum transparency in our operations. <\/h2>\t\t\t\t<\/div>\n\t\t\t\t<div class=\"elementor-element elementor-element-f8acd28 elementor-invisible elementor-widget elementor-widget-text-editor\" data-id=\"f8acd28\" data-element_type=\"widget\" data-e-type=\"widget\" data-settings=\"{&quot;_animation&quot;:&quot;fadeInUp&quot;}\" data-widget_type=\"text-editor.default\">\n\t\t\t\t\t\t\t\t\tOur approach is based on adapting to our clients\u2019 needs, ensuring optimal management of finances, staff, and accounts.\t\t\t\t\t\t\t\t<\/div>\n\t\t\t\t\t<\/div>\n\t\t\t\t<\/div>\n\t\t<div class=\"elementor-element elementor-element-c45701f e-flex e-con-boxed e-con e-parent\" data-id=\"c45701f\" data-element_type=\"container\" data-e-type=\"container\" id=\"condominios\">\n\t\t\t\t\t<div class=\"e-con-inner\">\n\t\t<div class=\"elementor-element elementor-element-1c3f392 e-con-full e-flex e-con e-child\" data-id=\"1c3f392\" data-element_type=\"container\" data-e-type=\"container\">\n\t\t<div class=\"elementor-element elementor-element-79ce87c e-con-full e-flex elementor-invisible e-con e-child\" data-id=\"79ce87c\" data-element_type=\"container\" data-e-type=\"container\" data-settings=\"{&quot;animation&quot;:&quot;fadeInLeft&quot;}\">\n\t\t\t\t<div class=\"elementor-element elementor-element-8906345 elementor-widget__width-inherit elementor-invisible elementor-widget elementor-widget-text-editor\" data-id=\"8906345\" data-element_type=\"widget\" data-e-type=\"widget\" data-settings=\"{&quot;_animation&quot;:&quot;fadeInUp&quot;}\" data-widget_type=\"text-editor.default\">\n\t\t\t\t\t\t\t\t\t<h4 class=\"translation-block\">Tourist Condominium<br>Management<\/h4><p class=\"translation-block\"><strong>We manage Condo Hotels with the highest level of transparency<\/strong>. Our responsibilities include overseeing each departmental function that makes up the structure of a Condo Hotel. We adapt to our clients\u2019 needs, delivering outstanding results in:<\/p><p>\u203a Financial management<\/p><p>\u203a Staff management<\/p><p>\u203a Accounts receivable<\/p><p>\u203a Accounts payable<\/p>\t\t\t\t\t\t\t\t<\/div>\n\t\t\t\t<\/div>\n\t\t<div class=\"elementor-element elementor-element-89ada13 e-con-full e-flex elementor-invisible e-con e-child\" data-id=\"89ada13\" data-element_type=\"container\" data-e-type=\"container\" data-settings=\"{&quot;animation&quot;:&quot;fadeInRight&quot;}\">\n\t\t\t\t<div class=\"elementor-element elementor-element-8ee87ad elementor-widget elementor-widget-image\" data-id=\"8ee87ad\" data-element_type=\"widget\" data-e-type=\"widget\" data-widget_type=\"image.default\">\n\t\t\t\t\t\t\t\t\t\t\t\t\t\t\t<img fetchpriority=\"high\" decoding=\"async\" width=\"831\" height=\"494\" src=\"https:\/\/ktechproduccion.net\/meilan\/wp-content\/uploads\/2026\/03\/servicios-featured-01.webp\" class=\"attachment-full size-full wp-image-587\" alt=\"\" srcset=\"https:\/\/ktechproduccion.net\/meilan\/wp-content\/uploads\/2026\/03\/servicios-featured-01.webp 831w, https:\/\/ktechproduccion.net\/meilan\/wp-content\/uploads\/2026\/03\/servicios-featured-01-300x178.webp 300w, https:\/\/ktechproduccion.net\/meilan\/wp-content\/uploads\/2026\/03\/servicios-featured-01-768x457.webp 768w, https:\/\/ktechproduccion.net\/meilan\/wp-content\/uploads\/2026\/03\/servicios-featured-01-18x12.webp 18w\" sizes=\"(max-width: 831px) 100vw, 831px\" \/>\t\t\t\t\t\t\t\t\t\t\t\t\t\t\t<\/div>\n\t\t\t\t<\/div>\n\t\t\t\t<\/div>\n\t\t\t\t\t<\/div>\n\t\t\t\t<\/div>\n\t\t<div class=\"elementor-element elementor-element-aec7cab e-flex e-con-boxed e-con e-parent\" data-id=\"aec7cab\" data-element_type=\"container\" data-e-type=\"container\" id=\"finanzas\">\n\t\t\t\t\t<div class=\"e-con-inner\">\n\t\t<div class=\"elementor-element elementor-element-f8bda2b e-con-full e-flex e-con e-child\" data-id=\"f8bda2b\" data-element_type=\"container\" data-e-type=\"container\">\n\t\t<div class=\"elementor-element elementor-element-e46248d e-con-full e-flex elementor-invisible e-con e-child\" data-id=\"e46248d\" data-element_type=\"container\" data-e-type=\"container\" data-settings=\"{&quot;animation&quot;:&quot;fadeInLeft&quot;}\">\n\t\t\t\t<div class=\"elementor-element elementor-element-e3cf7df elementor-widget__width-inherit elementor-invisible elementor-widget elementor-widget-text-editor\" data-id=\"e3cf7df\" data-element_type=\"widget\" data-e-type=\"widget\" data-settings=\"{&quot;_animation&quot;:&quot;fadeInUp&quot;}\" data-widget_type=\"text-editor.default\">\n\t\t\t\t\t\t\t\t\t<h4>Financial Management<\/h4><p><strong>Our brand guarantees a department exclusively dedicated to finance.<\/strong>.<\/p><p>This allows us to efficiently handle tax matters, collections, and payments on a daily basis.<\/p><p>Our accounting professionals ensure the transparency that defines us and elevate the quality and efficiency of our services for the clients and developers who trust our brand.<\/p>\t\t\t\t\t\t\t\t<\/div>\n\t\t\t\t<\/div>\n\t\t<div class=\"elementor-element elementor-element-86038b1 e-con-full e-flex elementor-invisible e-con e-child\" data-id=\"86038b1\" data-element_type=\"container\" data-e-type=\"container\" data-settings=\"{&quot;animation&quot;:&quot;fadeInRight&quot;}\">\n\t\t\t\t<div class=\"elementor-element elementor-element-78ef423 elementor-widget elementor-widget-image\" data-id=\"78ef423\" data-element_type=\"widget\" data-e-type=\"widget\" data-widget_type=\"image.default\">\n\t\t\t\t\t\t\t\t\t\t\t\t\t\t\t<img decoding=\"async\" width=\"840\" height=\"500\" src=\"https:\/\/ktechproduccion.net\/meilan\/wp-content\/uploads\/2026\/03\/servicios-featured-02.webp\" class=\"attachment-full size-full wp-image-592\" alt=\"\" srcset=\"https:\/\/ktechproduccion.net\/meilan\/wp-content\/uploads\/2026\/03\/servicios-featured-02.webp 840w, https:\/\/ktechproduccion.net\/meilan\/wp-content\/uploads\/2026\/03\/servicios-featured-02-300x179.webp 300w, https:\/\/ktechproduccion.net\/meilan\/wp-content\/uploads\/2026\/03\/servicios-featured-02-768x457.webp 768w, https:\/\/ktechproduccion.net\/meilan\/wp-content\/uploads\/2026\/03\/servicios-featured-02-18x12.webp 18w\" sizes=\"(max-width: 840px) 100vw, 840px\" \/>\t\t\t\t\t\t\t\t\t\t\t\t\t\t\t<\/div>\n\t\t\t\t<\/div>\n\t\t\t\t<\/div>\n\t\t\t\t\t<\/div>\n\t\t\t\t<\/div>\n\t\t<div class=\"elementor-element elementor-element-e1e1e81 e-flex e-con-boxed e-con e-parent\" data-id=\"e1e1e81\" data-element_type=\"container\" data-e-type=\"container\">\n\t\t\t\t\t<div class=\"e-con-inner\">\n\t\t<div class=\"elementor-element elementor-element-9a33ad4 e-con-full e-flex e-con e-child\" data-id=\"9a33ad4\" data-element_type=\"container\" data-e-type=\"container\">\n\t\t<div class=\"elementor-element elementor-element-bc931df e-con-full e-flex elementor-invisible e-con e-child\" data-id=\"bc931df\" data-element_type=\"container\" data-e-type=\"container\" data-settings=\"{&quot;animation&quot;:&quot;fadeInLeft&quot;}\">\n\t\t\t\t<div class=\"elementor-element elementor-element-e92a414 elementor-widget__width-inherit elementor-invisible elementor-widget elementor-widget-text-editor\" data-id=\"e92a414\" data-element_type=\"widget\" data-e-type=\"widget\" data-settings=\"{&quot;_animation&quot;:&quot;fadeInUp&quot;}\" data-widget_type=\"text-editor.default\">\n\t\t\t\t\t\t\t\t\t<h4>Purchasing Department<\/h4><p class=\"translation-block\">We have a dedicated purchasing department responsible for <strong>managing all procurement with suppliers of products and services required by the project<\/strong>. This ensures maximum efficiency in purchasing, smooth operational performance, and stability in the project\u2019s daily operations.<\/p>\t\t\t\t\t\t\t\t<\/div>\n\t\t\t\t<\/div>\n\t\t<div class=\"elementor-element elementor-element-6650816 e-con-full e-flex elementor-invisible e-con e-child\" data-id=\"6650816\" data-element_type=\"container\" data-e-type=\"container\" data-settings=\"{&quot;animation&quot;:&quot;fadeInRight&quot;}\">\n\t\t\t\t<div class=\"elementor-element elementor-element-cf04dd2 elementor-widget elementor-widget-image\" data-id=\"cf04dd2\" data-element_type=\"widget\" data-e-type=\"widget\" data-widget_type=\"image.default\">\n\t\t\t\t\t\t\t\t\t\t\t\t\t\t\t<img decoding=\"async\" width=\"831\" height=\"494\" src=\"https:\/\/ktechproduccion.net\/meilan\/wp-content\/uploads\/2026\/03\/servicios-featured-03.webp\" class=\"attachment-full size-full wp-image-593\" alt=\"\" srcset=\"https:\/\/ktechproduccion.net\/meilan\/wp-content\/uploads\/2026\/03\/servicios-featured-03.webp 831w, https:\/\/ktechproduccion.net\/meilan\/wp-content\/uploads\/2026\/03\/servicios-featured-03-300x178.webp 300w, https:\/\/ktechproduccion.net\/meilan\/wp-content\/uploads\/2026\/03\/servicios-featured-03-768x457.webp 768w, https:\/\/ktechproduccion.net\/meilan\/wp-content\/uploads\/2026\/03\/servicios-featured-03-18x12.webp 18w\" sizes=\"(max-width: 831px) 100vw, 831px\" \/>\t\t\t\t\t\t\t\t\t\t\t\t\t\t\t<\/div>\n\t\t\t\t<\/div>\n\t\t\t\t<\/div>\n\t\t\t\t\t<\/div>\n\t\t\t\t<\/div>\n\t\t<div class=\"elementor-element elementor-element-811fd1c e-flex e-con-boxed e-con e-parent\" data-id=\"811fd1c\" data-element_type=\"container\" data-e-type=\"container\">\n\t\t\t\t\t<div class=\"e-con-inner\">\n\t\t<div class=\"elementor-element elementor-element-467b5d2 e-con-full e-flex e-con e-child\" data-id=\"467b5d2\" data-element_type=\"container\" data-e-type=\"container\">\n\t\t<div class=\"elementor-element elementor-element-12dc8e5 e-con-full e-flex elementor-invisible e-con e-child\" data-id=\"12dc8e5\" data-element_type=\"container\" data-e-type=\"container\" data-settings=\"{&quot;animation&quot;:&quot;fadeInLeft&quot;}\">\n\t\t\t\t<div class=\"elementor-element elementor-element-e11497a elementor-widget__width-inherit elementor-invisible elementor-widget elementor-widget-text-editor\" data-id=\"e11497a\" data-element_type=\"widget\" data-e-type=\"widget\" data-settings=\"{&quot;_animation&quot;:&quot;fadeInUp&quot;}\" data-widget_type=\"text-editor.default\">\n\t\t\t\t\t\t\t\t\t<h4>Private Security Management<\/h4><p><strong>The security of all our condominiums is essential in project management.<\/strong>.<\/p><p>For this reason, we work with a broad portfolio of professionally trained security providers to deliver the highest level of service to our clients.<\/p><p>Private security requires additional supervision from the management company. We have a team of supervisors who oversee, at a national level, continuous monitoring and daily improvement processes in every aspect of security.<\/p>\t\t\t\t\t\t\t\t<\/div>\n\t\t\t\t<\/div>\n\t\t<div class=\"elementor-element elementor-element-d560be0 e-con-full e-flex elementor-invisible e-con e-child\" data-id=\"d560be0\" data-element_type=\"container\" data-e-type=\"container\" data-settings=\"{&quot;animation&quot;:&quot;fadeInRight&quot;}\">\n\t\t\t\t<div class=\"elementor-element elementor-element-f765d61 elementor-widget elementor-widget-image\" data-id=\"f765d61\" data-element_type=\"widget\" data-e-type=\"widget\" data-widget_type=\"image.default\">\n\t\t\t\t\t\t\t\t\t\t\t\t\t\t\t<img loading=\"lazy\" decoding=\"async\" width=\"840\" height=\"500\" src=\"https:\/\/ktechproduccion.net\/meilan\/wp-content\/uploads\/2026\/03\/servicios-featured-04.webp\" class=\"attachment-full size-full wp-image-591\" alt=\"\" srcset=\"https:\/\/ktechproduccion.net\/meilan\/wp-content\/uploads\/2026\/03\/servicios-featured-04.webp 840w, https:\/\/ktechproduccion.net\/meilan\/wp-content\/uploads\/2026\/03\/servicios-featured-04-300x179.webp 300w, https:\/\/ktechproduccion.net\/meilan\/wp-content\/uploads\/2026\/03\/servicios-featured-04-768x457.webp 768w, https:\/\/ktechproduccion.net\/meilan\/wp-content\/uploads\/2026\/03\/servicios-featured-04-18x12.webp 18w\" sizes=\"(max-width: 840px) 100vw, 840px\" \/>\t\t\t\t\t\t\t\t\t\t\t\t\t\t\t<\/div>\n\t\t\t\t<\/div>\n\t\t\t\t<\/div>\n\t\t\t\t\t<\/div>\n\t\t\t\t<\/div>\n\t\t<div class=\"elementor-element elementor-element-383e005 e-flex e-con-boxed e-con e-parent\" data-id=\"383e005\" data-element_type=\"container\" data-e-type=\"container\">\n\t\t\t\t\t<div class=\"e-con-inner\">\n\t\t<div class=\"elementor-element elementor-element-334eaf4 e-con-full e-flex e-con e-child\" data-id=\"334eaf4\" data-element_type=\"container\" data-e-type=\"container\">\n\t\t<div class=\"elementor-element elementor-element-2a2a5ad e-con-full e-flex elementor-invisible e-con e-child\" data-id=\"2a2a5ad\" data-element_type=\"container\" data-e-type=\"container\" data-settings=\"{&quot;animation&quot;:&quot;fadeInLeft&quot;}\">\n\t\t\t\t<div class=\"elementor-element elementor-element-8a789d6 elementor-widget__width-inherit elementor-invisible elementor-widget elementor-widget-text-editor\" data-id=\"8a789d6\" data-element_type=\"widget\" data-e-type=\"widget\" data-settings=\"{&quot;_animation&quot;:&quot;fadeInUp&quot;}\" data-widget_type=\"text-editor.default\">\n\t\t\t\t\t\t\t\t\t<h4 class=\"translation-block\">Tourism Project Insurance<br>Management<\/h4><p class=\"translation-block\">Insurance management for hospitality sector projects\u2014<strong>especially those located on the coast\u2014must include specialized coverage<\/strong>. In the event of force majeure, such as a tornado or other natural disaster, this coverage ensures protection for all areas of the project and mitigates potential operational and functional risks.<\/p><p>This provides greater peace of mind and security for all our investors. Our operational management includes follow-up, coordination, reporting, and handling solutions for any incidents covered by the insurance provider.<\/p>\t\t\t\t\t\t\t\t<\/div>\n\t\t\t\t<\/div>\n\t\t<div class=\"elementor-element elementor-element-079826d e-con-full e-flex elementor-invisible e-con e-child\" data-id=\"079826d\" data-element_type=\"container\" data-e-type=\"container\" data-settings=\"{&quot;animation&quot;:&quot;fadeInRight&quot;}\">\n\t\t\t\t<div class=\"elementor-element elementor-element-68d2124 elementor-widget elementor-widget-image\" data-id=\"68d2124\" data-element_type=\"widget\" data-e-type=\"widget\" data-widget_type=\"image.default\">\n\t\t\t\t\t\t\t\t\t\t\t\t\t\t\t<img loading=\"lazy\" decoding=\"async\" width=\"831\" height=\"494\" src=\"https:\/\/ktechproduccion.net\/meilan\/wp-content\/uploads\/2026\/03\/servicios-featured-05.webp\" class=\"attachment-full size-full wp-image-589\" alt=\"\" srcset=\"https:\/\/ktechproduccion.net\/meilan\/wp-content\/uploads\/2026\/03\/servicios-featured-05.webp 831w, https:\/\/ktechproduccion.net\/meilan\/wp-content\/uploads\/2026\/03\/servicios-featured-05-300x178.webp 300w, https:\/\/ktechproduccion.net\/meilan\/wp-content\/uploads\/2026\/03\/servicios-featured-05-768x457.webp 768w, https:\/\/ktechproduccion.net\/meilan\/wp-content\/uploads\/2026\/03\/servicios-featured-05-18x12.webp 18w\" sizes=\"(max-width: 831px) 100vw, 831px\" \/>\t\t\t\t\t\t\t\t\t\t\t\t\t\t\t<\/div>\n\t\t\t\t<\/div>\n\t\t\t\t<\/div>\n\t\t\t\t\t<\/div>\n\t\t\t\t<\/div>\n\t\t<div class=\"elementor-element elementor-element-66a65eb e-flex e-con-boxed e-con e-parent\" data-id=\"66a65eb\" data-element_type=\"container\" data-e-type=\"container\" id=\"personal\">\n\t\t\t\t\t<div class=\"e-con-inner\">\n\t\t<div class=\"elementor-element elementor-element-b87c31b e-con-full e-flex e-con e-child\" data-id=\"b87c31b\" data-element_type=\"container\" data-e-type=\"container\">\n\t\t<div class=\"elementor-element elementor-element-0a7c14f e-con-full e-flex elementor-invisible e-con e-child\" data-id=\"0a7c14f\" data-element_type=\"container\" data-e-type=\"container\" data-settings=\"{&quot;animation&quot;:&quot;fadeInLeft&quot;}\">\n\t\t\t\t<div class=\"elementor-element elementor-element-3efc561 elementor-widget__width-inherit elementor-invisible elementor-widget elementor-widget-text-editor\" data-id=\"3efc561\" data-element_type=\"widget\" data-e-type=\"widget\" data-settings=\"{&quot;_animation&quot;:&quot;fadeInUp&quot;}\" data-widget_type=\"text-editor.default\">\n\t\t\t\t\t\t\t\t\t<h4 class=\"translation-block\">Staff Supervision<br>and Management<\/h4><p class=\"translation-block\"><strong>Supervision and attention to detail in every area of our projects are our priority<\/strong>. Through our management, we guarantee a high standard of quality in the supervision of areas, processes, and operations.<\/p><p>Expert professionals carry out our daily work across each departmental area of the projects we manage.<\/p>\t\t\t\t\t\t\t\t<\/div>\n\t\t\t\t<\/div>\n\t\t<div class=\"elementor-element elementor-element-771bb27 e-con-full e-flex elementor-invisible e-con e-child\" data-id=\"771bb27\" data-element_type=\"container\" data-e-type=\"container\" data-settings=\"{&quot;animation&quot;:&quot;fadeInRight&quot;}\">\n\t\t\t\t<div class=\"elementor-element elementor-element-d3db3ae elementor-widget elementor-widget-image\" data-id=\"d3db3ae\" data-element_type=\"widget\" data-e-type=\"widget\" data-widget_type=\"image.default\">\n\t\t\t\t\t\t\t\t\t\t\t\t\t\t\t<img loading=\"lazy\" decoding=\"async\" width=\"840\" height=\"500\" src=\"https:\/\/ktechproduccion.net\/meilan\/wp-content\/uploads\/2026\/03\/servicios-featured-06.webp\" class=\"attachment-full size-full wp-image-590\" alt=\"\" srcset=\"https:\/\/ktechproduccion.net\/meilan\/wp-content\/uploads\/2026\/03\/servicios-featured-06.webp 840w, https:\/\/ktechproduccion.net\/meilan\/wp-content\/uploads\/2026\/03\/servicios-featured-06-300x179.webp 300w, https:\/\/ktechproduccion.net\/meilan\/wp-content\/uploads\/2026\/03\/servicios-featured-06-768x457.webp 768w, https:\/\/ktechproduccion.net\/meilan\/wp-content\/uploads\/2026\/03\/servicios-featured-06-18x12.webp 18w\" sizes=\"(max-width: 840px) 100vw, 840px\" \/>\t\t\t\t\t\t\t\t\t\t\t\t\t\t\t<\/div>\n\t\t\t\t<\/div>\n\t\t\t\t<\/div>\n\t\t\t\t\t<\/div>\n\t\t\t\t<\/div>\n\t\t<div class=\"elementor-element elementor-element-4eece53 e-flex e-con-boxed e-con e-parent\" data-id=\"4eece53\" data-element_type=\"container\" data-e-type=\"container\">\n\t\t\t\t\t<div class=\"e-con-inner\">\n\t\t<div class=\"elementor-element elementor-element-7356ae6 e-con-full e-flex e-con e-child\" data-id=\"7356ae6\" data-element_type=\"container\" data-e-type=\"container\">\n\t\t<div class=\"elementor-element elementor-element-8f018b5 e-con-full e-flex elementor-invisible e-con e-child\" data-id=\"8f018b5\" data-element_type=\"container\" data-e-type=\"container\" data-settings=\"{&quot;animation&quot;:&quot;fadeInLeft&quot;}\">\n\t\t\t\t<div class=\"elementor-element elementor-element-014155f elementor-widget__width-inherit elementor-invisible elementor-widget elementor-widget-text-editor\" data-id=\"014155f\" data-element_type=\"widget\" data-e-type=\"widget\" data-settings=\"{&quot;_animation&quot;:&quot;fadeInUp&quot;}\" data-widget_type=\"text-editor.default\">\n\t\t\t\t\t\t\t\t\t<h4>Human Resources Management<\/h4><p><strong>The care and direct attention given to every member of our projects are of vital importance.<\/strong>.<\/p><p>Our brand guarantees a dedicated Human Resources department that provides follow-up and handles any legal or labor-related matters, ensuring the well-being of our investor partners and maintaining fair management practices for all team members involved in our projects.<\/p>\t\t\t\t\t\t\t\t<\/div>\n\t\t\t\t<\/div>\n\t\t<div class=\"elementor-element elementor-element-7288b80 e-con-full e-flex elementor-invisible e-con e-child\" data-id=\"7288b80\" data-element_type=\"container\" data-e-type=\"container\" data-settings=\"{&quot;animation&quot;:&quot;fadeInRight&quot;}\">\n\t\t\t\t<div class=\"elementor-element elementor-element-d1fae73 elementor-widget elementor-widget-image\" data-id=\"d1fae73\" data-element_type=\"widget\" data-e-type=\"widget\" data-widget_type=\"image.default\">\n\t\t\t\t\t\t\t\t\t\t\t\t\t\t\t<img loading=\"lazy\" decoding=\"async\" width=\"831\" height=\"494\" src=\"https:\/\/ktechproduccion.net\/meilan\/wp-content\/uploads\/2026\/03\/servicios-featured-07.webp\" class=\"attachment-full size-full wp-image-588\" alt=\"\" srcset=\"https:\/\/ktechproduccion.net\/meilan\/wp-content\/uploads\/2026\/03\/servicios-featured-07.webp 831w, https:\/\/ktechproduccion.net\/meilan\/wp-content\/uploads\/2026\/03\/servicios-featured-07-300x178.webp 300w, https:\/\/ktechproduccion.net\/meilan\/wp-content\/uploads\/2026\/03\/servicios-featured-07-768x457.webp 768w, https:\/\/ktechproduccion.net\/meilan\/wp-content\/uploads\/2026\/03\/servicios-featured-07-18x12.webp 18w\" sizes=\"(max-width: 831px) 100vw, 831px\" \/>\t\t\t\t\t\t\t\t\t\t\t\t\t\t\t<\/div>\n\t\t\t\t<\/div>\n\t\t\t\t<\/div>\n\t\t\t\t\t<\/div>\n\t\t\t\t<\/div>\n\t\t<div class=\"elementor-element elementor-element-6c1427a e-flex e-con-boxed e-con e-parent\" data-id=\"6c1427a\" data-element_type=\"container\" data-e-type=\"container\">\n\t\t\t\t\t<div class=\"e-con-inner\">\n\t\t\t\t\t<\/div>\n\t\t\t\t<\/div>\n\t\t\t\t<\/div>","protected":false},"excerpt":{"rendered":"<p>Nos especializamos en el manejo de Condo Hoteles, ofreciendo la m\u00e1xima transparencia en nuestras operaciones. Nuestro enfoque se basa en la adaptabilidad a las necesidades de nuestros clientes, asegurando una gesti\u00f3n \u00f3ptima de finanzas, personal y cuentas. Administraci\u00f3n de CondominiosTur\u00edsticos Manejo de condo Hoteles, con la mayor transparencia posible, nuestras funciones van desde velar por [&hellip;]<\/p>\n","protected":false},"author":1,"featured_media":0,"parent":0,"menu_order":0,"comment_status":"closed","ping_status":"closed","template":"elementor_header_footer","meta":{"_acf_changed":false,"rs_blank_template":"","rs_page_bg_color":"","slide_template_v7":"","footnotes":""},"class_list":["post-19","page","type-page","status-publish","hentry"],"acf":[],"_links":{"self":[{"href":"https:\/\/ktechproduccion.net\/meilan\/en\/wp-json\/wp\/v2\/pages\/19","targetHints":{"allow":["GET"]}}],"collection":[{"href":"https:\/\/ktechproduccion.net\/meilan\/en\/wp-json\/wp\/v2\/pages"}],"about":[{"href":"https:\/\/ktechproduccion.net\/meilan\/en\/wp-json\/wp\/v2\/types\/page"}],"author":[{"embeddable":true,"href":"https:\/\/ktechproduccion.net\/meilan\/en\/wp-json\/wp\/v2\/users\/1"}],"replies":[{"embeddable":true,"href":"https:\/\/ktechproduccion.net\/meilan\/en\/wp-json\/wp\/v2\/comments?post=19"}],"version-history":[{"count":64,"href":"https:\/\/ktechproduccion.net\/meilan\/en\/wp-json\/wp\/v2\/pages\/19\/revisions"}],"predecessor-version":[{"id":671,"href":"https:\/\/ktechproduccion.net\/meilan\/en\/wp-json\/wp\/v2\/pages\/19\/revisions\/671"}],"wp:attachment":[{"href":"https:\/\/ktechproduccion.net\/meilan\/en\/wp-json\/wp\/v2\/media?parent=19"}],"curies":[{"name":"wp","href":"https:\/\/api.w.org\/{rel}","templated":true}]}}