{"id":439,"date":"2025-07-03T18:17:00","date_gmt":"2025-07-03T16:17:00","guid":{"rendered":"https:\/\/ktechproduccion.net\/mateo\/?page_id=439"},"modified":"2025-12-26T17:46:53","modified_gmt":"2025-12-26T16:46:53","slug":"historia-de-la-firma","status":"publish","type":"page","link":"https:\/\/ktechproduccion.net\/mateo\/historia-de-la-firma\/","title":{"rendered":"Historia de la Firma"},"content":{"rendered":"\t\t<div data-elementor-type=\"wp-page\" data-elementor-id=\"439\" class=\"elementor elementor-439\" data-elementor-post-type=\"page\">\n\t\t\t\t<div class=\"elementor-element elementor-element-ab212dd e-flex e-con-boxed e-con e-parent\" data-id=\"ab212dd\" data-element_type=\"container\" data-settings=\"{&quot;background_background&quot;:&quot;classic&quot;}\">\n\t\t\t\t\t<div class=\"e-con-inner\">\n\t\t\t\t<div class=\"elementor-element elementor-element-67583de elementor-widget elementor-widget-heading\" data-id=\"67583de\" data-element_type=\"widget\" data-widget_type=\"heading.default\">\n\t\t\t\t<div class=\"elementor-widget-container\">\n\t\t\t\t\t<h1 class=\"elementor-heading-title elementor-size-default\">Historia de la Firma<\/h1>\t\t\t\t<\/div>\n\t\t\t\t<\/div>\n\t\t\t\t\t<\/div>\n\t\t\t\t<\/div>\n\t\t<div class=\"elementor-element elementor-element-da04701 e-flex e-con-boxed e-con e-parent\" data-id=\"da04701\" data-element_type=\"container\">\n\t\t\t\t\t<div class=\"e-con-inner\">\n\t\t\t\t<div class=\"elementor-element elementor-element-9b6c037 elementor-widget elementor-widget-heading\" data-id=\"9b6c037\" data-element_type=\"widget\" data-widget_type=\"heading.default\">\n\t\t\t\t<div class=\"elementor-widget-container\">\n\t\t\t\t\t<h2 class=\"elementor-heading-title elementor-size-default\">Mateo &amp; Santiago fue fundada en el a\u00f1o 2021,<\/h2>\t\t\t\t<\/div>\n\t\t\t\t<\/div>\n\t\t\t\t<div class=\"elementor-element elementor-element-c4bb8b0 elementor-widget elementor-widget-text-editor\" data-id=\"c4bb8b0\" data-element_type=\"widget\" data-widget_type=\"text-editor.default\">\n\t\t\t\t<div class=\"elementor-widget-container\">\n\t\t\t\t\t\t\t\t\t<p>con la misi\u00f3n de brindar servicios legales especializados al sector financiero y empresarial. Desde su origen, la firma ha crecido sobre pilares de \u00e9tica, eficiencia y excelencia profesional. Hemos consolidado una reputaci\u00f3n s\u00f3lida al representar a bancos, entidades no financieras,<br \/>empresas emergentes y grandes corporaciones, ofreciendo soluciones innovadoras y estrategias jur\u00eddicas de alto valor.<\/p><p>Con una experiencia combinada de m\u00e1s de 20 a\u00f1os, nuestros abogados combinan conocimientos t\u00e9cnicos con un profundo entendimiento de las din\u00e1micas de inversi\u00f3n, negocios y cumplimiento normativo en Rep\u00fablica Dominicana. La firma est\u00e1 estructurada para responder con agilidad a los desaf\u00edos de cada cliente, sin perder de vista la atenci\u00f3n cercana y el compromiso con los resultados.<\/p>\t\t\t\t\t\t\t\t<\/div>\n\t\t\t\t<\/div>\n\t\t<div class=\"elementor-element elementor-element-1a6a2fc e-con-full e-flex e-con e-child\" data-id=\"1a6a2fc\" data-element_type=\"container\">\n\t\t<div class=\"elementor-element elementor-element-b2c59b9 e-con-full e-flex e-con e-child\" data-id=\"b2c59b9\" data-element_type=\"container\">\n\t\t\t\t<div class=\"elementor-element elementor-element-cdb062b elementor-widget elementor-widget-heading\" data-id=\"cdb062b\" data-element_type=\"widget\" data-widget_type=\"heading.default\">\n\t\t\t\t<div class=\"elementor-widget-container\">\n\t\t\t\t\t<h3 class=\"elementor-heading-title elementor-size-default\">Misi\u00f3n<\/h3>\t\t\t\t<\/div>\n\t\t\t\t<\/div>\n\t\t\t\t<div class=\"elementor-element elementor-element-4e8deac elementor-widget elementor-widget-text-editor\" data-id=\"4e8deac\" data-element_type=\"widget\" data-widget_type=\"text-editor.default\">\n\t\t\t\t<div class=\"elementor-widget-container\">\n\t\t\t\t\t\t\t\t\tBrindar soluciones legales estrat\u00e9gicas, confiables y eficientes a empresas e instituciones del sector financiero y comercial, con un enfoque personalizado y orientado a resultados.\t\t\t\t\t\t\t\t<\/div>\n\t\t\t\t<\/div>\n\t\t\t\t<\/div>\n\t\t<div class=\"elementor-element elementor-element-0feb1d0 e-con-full e-flex e-con e-child\" data-id=\"0feb1d0\" data-element_type=\"container\">\n\t\t\t\t<div class=\"elementor-element elementor-element-86d6ed1 elementor-widget elementor-widget-heading\" data-id=\"86d6ed1\" data-element_type=\"widget\" data-widget_type=\"heading.default\">\n\t\t\t\t<div class=\"elementor-widget-container\">\n\t\t\t\t\t<h3 class=\"elementor-heading-title elementor-size-default\">Visi\u00f3n<\/h3>\t\t\t\t<\/div>\n\t\t\t\t<\/div>\n\t\t\t\t<div class=\"elementor-element elementor-element-0870f50 elementor-widget elementor-widget-text-editor\" data-id=\"0870f50\" data-element_type=\"widget\" data-widget_type=\"text-editor.default\">\n\t\t\t\t<div class=\"elementor-widget-container\">\n\t\t\t\t\t\t\t\t\tSer la firma legal de referencia en la Rep\u00fablica Dominicana para el sector empresarial, reconocida por su excelencia \u00e9tica, su capacidad t\u00e9cnica y su enfoque innovador en la pr\u00e1ctica del derecho.\t\t\t\t\t\t\t\t<\/div>\n\t\t\t\t<\/div>\n\t\t\t\t<\/div>\n\t\t<div class=\"elementor-element elementor-element-18c98e0 e-con-full e-flex e-con e-child\" data-id=\"18c98e0\" data-element_type=\"container\">\n\t\t\t\t<div class=\"elementor-element elementor-element-1856222 elementor-widget elementor-widget-heading\" data-id=\"1856222\" data-element_type=\"widget\" data-widget_type=\"heading.default\">\n\t\t\t\t<div class=\"elementor-widget-container\">\n\t\t\t\t\t<h3 class=\"elementor-heading-title elementor-size-default\">Valores<\/h3>\t\t\t\t<\/div>\n\t\t\t\t<\/div>\n\t\t\t\t<div class=\"elementor-element elementor-element-9fa7ed3 elementor-widget elementor-widget-text-editor\" data-id=\"9fa7ed3\" data-element_type=\"widget\" data-widget_type=\"text-editor.default\">\n\t\t\t\t<div class=\"elementor-widget-container\">\n\t\t\t\t\t\t\t\t\t<p>\u00c9tica profesional<br \/>Compromiso con el cliente<br \/>Responsabilidad<br \/>Innovaci\u00f3n<br \/>Transparencia<br \/>Trabajo en equipo<\/p>\t\t\t\t\t\t\t\t<\/div>\n\t\t\t\t<\/div>\n\t\t\t\t<\/div>\n\t\t\t\t<\/div>\n\t\t\t\t\t<\/div>\n\t\t\t\t<\/div>\n\t\t\t\t<\/div>\n\t\t","protected":false},"excerpt":{"rendered":"<p>Mateo &amp; Santiago fue fundada en el a\u00f1o 2021, con la misi\u00f3n de brindar servicios legales especializados al sector financiero y empresarial. Desde su origen, la firma ha crecido sobre pilares de \u00e9tica, eficiencia y excelencia profesional. Hemos consolidado una reputaci\u00f3n s\u00f3lida al representar a bancos, entidades no financieras,empresas emergentes y grandes corporaciones, ofreciendo soluciones [&hellip;]<\/p>\n","protected":false},"author":1,"featured_media":0,"parent":0,"menu_order":0,"comment_status":"closed","ping_status":"closed","template":"","meta":{"_acf_changed":false,"inline_featured_image":false,"_joinchat":[],"footnotes":""},"class_list":["post-439","page","type-page","status-publish","hentry"],"acf":[],"_links":{"self":[{"href":"https:\/\/ktechproduccion.net\/mateo\/wp-json\/wp\/v2\/pages\/439","targetHints":{"allow":["GET"]}}],"collection":[{"href":"https:\/\/ktechproduccion.net\/mateo\/wp-json\/wp\/v2\/pages"}],"about":[{"href":"https:\/\/ktechproduccion.net\/mateo\/wp-json\/wp\/v2\/types\/page"}],"author":[{"embeddable":true,"href":"https:\/\/ktechproduccion.net\/mateo\/wp-json\/wp\/v2\/users\/1"}],"replies":[{"embeddable":true,"href":"https:\/\/ktechproduccion.net\/mateo\/wp-json\/wp\/v2\/comments?post=439"}],"version-history":[{"count":22,"href":"https:\/\/ktechproduccion.net\/mateo\/wp-json\/wp\/v2\/pages\/439\/revisions"}],"predecessor-version":[{"id":1136,"href":"https:\/\/ktechproduccion.net\/mateo\/wp-json\/wp\/v2\/pages\/439\/revisions\/1136"}],"wp:attachment":[{"href":"https:\/\/ktechproduccion.net\/mateo\/wp-json\/wp\/v2\/media?parent=439"}],"curies":[{"name":"wp","href":"https:\/\/api.w.org\/{rel}","templated":true}]}}