{"id":43129,"date":"2026-03-06T19:36:15","date_gmt":"2026-03-06T18:36:15","guid":{"rendered":"https:\/\/ktechproduccion.net\/diariosalud.do\/?page_id=43129"},"modified":"2026-03-06T19:49:17","modified_gmt":"2026-03-06T18:49:17","slug":"suscribete","status":"publish","type":"page","link":"https:\/\/ktechproduccion.net\/diariosalud.do\/suscribete\/","title":{"rendered":"Suscr\u00edbete"},"content":{"rendered":"\t\t<div data-elementor-type=\"wp-page\" data-elementor-id=\"43129\" class=\"elementor elementor-43129\" data-elementor-post-type=\"page\">\n\t\t\t\t<div class=\"elementor-element elementor-element-bc17b5a e-flex e-con-boxed e-con e-parent\" data-id=\"bc17b5a\" data-element_type=\"container\" data-e-type=\"container\" data-settings=\"{&quot;background_background&quot;:&quot;classic&quot;}\">\n\t\t\t\t\t<div class=\"e-con-inner\">\n\t\t\t\t<div class=\"elementor-element elementor-element-533fa8d elementor-widget-laptop__width-initial elementor-widget elementor-widget-heading\" data-id=\"533fa8d\" data-element_type=\"widget\" data-e-type=\"widget\" data-widget_type=\"heading.default\">\n\t\t\t\t\t<h1 class=\"elementor-heading-title elementor-size-default\">Suscr\u00edbete<\/h1>\t\t\t\t<\/div>\n\t\t\t\t<div class=\"elementor-element elementor-element-8784a7a elementor-widget elementor-widget-text-editor\" data-id=\"8784a7a\" data-element_type=\"widget\" data-e-type=\"widget\" data-widget_type=\"text-editor.default\">\n\t\t\t\t\t\t\t\t\t<p>Recibe los boletines de DiarioSalud.do solo debes registrarte llenando este formulario y estar\u00e1s recibiendo las m\u00e1s informaciones del sector salud en tu correo electr\u00f3nico,<br \/>y las actualizaciones del d\u00eda a trav\u00e9s de nuestras redes y portal.<\/p>\t\t\t\t\t\t\t\t<\/div>\n\t\t\t\t\t<\/div>\n\t\t\t\t<\/div>\n\t\t<div class=\"elementor-element elementor-element-d87202a e-flex e-con-boxed e-con e-parent\" data-id=\"d87202a\" data-element_type=\"container\" data-e-type=\"container\">\n\t\t\t\t\t<div class=\"e-con-inner\">\n\t\t\t\t<div class=\"elementor-element elementor-element-69083a3 elementor-widget__width-initial elementor-widget elementor-widget-html\" data-id=\"69083a3\" data-element_type=\"widget\" data-e-type=\"widget\" data-widget_type=\"html.default\">\n\t\t\t\t\t<div class=\"m-5\"><script src=\"https:\/\/static.mailerlite.com\/data\/webforms\/764702\/s4t2g0.js?v5\" type=\"text\/javascript\"><\/script><\/div>\t\t\t\t<\/div>\n\t\t\t\t\t<\/div>\n\t\t\t\t<\/div>\n\t\t\t\t<\/div>\n\t\t","protected":false},"excerpt":{"rendered":"<p>Suscr\u00edbete Recibe los boletines de DiarioSalud.do solo debes registrarte llenando este formulario y estar\u00e1s recibiendo las m\u00e1s informaciones del sector salud en tu correo electr\u00f3nico,y las actualizaciones del d\u00eda a trav\u00e9s de nuestras redes y portal.<\/p>\n","protected":false},"author":1,"featured_media":0,"parent":0,"menu_order":0,"comment_status":"closed","ping_status":"closed","template":"elementor_header_footer","meta":{"_acf_changed":false,"footnotes":""},"class_list":["post-43129","page","type-page","status-publish","hentry"],"acf":[],"_links":{"self":[{"href":"https:\/\/ktechproduccion.net\/diariosalud.do\/wp-json\/wp\/v2\/pages\/43129","targetHints":{"allow":["GET"]}}],"collection":[{"href":"https:\/\/ktechproduccion.net\/diariosalud.do\/wp-json\/wp\/v2\/pages"}],"about":[{"href":"https:\/\/ktechproduccion.net\/diariosalud.do\/wp-json\/wp\/v2\/types\/page"}],"author":[{"embeddable":true,"href":"https:\/\/ktechproduccion.net\/diariosalud.do\/wp-json\/wp\/v2\/users\/1"}],"replies":[{"embeddable":true,"href":"https:\/\/ktechproduccion.net\/diariosalud.do\/wp-json\/wp\/v2\/comments?post=43129"}],"version-history":[{"count":25,"href":"https:\/\/ktechproduccion.net\/diariosalud.do\/wp-json\/wp\/v2\/pages\/43129\/revisions"}],"predecessor-version":[{"id":43156,"href":"https:\/\/ktechproduccion.net\/diariosalud.do\/wp-json\/wp\/v2\/pages\/43129\/revisions\/43156"}],"wp:attachment":[{"href":"https:\/\/ktechproduccion.net\/diariosalud.do\/wp-json\/wp\/v2\/media?parent=43129"}],"curies":[{"name":"wp","href":"https:\/\/api.w.org\/{rel}","templated":true}]}}