{"id":30,"date":"2026-02-21T00:39:09","date_gmt":"2026-02-20T23:39:09","guid":{"rendered":"https:\/\/ktechproduccion.net\/diariosalud.com\/?page_id=30"},"modified":"2026-03-12T17:44:26","modified_gmt":"2026-03-12T16:44:26","slug":"se-colaborador","status":"publish","type":"page","link":"https:\/\/ktechproduccion.net\/diariosalud.com\/se-colaborador\/","title":{"rendered":"Se colaborador"},"content":{"rendered":"\t\t<div data-elementor-type=\"wp-page\" data-elementor-id=\"30\" class=\"elementor elementor-30\" data-elementor-post-type=\"page\">\n\t\t\t\t<div class=\"elementor-element elementor-element-1f0ac1a e-flex e-con-boxed e-con e-parent\" data-id=\"1f0ac1a\" data-element_type=\"container\" data-e-type=\"container\" data-settings=\"{&quot;background_background&quot;:&quot;classic&quot;}\">\n\t\t\t\t\t<div class=\"e-con-inner\">\n\t\t\t\t<div class=\"elementor-element elementor-element-9831a1b elementor-widget-laptop__width-initial elementor-widget elementor-widget-heading\" data-id=\"9831a1b\" data-element_type=\"widget\" data-e-type=\"widget\" data-widget_type=\"heading.default\">\n\t\t\t\t\t<h1 class=\"elementor-heading-title elementor-size-default\">Colaboradores<\/h1>\t\t\t\t<\/div>\n\t\t\t\t<div class=\"elementor-element elementor-element-166c499 elementor-widget elementor-widget-text-editor\" data-id=\"166c499\" data-element_type=\"widget\" data-e-type=\"widget\" data-widget_type=\"text-editor.default\">\n\t\t\t\t\t\t\t\t\t<p>Tenemos el privilegio de tener como colaboradores a profesionales de la salud e instituciones de prestigio internacional que comparten sus informaciones con nosotros.<\/p><p>Si eres una instituci\u00f3n o un profesional de la salud destacado en su \u00e1rea que desea compartir sus conocimientos y experiencias con nosotros escr\u00edbenos.<\/p>\t\t\t\t\t\t\t\t<\/div>\n\t\t\t\t\t<\/div>\n\t\t\t\t<\/div>\n\t\t<div class=\"elementor-element elementor-element-4154780 e-flex e-con-boxed e-con e-parent\" data-id=\"4154780\" data-element_type=\"container\" data-e-type=\"container\">\n\t\t\t\t\t<div class=\"e-con-inner\">\n\t\t<div class=\"elementor-element elementor-element-fb29e79 e-con-full e-flex e-con e-child\" data-id=\"fb29e79\" data-element_type=\"container\" data-e-type=\"container\">\n\t\t\t\t<div class=\"elementor-element elementor-element-21e0066 elementor-widget elementor-widget-heading\" data-id=\"21e0066\" data-element_type=\"widget\" data-e-type=\"widget\" data-widget_type=\"heading.default\">\n\t\t\t\t\t<h2 class=\"elementor-heading-title elementor-size-default\">\u00bfQu\u00e9 andamos buscando?<\/h2>\t\t\t\t<\/div>\n\t\t\t\t<div class=\"elementor-element elementor-element-257773e elementor-widget elementor-widget-text-editor\" data-id=\"257773e\" data-element_type=\"widget\" data-e-type=\"widget\" data-widget_type=\"text-editor.default\">\n\t\t\t\t\t\t\t\t\t<p>\u2022 Art\u00edculos sobre innovaci\u00f3n en procedimientos, tecnolog\u00edas y descubrimientos.<\/p><p>\u2022 Noticias importantes sobre el acontecer cient\u00edfico y de salud.<\/p><p>\u2022 Reconocimientos de profesionales destacados del \u00e1rea de salud en toda hispanoam\u00e9rica.<\/p><p>\u2022 Casos de salud que valgan la pena compartir.<\/p><p>\u2022 Informaciones sobre jornadas m\u00e9dicas y colaboraciones que impacten.<\/p><p>\u2022 En fin, informaci\u00f3n que usted se sienta orgulloso y desee compartir con sus colegas.<\/p><p>\u2022 El contenido publicado en nuestro medio debe ser original y exclusivo para DiarioSalud.com.<\/p>\t\t\t\t\t\t\t\t<\/div>\n\t\t\t\t<\/div>\n\t\t<div class=\"elementor-element elementor-element-f6721a3 e-con-full e-flex e-con e-child\" data-id=\"f6721a3\" data-element_type=\"container\" data-e-type=\"container\">\n\t\t\t\t<div class=\"elementor-element elementor-element-748978d elementor-widget elementor-widget-image\" data-id=\"748978d\" data-element_type=\"widget\" data-e-type=\"widget\" data-widget_type=\"image.default\">\n\t\t\t\t\t\t\t\t\t\t\t\t\t\t\t<img fetchpriority=\"high\" decoding=\"async\" width=\"640\" height=\"460\" src=\"https:\/\/ktechproduccion.net\/diariosalud.com\/wp-content\/uploads\/2026\/03\/colaboradores-featured-01.webp\" class=\"attachment-full size-full wp-image-43118\" alt=\"\" srcset=\"https:\/\/ktechproduccion.net\/diariosalud.com\/wp-content\/uploads\/2026\/03\/colaboradores-featured-01.webp 640w, https:\/\/ktechproduccion.net\/diariosalud.com\/wp-content\/uploads\/2026\/03\/colaboradores-featured-01-300x216.webp 300w\" sizes=\"(max-width: 640px) 100vw, 640px\" \/>\t\t\t\t\t\t\t\t\t\t\t\t\t\t\t<\/div>\n\t\t\t\t<\/div>\n\t\t\t\t\t<\/div>\n\t\t\t\t<\/div>\n\t\t<div class=\"elementor-element elementor-element-e9c34d7 e-flex e-con-boxed e-con e-parent\" data-id=\"e9c34d7\" data-element_type=\"container\" data-e-type=\"container\">\n\t\t\t\t\t<div class=\"e-con-inner\">\n\t\t<div class=\"elementor-element elementor-element-3465f60 e-con-full e-flex e-con e-child\" data-id=\"3465f60\" data-element_type=\"container\" data-e-type=\"container\">\n\t\t\t\t<div class=\"elementor-element elementor-element-729a925 elementor-widget elementor-widget-heading\" data-id=\"729a925\" data-element_type=\"widget\" data-e-type=\"widget\" data-widget_type=\"heading.default\">\n\t\t\t\t\t<h2 class=\"elementor-heading-title elementor-size-default\">\u00bfQui\u00e9n puede ser colaborador?<\/h2>\t\t\t\t<\/div>\n\t\t\t\t<div class=\"elementor-element elementor-element-b02962d elementor-widget elementor-widget-text-editor\" data-id=\"b02962d\" data-element_type=\"widget\" data-e-type=\"widget\" data-widget_type=\"text-editor.default\">\n\t\t\t\t\t\t\t\t\t<p>Doctores en medicina, enfermeros, \u00e1reas de salud oral, mental, ocupacional y otras \u00e1reas de atenci\u00f3n en salud, acad\u00e9micos, investigadores, instituciones educativas, instituciones cient\u00edficas y gubernamentales, en fin servidores destacados del \u00e1rea de salud que puedan compartir su experiencia con otros profesionales.<\/p>\t\t\t\t\t\t\t\t<\/div>\n\t\t\t\t<\/div>\n\t\t<div class=\"elementor-element elementor-element-5f58563 e-con-full e-flex e-con e-child\" data-id=\"5f58563\" data-element_type=\"container\" data-e-type=\"container\">\n\t\t\t\t<div class=\"elementor-element elementor-element-69b46c9 elementor-widget elementor-widget-image\" data-id=\"69b46c9\" data-element_type=\"widget\" data-e-type=\"widget\" data-widget_type=\"image.default\">\n\t\t\t\t\t\t\t\t\t\t\t\t\t\t\t<img decoding=\"async\" width=\"640\" height=\"400\" src=\"https:\/\/ktechproduccion.net\/diariosalud.com\/wp-content\/uploads\/2026\/03\/colaboradores-featured-02.webp\" class=\"attachment-full size-full wp-image-43119\" alt=\"\" srcset=\"https:\/\/ktechproduccion.net\/diariosalud.com\/wp-content\/uploads\/2026\/03\/colaboradores-featured-02.webp 640w, https:\/\/ktechproduccion.net\/diariosalud.com\/wp-content\/uploads\/2026\/03\/colaboradores-featured-02-300x188.webp 300w\" sizes=\"(max-width: 640px) 100vw, 640px\" \/>\t\t\t\t\t\t\t\t\t\t\t\t\t\t\t<\/div>\n\t\t\t\t<\/div>\n\t\t\t\t\t<\/div>\n\t\t\t\t<\/div>\n\t\t\t\t<\/div>\n\t\t","protected":false},"excerpt":{"rendered":"<p>Colaboradores Tenemos el privilegio de tener como colaboradores a profesionales de la salud e instituciones de prestigio internacional que comparten sus informaciones con nosotros. Si eres una instituci\u00f3n o un profesional de la salud destacado en su \u00e1rea que desea compartir sus conocimientos y experiencias con nosotros escr\u00edbenos. \u00bfQu\u00e9 andamos buscando? \u2022 Art\u00edculos sobre innovaci\u00f3n [&hellip;]<\/p>\n","protected":false},"author":1,"featured_media":0,"parent":0,"menu_order":0,"comment_status":"closed","ping_status":"closed","template":"elementor_header_footer","meta":{"_acf_changed":false,"footnotes":""},"class_list":["post-30","page","type-page","status-publish","hentry"],"acf":[],"_links":{"self":[{"href":"https:\/\/ktechproduccion.net\/diariosalud.com\/wp-json\/wp\/v2\/pages\/30","targetHints":{"allow":["GET"]}}],"collection":[{"href":"https:\/\/ktechproduccion.net\/diariosalud.com\/wp-json\/wp\/v2\/pages"}],"about":[{"href":"https:\/\/ktechproduccion.net\/diariosalud.com\/wp-json\/wp\/v2\/types\/page"}],"author":[{"embeddable":true,"href":"https:\/\/ktechproduccion.net\/diariosalud.com\/wp-json\/wp\/v2\/users\/1"}],"replies":[{"embeddable":true,"href":"https:\/\/ktechproduccion.net\/diariosalud.com\/wp-json\/wp\/v2\/comments?post=30"}],"version-history":[{"count":25,"href":"https:\/\/ktechproduccion.net\/diariosalud.com\/wp-json\/wp\/v2\/pages\/30\/revisions"}],"predecessor-version":[{"id":43726,"href":"https:\/\/ktechproduccion.net\/diariosalud.com\/wp-json\/wp\/v2\/pages\/30\/revisions\/43726"}],"wp:attachment":[{"href":"https:\/\/ktechproduccion.net\/diariosalud.com\/wp-json\/wp\/v2\/media?parent=30"}],"curies":[{"name":"wp","href":"https:\/\/api.w.org\/{rel}","templated":true}]}}