{"id":28,"date":"2026-02-21T00:38:57","date_gmt":"2026-02-20T23:38:57","guid":{"rendered":"https:\/\/ktechproduccion.net\/diariosalud.com\/?page_id=28"},"modified":"2026-03-06T19:17:42","modified_gmt":"2026-03-06T18:17:42","slug":"anunciate","status":"publish","type":"page","link":"https:\/\/ktechproduccion.net\/diariosalud.com\/anunciate\/","title":{"rendered":"An\u00fanciate"},"content":{"rendered":"\t\t<div data-elementor-type=\"wp-page\" data-elementor-id=\"28\" class=\"elementor elementor-28\" data-elementor-post-type=\"page\">\n\t\t\t\t<div class=\"elementor-element elementor-element-d30db35 e-flex e-con-boxed e-con e-parent\" data-id=\"d30db35\" data-element_type=\"container\" data-e-type=\"container\" data-settings=\"{&quot;background_background&quot;:&quot;classic&quot;}\">\n\t\t\t\t\t<div class=\"e-con-inner\">\n\t\t\t\t<div class=\"elementor-element elementor-element-07d3559 elementor-widget-laptop__width-initial elementor-widget elementor-widget-heading\" data-id=\"07d3559\" data-element_type=\"widget\" data-e-type=\"widget\" data-widget_type=\"heading.default\">\n\t\t\t\t\t<h1 class=\"elementor-heading-title elementor-size-default\">An\u00fanciate con Nosotros<\/h1>\t\t\t\t<\/div>\n\t\t\t\t<div class=\"elementor-element elementor-element-632d4f7 elementor-widget-laptop__width-initial elementor-widget elementor-widget-heading\" data-id=\"632d4f7\" data-element_type=\"widget\" data-e-type=\"widget\" data-widget_type=\"heading.default\">\n\t\t\t\t\t<span class=\"elementor-heading-title elementor-size-default\">Con m\u00e1s de 150 mil usuarios \u00fanicos mensuales, el 70% m\u00e9dicos y el resto personal de esta importante industria de la salud convierte a DiarioSalud.do en el medio ideal para alcanzar los objetivos de tu empresa para llevar tu mensaje y persuadir a esta industria.<\/span>\t\t\t\t<\/div>\n\t\t\t\t\t<\/div>\n\t\t\t\t<\/div>\n\t\t<div class=\"elementor-element elementor-element-cd64437 e-flex e-con-boxed e-con e-parent\" data-id=\"cd64437\" data-element_type=\"container\" data-e-type=\"container\" data-settings=\"{&quot;background_background&quot;:&quot;classic&quot;}\">\n\t\t\t\t\t<div class=\"e-con-inner\">\n\t\t<div class=\"elementor-element elementor-element-1877974 e-con-full e-flex e-con e-child\" data-id=\"1877974\" data-element_type=\"container\" data-e-type=\"container\">\n\t\t\t\t<div class=\"elementor-element elementor-element-b35462c elementor-widget elementor-widget-heading\" data-id=\"b35462c\" data-element_type=\"widget\" data-e-type=\"widget\" data-widget_type=\"heading.default\">\n\t\t\t\t\t<h2 class=\"elementor-heading-title elementor-size-default\">El medio de salud con m\u00e1s confianza<\/h2>\t\t\t\t<\/div>\n\t\t\t\t<div class=\"elementor-element elementor-element-11e83cd elementor-widget elementor-widget-text-editor\" data-id=\"11e83cd\" data-element_type=\"widget\" data-e-type=\"widget\" data-widget_type=\"text-editor.default\">\n\t\t\t\t\t\t\t\t\t<p>Las informaciones que difundimos impactan directamente a los profesionales que toman decisiones sobre la salud de los dominicanos, por esta raz\u00f3n tratamos las informaciones partiendo de los siguientes principios.<\/p><p><strong>Persiguiendo siempre la verdad<\/strong><br \/>Confirmando nuestras fuentes y consultando con expertos<\/p><p><strong>Siempre siendo objetivos<\/strong><\/p><p><strong>Dar voz a todos en nuestra comunidad<\/strong><\/p><p>Desde los due\u00f1os de cl\u00ednicas, hasta los camilleros.<\/p><p><strong>Con el respeto debido, sin sensacionalismos<\/strong><\/p><p><strong>Siempre exponiendo lo mejor de nuestra comunidad<\/strong><\/p><p>para que los dem\u00e1s integrantes se motiven a seguir brindando<br \/>lo mejor de s\u00ed para mejorar la salud de los dominicanos.<\/p>\t\t\t\t\t\t\t\t<\/div>\n\t\t\t\t<\/div>\n\t\t\t\t\t<\/div>\n\t\t\t\t<\/div>\n\t\t<div class=\"elementor-element elementor-element-103d1b6 e-flex e-con-boxed e-con e-parent\" data-id=\"103d1b6\" data-element_type=\"container\" data-e-type=\"container\" data-settings=\"{&quot;background_background&quot;:&quot;classic&quot;}\">\n\t\t\t\t\t<div class=\"e-con-inner\">\n\t\t\t\t<div class=\"elementor-element elementor-element-a167857 elementor-widget elementor-widget-heading\" data-id=\"a167857\" data-element_type=\"widget\" data-e-type=\"widget\" data-widget_type=\"heading.default\">\n\t\t\t\t\t<h2 class=\"elementor-heading-title elementor-size-default\">Gran comunidad de la industria de la salud<\/h2>\t\t\t\t<\/div>\n\t\t\t\t<div class=\"elementor-element elementor-element-920ad35 elementor-widget elementor-widget-text-editor\" data-id=\"920ad35\" data-element_type=\"widget\" data-e-type=\"widget\" data-widget_type=\"text-editor.default\">\n\t\t\t\t\t\t\t\t\t<p>La comunidad de lectores de DiarioSalud.do la componen m\u00e1s de 150 mil usuarios \u00fanicos al mes que se conectan con nosotros a trav\u00e9s de nuestras redes sociales, nuestro portal en Internet y nuestro bolet\u00edn de noticias diarias.<\/p>\t\t\t\t\t\t\t\t<\/div>\n\t\t<div class=\"elementor-element elementor-element-5849782 e-grid e-con-boxed e-con e-child\" data-id=\"5849782\" data-element_type=\"container\" data-e-type=\"container\">\n\t\t\t\t\t<div class=\"e-con-inner\">\n\t\t<div class=\"elementor-element elementor-element-e59083c e-con-full e-flex e-con e-child\" data-id=\"e59083c\" data-element_type=\"container\" data-e-type=\"container\">\n\t\t\t\t<div class=\"elementor-element elementor-element-b63dfc7 elementor-widget elementor-widget-image\" data-id=\"b63dfc7\" data-element_type=\"widget\" data-e-type=\"widget\" data-widget_type=\"image.default\">\n\t\t\t\t\t\t\t\t\t\t\t\t\t\t\t<img decoding=\"async\" width=\"164\" height=\"97\" src=\"https:\/\/ktechproduccion.net\/diariosalud.com\/wp-content\/uploads\/2026\/03\/anunciate-usuarios-icon.png\" class=\"attachment-full size-full wp-image-43063\" alt=\"\" \/>\t\t\t\t\t\t\t\t\t\t\t\t\t\t\t<\/div>\n\t\t\t\t<div class=\"elementor-element elementor-element-5776e8a elementor-widget elementor-widget-heading\" data-id=\"5776e8a\" data-element_type=\"widget\" data-e-type=\"widget\" data-widget_type=\"heading.default\">\n\t\t\t\t\t<p class=\"elementor-heading-title elementor-size-default\">+150 mil usuarios<\/p>\t\t\t\t<\/div>\n\t\t\t\t<\/div>\n\t\t<div class=\"elementor-element elementor-element-a2ce9b2 e-con-full e-flex e-con e-child\" data-id=\"a2ce9b2\" data-element_type=\"container\" data-e-type=\"container\">\n\t\t\t\t<div class=\"elementor-element elementor-element-f7b581f elementor-widget elementor-widget-image\" data-id=\"f7b581f\" data-element_type=\"widget\" data-e-type=\"widget\" data-widget_type=\"image.default\">\n\t\t\t\t\t\t\t\t\t\t\t\t\t\t\t<img decoding=\"async\" width=\"177\" height=\"103\" src=\"https:\/\/ktechproduccion.net\/diariosalud.com\/wp-content\/uploads\/2026\/03\/anunciate-doctores-icon.png\" class=\"attachment-full size-full wp-image-43061\" alt=\"\" \/>\t\t\t\t\t\t\t\t\t\t\t\t\t\t\t<\/div>\n\t\t\t\t<div class=\"elementor-element elementor-element-d80cccf elementor-widget elementor-widget-heading\" data-id=\"d80cccf\" data-element_type=\"widget\" data-e-type=\"widget\" data-widget_type=\"heading.default\">\n\t\t\t\t\t<p class=\"elementor-heading-title elementor-size-default\">70% doctores<\/p>\t\t\t\t<\/div>\n\t\t\t\t<\/div>\n\t\t<div class=\"elementor-element elementor-element-5cb599a e-con-full e-flex e-con e-child\" data-id=\"5cb599a\" data-element_type=\"container\" data-e-type=\"container\">\n\t\t\t\t<div class=\"elementor-element elementor-element-648d52e elementor-widget elementor-widget-image\" data-id=\"648d52e\" data-element_type=\"widget\" data-e-type=\"widget\" data-widget_type=\"image.default\">\n\t\t\t\t\t\t\t\t\t\t\t\t\t\t\t<img decoding=\"async\" width=\"177\" height=\"103\" src=\"https:\/\/ktechproduccion.net\/diariosalud.com\/wp-content\/uploads\/2026\/03\/anunciate-especialidades-icon.png\" class=\"attachment-full size-full wp-image-43062\" alt=\"\" \/>\t\t\t\t\t\t\t\t\t\t\t\t\t\t\t<\/div>\n\t\t\t\t<div class=\"elementor-element elementor-element-9cc8e35 elementor-widget elementor-widget-heading\" data-id=\"9cc8e35\" data-element_type=\"widget\" data-e-type=\"widget\" data-widget_type=\"heading.default\">\n\t\t\t\t\t<p class=\"elementor-heading-title elementor-size-default\">30 especialidades <br>m\u00e9dicas<\/p>\t\t\t\t<\/div>\n\t\t\t\t<\/div>\n\t\t\t\t\t<\/div>\n\t\t\t\t<\/div>\n\t\t\t\t\t<\/div>\n\t\t\t\t<\/div>\n\t\t<div class=\"elementor-element elementor-element-19e173c e-flex e-con-boxed e-con e-parent\" data-id=\"19e173c\" data-element_type=\"container\" data-e-type=\"container\">\n\t\t\t\t\t<div class=\"e-con-inner\">\n\t\t<div class=\"elementor-element elementor-element-26020ba e-con-full e-flex e-con e-child\" data-id=\"26020ba\" data-element_type=\"container\" data-e-type=\"container\">\n\t\t\t\t<div class=\"elementor-element elementor-element-22dc34e elementor-widget elementor-widget-image\" data-id=\"22dc34e\" data-element_type=\"widget\" data-e-type=\"widget\" data-widget_type=\"image.default\">\n\t\t\t\t\t\t\t\t\t\t\t\t\t\t\t<img loading=\"lazy\" decoding=\"async\" width=\"627\" height=\"292\" src=\"https:\/\/ktechproduccion.net\/diariosalud.com\/wp-content\/uploads\/2026\/03\/anunciate-asesoria-featured.webp\" class=\"attachment-full size-full wp-image-43082\" alt=\"\" srcset=\"https:\/\/ktechproduccion.net\/diariosalud.com\/wp-content\/uploads\/2026\/03\/anunciate-asesoria-featured.webp 627w, https:\/\/ktechproduccion.net\/diariosalud.com\/wp-content\/uploads\/2026\/03\/anunciate-asesoria-featured-300x140.webp 300w\" sizes=\"(max-width: 627px) 100vw, 627px\" \/>\t\t\t\t\t\t\t\t\t\t\t\t\t\t\t<\/div>\n\t\t\t\t<\/div>\n\t\t<div class=\"elementor-element elementor-element-90b7bde e-con-full e-flex e-con e-child\" data-id=\"90b7bde\" data-element_type=\"container\" data-e-type=\"container\">\n\t\t\t\t<div class=\"elementor-element elementor-element-b83d9eb elementor-widget elementor-widget-heading\" data-id=\"b83d9eb\" data-element_type=\"widget\" data-e-type=\"widget\" data-widget_type=\"heading.default\">\n\t\t\t\t\t<h2 class=\"elementor-heading-title elementor-size-default\">Cuenta con nuestra asesor\u00eda gratuita de como llevar su mensaje a nuestra comunidad de forma eficiente y que arroje el resultado deseado.<\/h2>\t\t\t\t<\/div>\n\t\t\t\t<div class=\"elementor-element elementor-element-2c33ab8 elementor-widget elementor-widget-text-editor\" data-id=\"2c33ab8\" data-element_type=\"widget\" data-e-type=\"widget\" data-widget_type=\"text-editor.default\">\n\t\t\t\t\t\t\t\t\t<p>D\u00e9janos saber que necesita haciendo una cita con nosotros en <strong><a href=\"https:\/\/meetings.hubspot.com\/miguel114\" target=\"_blank\" rel=\"noopener\">este formulario<\/a><\/strong> o v\u00eda whatsapp al <a href=\"tel:+18098852869\" target=\"_blank\" rel=\"noopener\">(809) 885-2869<\/a> y uno de nuestros representantes se pondr\u00e1 en contacto con usted.<\/p><p>Te invitamos a ver nuestra <strong><a href=\"https:\/\/docs.google.com\/presentation\/d\/1dAV4wMrI6zXRg_0u0EUzJ1VubW4T86cK\/edit?usp=sharing&amp;ouid=108292357813873613080&amp;rtpof=true&amp;sd=true\" target=\"_blank\" rel=\"noopener\">presentacion aqu\u00ed<\/a><\/strong>.<\/p>\t\t\t\t\t\t\t\t<\/div>\n\t\t\t\t<\/div>\n\t\t\t\t\t<\/div>\n\t\t\t\t<\/div>\n\t\t\t\t<\/div>\n\t\t","protected":false},"excerpt":{"rendered":"<p>An\u00fanciate con Nosotros Con m\u00e1s de 150 mil usuarios \u00fanicos mensuales, el 70% m\u00e9dicos y el resto personal de esta importante industria de la salud convierte a DiarioSalud.do en el medio ideal para alcanzar los objetivos de tu empresa para llevar tu mensaje y persuadir a esta industria. El medio de salud con m\u00e1s confianza [&hellip;]<\/p>\n","protected":false},"author":1,"featured_media":0,"parent":0,"menu_order":0,"comment_status":"closed","ping_status":"closed","template":"elementor_header_footer","meta":{"_acf_changed":false,"footnotes":""},"class_list":["post-28","page","type-page","status-publish","hentry"],"acf":[],"_links":{"self":[{"href":"https:\/\/ktechproduccion.net\/diariosalud.com\/wp-json\/wp\/v2\/pages\/28","targetHints":{"allow":["GET"]}}],"collection":[{"href":"https:\/\/ktechproduccion.net\/diariosalud.com\/wp-json\/wp\/v2\/pages"}],"about":[{"href":"https:\/\/ktechproduccion.net\/diariosalud.com\/wp-json\/wp\/v2\/types\/page"}],"author":[{"embeddable":true,"href":"https:\/\/ktechproduccion.net\/diariosalud.com\/wp-json\/wp\/v2\/users\/1"}],"replies":[{"embeddable":true,"href":"https:\/\/ktechproduccion.net\/diariosalud.com\/wp-json\/wp\/v2\/comments?post=28"}],"version-history":[{"count":88,"href":"https:\/\/ktechproduccion.net\/diariosalud.com\/wp-json\/wp\/v2\/pages\/28\/revisions"}],"predecessor-version":[{"id":43104,"href":"https:\/\/ktechproduccion.net\/diariosalud.com\/wp-json\/wp\/v2\/pages\/28\/revisions\/43104"}],"wp:attachment":[{"href":"https:\/\/ktechproduccion.net\/diariosalud.com\/wp-json\/wp\/v2\/media?parent=28"}],"curies":[{"name":"wp","href":"https:\/\/api.w.org\/{rel}","templated":true}]}}