{"id":26,"date":"2026-02-21T00:38:46","date_gmt":"2026-02-20T23:38:46","guid":{"rendered":"https:\/\/ktechproduccion.net\/diariosalud.com\/?page_id=26"},"modified":"2026-03-06T19:13:00","modified_gmt":"2026-03-06T18:13:00","slug":"nosotros","status":"publish","type":"page","link":"https:\/\/ktechproduccion.net\/diariosalud.com\/nosotros\/","title":{"rendered":"Nosotros"},"content":{"rendered":"\t\t<div data-elementor-type=\"wp-page\" data-elementor-id=\"26\" class=\"elementor elementor-26\" data-elementor-post-type=\"page\">\n\t\t\t\t<div class=\"elementor-element elementor-element-64c0724 e-flex e-con-boxed e-con e-parent\" data-id=\"64c0724\" data-element_type=\"container\" data-e-type=\"container\" data-settings=\"{&quot;background_background&quot;:&quot;classic&quot;}\">\n\t\t\t\t\t<div class=\"e-con-inner\">\n\t\t\t\t<div class=\"elementor-element elementor-element-a65c20b elementor-widget-laptop__width-initial elementor-widget elementor-widget-heading\" data-id=\"a65c20b\" data-element_type=\"widget\" data-e-type=\"widget\" data-widget_type=\"heading.default\">\n\t\t\t\t\t<span class=\"elementor-heading-title elementor-size-default\"><strong>Diario Salud es el medio informativo especializado en la industria de la salud hispanoamericana<\/strong> que busca llevar informaciones veraces y de calidad a esta vital industria.<\/span>\t\t\t\t<\/div>\n\t\t\t\t\t<\/div>\n\t\t\t\t<\/div>\n\t\t<div class=\"elementor-element elementor-element-73f51d5 e-flex e-con-boxed e-con e-parent\" data-id=\"73f51d5\" data-element_type=\"container\" data-e-type=\"container\">\n\t\t\t\t\t<div class=\"e-con-inner\">\n\t\t\t\t<div class=\"elementor-element elementor-element-299f875 elementor-widget-laptop__width-initial elementor-widget elementor-widget-text-editor\" data-id=\"299f875\" data-element_type=\"widget\" data-e-type=\"widget\" data-widget_type=\"text-editor.default\">\n\t\t\t\t\t\t\t\t\t<p>Estamos dirigidos a los individuos que sirven y toman decisiones del sector de la medicina y salud como doctores, personal de direcci\u00f3n de cl\u00ednicas y hospitales, bioanalistas, enfermeras; as\u00ed como tambi\u00e9n toda la industria que ofrece sus servicios y da soporte como proveedores de equipos de im\u00e1genes, tecnolog\u00eda, legisladores y gobierno.<\/p><p><strong>Estamos comprometidos con llevar informaci\u00f3n importante que sirva para elevar la medicina y la salud de todos los pa\u00edses hispano parlantes<\/strong>.<\/p>\t\t\t\t\t\t\t\t<\/div>\n\t\t<div class=\"elementor-element elementor-element-23c8d01 e-con-full e-flex e-con e-child\" data-id=\"23c8d01\" data-element_type=\"container\" data-e-type=\"container\">\n\t\t\t\t<div class=\"elementor-element elementor-element-a3755bf elementor-align-justify elementor-widget__width-initial elementor-widget elementor-widget-button\" data-id=\"a3755bf\" data-element_type=\"widget\" data-e-type=\"widget\" data-widget_type=\"button.default\">\n\t\t\t\t\t\t\t\t\t\t<a class=\"elementor-button elementor-button-link elementor-size-sm\" href=\"https:\/\/ktechproduccion.net\/diariosalud.com\/anunciate\/\">\n\t\t\t\t\t\t<span class=\"elementor-button-content-wrapper\">\n\t\t\t\t\t\t<span class=\"elementor-button-icon\">\n\t\t\t\t<svg xmlns=\"http:\/\/www.w3.org\/2000\/svg\" xmlns:xlink=\"http:\/\/www.w3.org\/1999\/xlink\" id=\"Untitled-P%E1gina%201\" viewBox=\"0 0 17 18\" style=\"background-color:#ffffff00\" xml:space=\"preserve\" x=\"0px\" y=\"0px\" width=\"17px\" height=\"18px\">\t<g>\t\t<path d=\"M 8.5049 17.9999 C 3.8126 18.0189 0.0178 14.2289 0.0001 9.5061 C -0.0173 4.8836 3.7626 1.0739 8.3235 1.0011 C 13.0724 0.9245 16.9619 4.6844 16.9998 9.4958 C 17.0366 14.1846 13.22 17.981 8.5049 17.9999 ZM 9.7054 9.5195 C 9.3527 9.8365 9.0854 10.0587 8.8384 10.3014 C 8.147 10.9805 7.4572 11.6612 6.7808 12.3553 C 6.4749 12.6699 6.4341 13.0415 6.7208 13.3917 C 6.9976 13.7309 7.4321 13.7577 7.7842 13.4131 C 8.9343 12.2881 10.0673 11.1457 11.1943 9.997 C 11.4908 9.695 11.5104 9.3116 11.2156 9.0088 C 10.0674 7.8301 8.9028 6.6671 7.7323 5.5105 C 7.4435 5.2259 7.0919 5.2433 6.7947 5.5058 C 6.4771 5.7857 6.4598 6.143 6.6733 6.4972 C 6.7565 6.6347 6.8879 6.7446 7.0045 6.86 C 7.8744 7.7178 8.746 8.5748 9.7054 9.5195 Z\" fill=\"#ffffff\"><\/path>\t<\/g><\/svg>\t\t\t<\/span>\n\t\t\t\t\t\t\t\t\t<span class=\"elementor-button-text\">An\u00fanciate<\/span>\n\t\t\t\t\t<\/span>\n\t\t\t\t\t<\/a>\n\t\t\t\t\t\t\t\t<\/div>\n\t\t\t\t<div class=\"elementor-element elementor-element-e2f2fbb elementor-align-justify elementor-widget__width-initial elementor-widget elementor-widget-button\" data-id=\"e2f2fbb\" data-element_type=\"widget\" data-e-type=\"widget\" data-widget_type=\"button.default\">\n\t\t\t\t\t\t\t\t\t\t<a class=\"elementor-button elementor-button-link elementor-size-sm\" href=\"https:\/\/ktechproduccion.net\/diariosalud.com\/se-colaborador\/\">\n\t\t\t\t\t\t<span class=\"elementor-button-content-wrapper\">\n\t\t\t\t\t\t<span class=\"elementor-button-icon\">\n\t\t\t\t<svg xmlns=\"http:\/\/www.w3.org\/2000\/svg\" xmlns:xlink=\"http:\/\/www.w3.org\/1999\/xlink\" id=\"Untitled-P%E1gina%201\" viewBox=\"0 0 17 18\" style=\"background-color:#ffffff00\" xml:space=\"preserve\" x=\"0px\" y=\"0px\" width=\"17px\" height=\"18px\">\t<g>\t\t<path d=\"M 8.5049 17.9999 C 3.8126 18.0189 0.0178 14.2289 0.0001 9.5061 C -0.0173 4.8836 3.7626 1.0739 8.3235 1.0011 C 13.0724 0.9245 16.9619 4.6844 16.9998 9.4958 C 17.0366 14.1846 13.22 17.981 8.5049 17.9999 ZM 9.7054 9.5195 C 9.3527 9.8365 9.0854 10.0587 8.8384 10.3014 C 8.147 10.9805 7.4572 11.6612 6.7808 12.3553 C 6.4749 12.6699 6.4341 13.0415 6.7208 13.3917 C 6.9976 13.7309 7.4321 13.7577 7.7842 13.4131 C 8.9343 12.2881 10.0673 11.1457 11.1943 9.997 C 11.4908 9.695 11.5104 9.3116 11.2156 9.0088 C 10.0674 7.8301 8.9028 6.6671 7.7323 5.5105 C 7.4435 5.2259 7.0919 5.2433 6.7947 5.5058 C 6.4771 5.7857 6.4598 6.143 6.6733 6.4972 C 6.7565 6.6347 6.8879 6.7446 7.0045 6.86 C 7.8744 7.7178 8.746 8.5748 9.7054 9.5195 Z\" fill=\"#ffffff\"><\/path>\t<\/g><\/svg>\t\t\t<\/span>\n\t\t\t\t\t\t\t\t\t<span class=\"elementor-button-text\">Se colaborador<\/span>\n\t\t\t\t\t<\/span>\n\t\t\t\t\t<\/a>\n\t\t\t\t\t\t\t\t<\/div>\n\t\t\t\t<div class=\"elementor-element elementor-element-8af9636 elementor-align-justify elementor-widget__width-initial elementor-widget elementor-widget-button\" data-id=\"8af9636\" data-element_type=\"widget\" data-e-type=\"widget\" data-widget_type=\"button.default\">\n\t\t\t\t\t\t\t\t\t\t<a class=\"elementor-button elementor-button-link elementor-size-sm\" href=\"#\">\n\t\t\t\t\t\t<span class=\"elementor-button-content-wrapper\">\n\t\t\t\t\t\t<span class=\"elementor-button-icon\">\n\t\t\t\t<svg xmlns=\"http:\/\/www.w3.org\/2000\/svg\" xmlns:xlink=\"http:\/\/www.w3.org\/1999\/xlink\" id=\"Untitled-P%E1gina%201\" viewBox=\"0 0 17 18\" style=\"background-color:#ffffff00\" xml:space=\"preserve\" x=\"0px\" y=\"0px\" width=\"17px\" height=\"18px\">\t<g>\t\t<path d=\"M 8.5049 17.9999 C 3.8126 18.0189 0.0178 14.2289 0.0001 9.5061 C -0.0173 4.8836 3.7626 1.0739 8.3235 1.0011 C 13.0724 0.9245 16.9619 4.6844 16.9998 9.4958 C 17.0366 14.1846 13.22 17.981 8.5049 17.9999 ZM 9.7054 9.5195 C 9.3527 9.8365 9.0854 10.0587 8.8384 10.3014 C 8.147 10.9805 7.4572 11.6612 6.7808 12.3553 C 6.4749 12.6699 6.4341 13.0415 6.7208 13.3917 C 6.9976 13.7309 7.4321 13.7577 7.7842 13.4131 C 8.9343 12.2881 10.0673 11.1457 11.1943 9.997 C 11.4908 9.695 11.5104 9.3116 11.2156 9.0088 C 10.0674 7.8301 8.9028 6.6671 7.7323 5.5105 C 7.4435 5.2259 7.0919 5.2433 6.7947 5.5058 C 6.4771 5.7857 6.4598 6.143 6.6733 6.4972 C 6.7565 6.6347 6.8879 6.7446 7.0045 6.86 C 7.8744 7.7178 8.746 8.5748 9.7054 9.5195 Z\" fill=\"#ffffff\"><\/path>\t<\/g><\/svg>\t\t\t<\/span>\n\t\t\t\t\t\t\t\t\t<span class=\"elementor-button-text\">Suscr\u00edbete<\/span>\n\t\t\t\t\t<\/span>\n\t\t\t\t\t<\/a>\n\t\t\t\t\t\t\t\t<\/div>\n\t\t\t\t<\/div>\n\t\t\t\t\t<\/div>\n\t\t\t\t<\/div>\n\t\t\t\t<\/div>\n\t\t","protected":false},"excerpt":{"rendered":"<p>Diario Salud es el medio informativo especializado en la industria de la salud hispanoamericana que busca llevar informaciones veraces y de calidad a esta vital industria. Estamos dirigidos a los individuos que sirven y toman decisiones del sector de la medicina y salud como doctores, personal de direcci\u00f3n de cl\u00ednicas y hospitales, bioanalistas, enfermeras; as\u00ed [&hellip;]<\/p>\n","protected":false},"author":1,"featured_media":0,"parent":0,"menu_order":0,"comment_status":"closed","ping_status":"closed","template":"elementor_header_footer","meta":{"_acf_changed":false,"footnotes":""},"class_list":["post-26","page","type-page","status-publish","hentry"],"acf":[],"_links":{"self":[{"href":"https:\/\/ktechproduccion.net\/diariosalud.com\/wp-json\/wp\/v2\/pages\/26","targetHints":{"allow":["GET"]}}],"collection":[{"href":"https:\/\/ktechproduccion.net\/diariosalud.com\/wp-json\/wp\/v2\/pages"}],"about":[{"href":"https:\/\/ktechproduccion.net\/diariosalud.com\/wp-json\/wp\/v2\/types\/page"}],"author":[{"embeddable":true,"href":"https:\/\/ktechproduccion.net\/diariosalud.com\/wp-json\/wp\/v2\/users\/1"}],"replies":[{"embeddable":true,"href":"https:\/\/ktechproduccion.net\/diariosalud.com\/wp-json\/wp\/v2\/comments?post=26"}],"version-history":[{"count":34,"href":"https:\/\/ktechproduccion.net\/diariosalud.com\/wp-json\/wp\/v2\/pages\/26\/revisions"}],"predecessor-version":[{"id":43094,"href":"https:\/\/ktechproduccion.net\/diariosalud.com\/wp-json\/wp\/v2\/pages\/26\/revisions\/43094"}],"wp:attachment":[{"href":"https:\/\/ktechproduccion.net\/diariosalud.com\/wp-json\/wp\/v2\/media?parent=26"}],"curies":[{"name":"wp","href":"https:\/\/api.w.org\/{rel}","templated":true}]}}