{"id":909,"date":"2025-10-10T22:14:52","date_gmt":"2025-10-10T22:14:52","guid":{"rendered":"https:\/\/ktechproduccion.net\/acc\/?page_id=909"},"modified":"2026-04-09T19:16:57","modified_gmt":"2026-04-09T19:16:57","slug":"calcula-tu-envio","status":"publish","type":"page","link":"https:\/\/ktechproduccion.net\/acc\/calcula-tu-envio\/","title":{"rendered":"Calcula tu env\u00edo"},"content":{"rendered":"\t\t<div data-elementor-type=\"wp-page\" data-elementor-id=\"909\" class=\"elementor elementor-909\" data-elementor-post-type=\"page\">\n\t\t\t\t<div class=\"elementor-element elementor-element-1da7603 e-con-full e-flex e-con e-parent\" data-id=\"1da7603\" data-element_type=\"container\" data-e-type=\"container\">\n\t\t\t\t<div class=\"elementor-element elementor-element-7a0f523 elementor-widget elementor-widget-template\" data-id=\"7a0f523\" data-element_type=\"widget\" data-e-type=\"widget\" data-widget_type=\"template.default\">\n\t\t\t\t<div class=\"elementor-widget-container\">\n\t\t\t\t\t\t\t<div class=\"elementor-template\">\n\t\t\t\t\t<div data-elementor-type=\"section\" data-elementor-id=\"374\" class=\"elementor elementor-374\" data-elementor-post-type=\"elementor_library\">\n\t\t\t<div class=\"elementor-element elementor-element-d7600d4 e-flex e-con-boxed e-con e-parent\" data-id=\"d7600d4\" data-element_type=\"container\" data-e-type=\"container\" data-settings=\"{&quot;background_background&quot;:&quot;classic&quot;}\">\n\t\t\t\t\t<div class=\"e-con-inner\">\n\t\t\t\t\t<\/div>\n\t\t\t\t<\/div>\n\t\t\t\t<\/div>\n\t\t\t\t<\/div>\n\t\t\t\t\t\t<\/div>\n\t\t\t\t<\/div>\n\t\t\t\t<\/div>\n\t\t<div class=\"elementor-element elementor-element-f19a8aa e-flex e-con-boxed e-con e-parent\" data-id=\"f19a8aa\" data-element_type=\"container\" data-e-type=\"container\">\n\t\t\t\t\t<div class=\"e-con-inner\">\n\t\t<div class=\"elementor-element elementor-element-8fc3086 e-con-full e-flex e-con e-child\" data-id=\"8fc3086\" data-element_type=\"container\" data-e-type=\"container\">\n\t\t\t\t<div class=\"elementor-element elementor-element-d0b5475 elementor-widget elementor-widget-image\" data-id=\"d0b5475\" data-element_type=\"widget\" data-e-type=\"widget\" data-widget_type=\"image.default\">\n\t\t\t\t\t\t\t\t\t\t\t\t\t\t\t<img fetchpriority=\"high\" decoding=\"async\" width=\"650\" height=\"501\" src=\"https:\/\/ktechproduccion.net\/acc\/wp-content\/uploads\/2025\/10\/imagen-paqueteria.png\" class=\"attachment-full size-full wp-image-913\" alt=\"\" srcset=\"https:\/\/ktechproduccion.net\/acc\/wp-content\/uploads\/2025\/10\/imagen-paqueteria.png 650w, https:\/\/ktechproduccion.net\/acc\/wp-content\/uploads\/2025\/10\/imagen-paqueteria-300x231.png 300w\" sizes=\"(max-width: 650px) 100vw, 650px\" \/>\t\t\t\t\t\t\t\t\t\t\t\t\t\t\t<\/div>\n\t\t\t\t<\/div>\n\t\t<div class=\"elementor-element elementor-element-42a24e3 e-con-full e-flex e-con e-child\" data-id=\"42a24e3\" data-element_type=\"container\" data-e-type=\"container\">\n\t\t\t\t<div class=\"elementor-element elementor-element-dffdbae elementor-widget elementor-widget-text-editor\" data-id=\"dffdbae\" data-element_type=\"widget\" data-e-type=\"widget\" data-widget_type=\"text-editor.default\">\n\t\t\t\t\t\t\t\t\t<p>Para Paqueter\u00eda Express, Carga A\u00e9rea Express y Carga A\u00e9rea, es imprescindible poner el costo del articulo para poder realizar el c\u00e1lculo.<\/p>\t\t\t\t\t\t\t\t<\/div>\n\t\t\t\t<div class=\"elementor-element elementor-element-5af75ed elementor-widget elementor-widget-text-editor\" data-id=\"5af75ed\" data-element_type=\"widget\" data-e-type=\"widget\" data-widget_type=\"text-editor.default\">\n\t\t\t\t\t\t\t\t\t<p>Todo paquete que exceda los <strong>$200.00 US<\/strong> tiene un costo adicional por impuestos aduanales, los mismos no est\u00e1n incluidos en el c\u00e1lculo. Favor solicitar cotizaci\u00f3n a <strong>info@acc.com.do<\/strong><\/p>\t\t\t\t\t\t\t\t<\/div>\n\t\t\t\t<\/div>\n\t\t\t\t\t<\/div>\n\t\t\t\t<\/div>\n\t\t<div class=\"elementor-element elementor-element-980a4bf e-flex e-con-boxed e-con e-parent\" data-id=\"980a4bf\" data-element_type=\"container\" data-e-type=\"container\">\n\t\t\t\t\t<div class=\"e-con-inner\">\n\t\t\t\t<div class=\"elementor-element elementor-element-2f4aabd elementor-widget elementor-widget-heading\" data-id=\"2f4aabd\" data-element_type=\"widget\" data-e-type=\"widget\" data-widget_type=\"heading.default\">\n\t\t\t\t\t<h2 class=\"elementor-heading-title elementor-size-default\">Calculadora de env\u00edos<\/h2>\t\t\t\t<\/div>\n\t\t\t\t<div class=\"elementor-element elementor-element-deaa1b5 elementor-button-align-center elementor-widget elementor-widget-form\" data-id=\"deaa1b5\" data-element_type=\"widget\" data-e-type=\"widget\" id=\"form_calculadora\" data-settings=\"{&quot;step_next_label&quot;:&quot;Next&quot;,&quot;step_previous_label&quot;:&quot;Previous&quot;,&quot;button_width&quot;:&quot;100&quot;,&quot;step_type&quot;:&quot;number_text&quot;,&quot;step_icon_shape&quot;:&quot;circle&quot;}\" data-widget_type=\"form.default\">\n\t\t\t\t\t\t\t<form class=\"elementor-form\" method=\"post\" name=\"New Form Solicitud\" aria-label=\"New Form Solicitud\">\n\t\t\t<input type=\"hidden\" name=\"post_id\" value=\"909\"\/>\n\t\t\t<input type=\"hidden\" name=\"form_id\" value=\"deaa1b5\"\/>\n\t\t\t<input type=\"hidden\" name=\"referer_title\" value=\"\" \/>\n\n\t\t\t\n\t\t\t<div class=\"elementor-form-fields-wrapper elementor-labels-above\">\n\t\t\t\t\t\t\t\t<div class=\"elementor-field-type-number elementor-field-group elementor-column elementor-field-group-peso_libra elementor-col-50\">\n\t\t\t\t\t\t\t\t\t\t\t\t<label for=\"form-field-peso_libra\" class=\"elementor-field-label\">\n\t\t\t\t\t\t\t\tPeso del art\u00edculo (libras)\t\t\t\t\t\t\t<\/label>\n\t\t\t\t\t\t\t\t\t<input type=\"number\" name=\"form_fields[peso_libra]\" id=\"form-field-peso_libra\" class=\"elementor-field elementor-size-lg  elementor-field-textual\" placeholder=\"0\" min=\"\" max=\"\" >\n\t\t\t\t\t\t<\/div>\n\t\t\t\t\t\t\t\t<div class=\"elementor-field-type-text elementor-field-group elementor-column elementor-field-group-costo_articulo elementor-col-50\">\n\t\t\t\t\t\t\t\t\t\t\t\t<label for=\"form-field-costo_articulo\" class=\"elementor-field-label\">\n\t\t\t\t\t\t\t\tCosto art\u00edculo (FOB en US$) \t\t\t\t\t\t\t<\/label>\n\t\t\t\t\t\t\t\t\t\t\t\t\t\t<input size=\"1\" type=\"text\" name=\"form_fields[costo_articulo]\" id=\"form-field-costo_articulo\" class=\"elementor-field elementor-size-lg  elementor-field-textual\" placeholder=\"0.00\">\n\t\t\t\t\t\t\t\t\t\t\t<\/div>\n\t\t\t\t\t\t\t\t<div class=\"elementor-field-type-html elementor-field-group elementor-column elementor-field-group-field_ce631a5 elementor-col-100\">\n\t\t\t\t\t<h3>Tipo de Servicio<\/h3>\t\t\t\t<\/div>\n\t\t\t\t\t\t\t\t<div class=\"elementor-field-type-radio elementor-field-group elementor-column elementor-field-group-tipo_services_radio elementor-col-100\">\n\t\t\t\t\t<div class=\"elementor-field-subgroup  \"><span class=\"elementor-field-option\"><input type=\"radio\" value=\" 2.50\" id=\"form-field-tipo_services_radio-0\" name=\"form_fields[tipo_services_radio]\"> <label for=\"form-field-tipo_services_radio-0\">Paqueter\u00eda Express (de 0 a 70 libras) <\/label><\/span><span class=\"elementor-field-option\"><input type=\"radio\" value=\" 1.75\" id=\"form-field-tipo_services_radio-1\" name=\"form_fields[tipo_services_radio]\"> <label for=\"form-field-tipo_services_radio-1\">Carga A\u00e9rea Express (de 71 a 100 libras) <\/label><\/span><span class=\"elementor-field-option\"><input type=\"radio\" value=\" 0.90\" id=\"form-field-tipo_services_radio-2\" name=\"form_fields[tipo_services_radio]\"> <label for=\"form-field-tipo_services_radio-2\">Carga A\u00e9rea (de 101 libras en adelante) <\/label><\/span><\/div>\t\t\t\t<\/div>\n\t\t\t\t\t\t\t\t<div class=\"elementor-field-type-html elementor-field-group elementor-column elementor-field-group-phone elementor-col-100\">\n\t\t\t\t\t<div class=\"calculadora-division\"><\/div>\t\t\t\t<\/div>\n\t\t\t\t\t\t\t\t<div class=\"elementor-field-type-text elementor-field-group elementor-column elementor-field-group-flete elementor-col-50\">\n\t\t\t\t\t\t\t\t\t\t\t\t<label for=\"form-field-flete\" class=\"elementor-field-label\">\n\t\t\t\t\t\t\t\tFlete\t\t\t\t\t\t\t<\/label>\n\t\t\t\t\t\t\t\t\t\t\t\t\t\t<input size=\"1\" type=\"text\" name=\"form_fields[flete]\" id=\"form-field-flete\" class=\"elementor-field elementor-size-lg  elementor-field-textual\" placeholder=\"0.00\">\n\t\t\t\t\t\t\t\t\t\t\t<\/div>\n\t\t\t\t\t\t\t\t<div class=\"elementor-field-type-text elementor-field-group elementor-column elementor-field-group-impuerto_dga elementor-col-50\">\n\t\t\t\t\t\t\t\t\t\t\t\t<label for=\"form-field-impuerto_dga\" class=\"elementor-field-label\">\n\t\t\t\t\t\t\t\tImpuesto DGA\t\t\t\t\t\t\t<\/label>\n\t\t\t\t\t\t\t\t\t\t\t\t\t\t<input size=\"1\" type=\"text\" name=\"form_fields[impuerto_dga]\" id=\"form-field-impuerto_dga\" class=\"elementor-field elementor-size-lg  elementor-field-textual\" placeholder=\"0.00\">\n\t\t\t\t\t\t\t\t\t\t\t<\/div>\n\t\t\t\t\t\t\t\t<div class=\"elementor-field-type-text elementor-field-group elementor-column elementor-field-group-cargo_combustible elementor-col-50\">\n\t\t\t\t\t\t\t\t\t\t\t\t<label for=\"form-field-cargo_combustible\" class=\"elementor-field-label\">\n\t\t\t\t\t\t\t\tCargo Combustible\t\t\t\t\t\t\t<\/label>\n\t\t\t\t\t\t\t\t\t\t\t\t\t\t<input size=\"1\" type=\"text\" name=\"form_fields[cargo_combustible]\" id=\"form-field-cargo_combustible\" class=\"elementor-field elementor-size-lg  elementor-field-textual\" placeholder=\"0.00\">\n\t\t\t\t\t\t\t\t\t\t\t<\/div>\n\t\t\t\t\t\t\t\t<div class=\"elementor-field-type-text elementor-field-group elementor-column elementor-field-group-airport_fee elementor-col-50\">\n\t\t\t\t\t\t\t\t\t\t\t\t<label for=\"form-field-airport_fee\" class=\"elementor-field-label\">\n\t\t\t\t\t\t\t\tAirport Fee\t\t\t\t\t\t\t<\/label>\n\t\t\t\t\t\t\t\t\t\t\t\t\t\t<input size=\"1\" type=\"text\" name=\"form_fields[airport_fee]\" id=\"form-field-airport_fee\" class=\"elementor-field elementor-size-lg  elementor-field-textual\" placeholder=\"0.00\">\n\t\t\t\t\t\t\t\t\t\t\t<\/div>\n\t\t\t\t\t\t\t\t<div class=\"elementor-field-type-text elementor-field-group elementor-column elementor-field-group-seguro elementor-col-50\">\n\t\t\t\t\t\t\t\t\t\t\t\t<label for=\"form-field-seguro\" class=\"elementor-field-label\">\n\t\t\t\t\t\t\t\tSeguro\t\t\t\t\t\t\t<\/label>\n\t\t\t\t\t\t\t\t\t\t\t\t\t\t<input size=\"1\" type=\"text\" name=\"form_fields[seguro]\" id=\"form-field-seguro\" class=\"elementor-field elementor-size-lg  elementor-field-textual\" placeholder=\"0.00\">\n\t\t\t\t\t\t\t\t\t\t\t<\/div>\n\t\t\t\t\t\t\t\t<div class=\"elementor-field-type-text elementor-field-group elementor-column elementor-field-group-itbis elementor-col-50\">\n\t\t\t\t\t\t\t\t\t\t\t\t<label for=\"form-field-itbis\" class=\"elementor-field-label\">\n\t\t\t\t\t\t\t\tITBIS\t\t\t\t\t\t\t<\/label>\n\t\t\t\t\t\t\t\t\t\t\t\t\t\t<input size=\"1\" type=\"text\" name=\"form_fields[itbis]\" id=\"form-field-itbis\" class=\"elementor-field elementor-size-lg  elementor-field-textual\" placeholder=\"0.00\">\n\t\t\t\t\t\t\t\t\t\t\t<\/div>\n\t\t\t\t\t\t\t\t<div class=\"elementor-field-type-text elementor-field-group elementor-column elementor-field-group-total_usd elementor-col-50\">\n\t\t\t\t\t\t\t\t\t\t\t\t<label for=\"form-field-total_usd\" class=\"elementor-field-label\">\n\t\t\t\t\t\t\t\tTOTAL en USD\t\t\t\t\t\t\t<\/label>\n\t\t\t\t\t\t\t\t\t\t\t\t\t\t<input size=\"1\" type=\"text\" name=\"form_fields[total_usd]\" id=\"form-field-total_usd\" class=\"elementor-field elementor-size-lg  elementor-field-textual\" placeholder=\"0.00\">\n\t\t\t\t\t\t\t\t\t\t\t<\/div>\n\t\t\t\t\t\t\t\t<div class=\"elementor-field-type-text elementor-field-group elementor-column elementor-field-group-total_rd elementor-col-50\">\n\t\t\t\t\t\t\t\t\t\t\t\t<label for=\"form-field-total_rd\" class=\"elementor-field-label\">\n\t\t\t\t\t\t\t\tTOTAL en RD$\t\t\t\t\t\t\t<\/label>\n\t\t\t\t\t\t\t\t\t\t\t\t\t\t<input size=\"1\" type=\"text\" name=\"form_fields[total_rd]\" id=\"form-field-total_rd\" class=\"elementor-field elementor-size-lg  elementor-field-textual\" placeholder=\"0.00\">\n\t\t\t\t\t\t\t\t\t\t\t<\/div>\n\t\t\t\t\t\t\t\t<div class=\"elementor-field-group elementor-column elementor-field-type-submit elementor-col-100 e-form__buttons\">\n\t\t\t\t\t<button class=\"elementor-button elementor-size-sm elementor-animation-shrink\" type=\"submit\" id=\"calculate\">\n\t\t\t\t\t\t<span class=\"elementor-button-content-wrapper\">\n\t\t\t\t\t\t\t\t\t\t\t\t\t\t\t\t\t\t\t\t\t\t<span class=\"elementor-button-text\">Calcular<\/span>\n\t\t\t\t\t\t\t\t\t\t\t\t\t<\/span>\n\t\t\t\t\t<\/button>\n\t\t\t\t<\/div>\n\t\t\t<\/div>\n\t\t<\/form>\n\t\t\t\t\t\t<\/div>\n\t\t\t\t\t<\/div>\n\t\t\t\t<\/div>\n\t\t\t\t<\/div>\n\t\t","protected":false},"excerpt":{"rendered":"<p>Para Paqueter\u00eda Express, Carga A\u00e9rea Express y Carga A\u00e9rea, es imprescindible poner el costo del articulo para poder realizar el c\u00e1lculo. Todo paquete que exceda los $200.00 US tiene un costo adicional por impuestos aduanales, los mismos no est\u00e1n incluidos en el c\u00e1lculo. Favor solicitar cotizaci\u00f3n a info@acc.com.do Calculadora de env\u00edos<\/p>\n","protected":false},"author":1,"featured_media":910,"parent":0,"menu_order":0,"comment_status":"closed","ping_status":"closed","template":"elementor_header_footer","meta":{"_acf_changed":false,"footnotes":""},"class_list":["post-909","page","type-page","status-publish","has-post-thumbnail","hentry"],"acf":[],"_links":{"self":[{"href":"https:\/\/ktechproduccion.net\/acc\/wp-json\/wp\/v2\/pages\/909","targetHints":{"allow":["GET"]}}],"collection":[{"href":"https:\/\/ktechproduccion.net\/acc\/wp-json\/wp\/v2\/pages"}],"about":[{"href":"https:\/\/ktechproduccion.net\/acc\/wp-json\/wp\/v2\/types\/page"}],"author":[{"embeddable":true,"href":"https:\/\/ktechproduccion.net\/acc\/wp-json\/wp\/v2\/users\/1"}],"replies":[{"embeddable":true,"href":"https:\/\/ktechproduccion.net\/acc\/wp-json\/wp\/v2\/comments?post=909"}],"version-history":[{"count":149,"href":"https:\/\/ktechproduccion.net\/acc\/wp-json\/wp\/v2\/pages\/909\/revisions"}],"predecessor-version":[{"id":1548,"href":"https:\/\/ktechproduccion.net\/acc\/wp-json\/wp\/v2\/pages\/909\/revisions\/1548"}],"wp:featuredmedia":[{"embeddable":true,"href":"https:\/\/ktechproduccion.net\/acc\/wp-json\/wp\/v2\/media\/910"}],"wp:attachment":[{"href":"https:\/\/ktechproduccion.net\/acc\/wp-json\/wp\/v2\/media?parent=909"}],"curies":[{"name":"wp","href":"https:\/\/api.w.org\/{rel}","templated":true}]}}