{"id":378,"date":"2025-09-29T20:53:57","date_gmt":"2025-09-29T20:53:57","guid":{"rendered":"https:\/\/ktechproduccion.net\/acc\/?page_id=378"},"modified":"2026-04-09T19:43:37","modified_gmt":"2026-04-09T19:43:37","slug":"franquicias","status":"publish","type":"page","link":"https:\/\/ktechproduccion.net\/acc\/franquicias\/","title":{"rendered":"Franquicias"},"content":{"rendered":"\t\t<div data-elementor-type=\"wp-page\" data-elementor-id=\"378\" class=\"elementor elementor-378\" data-elementor-post-type=\"page\">\n\t\t\t\t<div class=\"elementor-element elementor-element-bdc6710 e-con-full e-flex e-con e-parent\" data-id=\"bdc6710\" data-element_type=\"container\" data-e-type=\"container\">\n\t\t\t\t<div class=\"elementor-element elementor-element-129ba67 elementor-widget elementor-widget-template\" data-id=\"129ba67\" data-element_type=\"widget\" data-e-type=\"widget\" data-widget_type=\"template.default\">\n\t\t\t\t<div class=\"elementor-widget-container\">\n\t\t\t\t\t\t\t<div class=\"elementor-template\">\n\t\t\t\t\t<div data-elementor-type=\"section\" data-elementor-id=\"374\" class=\"elementor elementor-374\" data-elementor-post-type=\"elementor_library\">\n\t\t\t<div class=\"elementor-element elementor-element-d7600d4 e-flex e-con-boxed e-con e-parent\" data-id=\"d7600d4\" data-element_type=\"container\" data-e-type=\"container\" data-settings=\"{&quot;background_background&quot;:&quot;classic&quot;}\">\n\t\t\t\t\t<div class=\"e-con-inner\">\n\t\t\t\t\t<\/div>\n\t\t\t\t<\/div>\n\t\t\t\t<\/div>\n\t\t\t\t<\/div>\n\t\t\t\t\t\t<\/div>\n\t\t\t\t<\/div>\n\t\t\t\t<\/div>\n\t\t<div class=\"elementor-element elementor-element-559b860 e-flex e-con-boxed e-con e-parent\" data-id=\"559b860\" data-element_type=\"container\" data-e-type=\"container\">\n\t\t\t\t\t<div class=\"e-con-inner\">\n\t\t<div class=\"elementor-element elementor-element-e350f2d e-con-full e-flex e-con e-child\" data-id=\"e350f2d\" data-element_type=\"container\" data-e-type=\"container\">\n\t\t\t\t<div class=\"elementor-element elementor-element-65ad19b elementor-widget elementor-widget-image\" data-id=\"65ad19b\" data-element_type=\"widget\" data-e-type=\"widget\" data-widget_type=\"image.default\">\n\t\t\t\t\t\t\t\t\t\t\t\t\t\t\t<img fetchpriority=\"high\" decoding=\"async\" width=\"650\" height=\"501\" src=\"https:\/\/ktechproduccion.net\/acc\/wp-content\/uploads\/2025\/10\/time-image.png\" class=\"attachment-full size-full wp-image-526\" alt=\"\" srcset=\"https:\/\/ktechproduccion.net\/acc\/wp-content\/uploads\/2025\/10\/time-image.png 650w, https:\/\/ktechproduccion.net\/acc\/wp-content\/uploads\/2025\/10\/time-image-300x231.png 300w\" sizes=\"(max-width: 650px) 100vw, 650px\" \/>\t\t\t\t\t\t\t\t\t\t\t\t\t\t\t<\/div>\n\t\t\t\t<\/div>\n\t\t<div class=\"elementor-element elementor-element-2f32b53 e-con-full e-flex e-con e-child\" data-id=\"2f32b53\" data-element_type=\"container\" data-e-type=\"container\">\n\t\t\t\t<div class=\"elementor-element elementor-element-caba34a elementor-widget elementor-widget-heading\" data-id=\"caba34a\" data-element_type=\"widget\" data-e-type=\"widget\" data-widget_type=\"heading.default\">\n\t\t\t\t\t<h2 class=\"elementor-heading-title elementor-size-default\">\u00a1Es tiempo de invertir!<\/h2>\t\t\t\t<\/div>\n\t\t\t\t<div class=\"elementor-element elementor-element-8c8ca46 elementor-widget elementor-widget-text-editor\" data-id=\"8c8ca46\" data-element_type=\"widget\" data-e-type=\"widget\" data-widget_type=\"text-editor.default\">\n\t\t\t\t\t\t\t\t\t<p>Invierte en una franquicia exitosa con Experiencia garantizada en log\u00edstica internacional<\/p>\t\t\t\t\t\t\t\t<\/div>\n\t\t\t\t<div class=\"elementor-element elementor-element-e106714 elementor-widget elementor-widget-text-editor\" data-id=\"e106714\" data-element_type=\"widget\" data-e-type=\"widget\" data-widget_type=\"text-editor.default\">\n\t\t\t\t\t\t\t\t\t<p>ACC Courier es una marca de Amell Cargo &amp; Courier, es una compa\u00f1\u00eda pionera desde 1959 como Consolidadora de Carga, Agentes Aduanales con vasta experiencia y solidez que te ofrece la posibilidad de iniciar tu proyecto empresarial siendo parte de su continua expansi\u00f3n en el mercado de log\u00edstica internacional, su sistema de manejo de alta eficiencia y confiabilidad en sus env\u00edos.<\/p>\t\t\t\t\t\t\t\t<\/div>\n\t\t\t\t<\/div>\n\t\t\t\t\t<\/div>\n\t\t\t\t<\/div>\n\t\t<div class=\"elementor-element elementor-element-4263e84 e-flex e-con-boxed e-con e-parent\" data-id=\"4263e84\" data-element_type=\"container\" data-e-type=\"container\" data-settings=\"{&quot;background_background&quot;:&quot;classic&quot;}\">\n\t\t\t\t\t<div class=\"e-con-inner\">\n\t\t<div class=\"elementor-element elementor-element-6015f65 e-con-full e-flex e-con e-child\" data-id=\"6015f65\" data-element_type=\"container\" data-e-type=\"container\">\n\t\t\t\t<div class=\"elementor-element elementor-element-6462472 elementor-widget elementor-widget-heading\" data-id=\"6462472\" data-element_type=\"widget\" data-e-type=\"widget\" data-widget_type=\"heading.default\">\n\t\t\t\t\t<h2 class=\"elementor-heading-title elementor-size-default\">Beneficios de ser <br>\nFranquiciado ACC<\/h2>\t\t\t\t<\/div>\n\t\t\t\t<div class=\"elementor-element elementor-element-28258f5 elementor-icon-list--layout-traditional elementor-list-item-link-full_width elementor-widget elementor-widget-icon-list\" data-id=\"28258f5\" data-element_type=\"widget\" data-e-type=\"widget\" data-widget_type=\"icon-list.default\">\n\t\t\t\t\t\t\t<ul class=\"elementor-icon-list-items\">\n\t\t\t\t\t\t\t<li class=\"elementor-icon-list-item\">\n\t\t\t\t\t\t\t\t\t\t\t<span class=\"elementor-icon-list-icon\">\n\t\t\t\t\t\t\t<svg xmlns=\"http:\/\/www.w3.org\/2000\/svg\" xmlns:xlink=\"http:\/\/www.w3.org\/1999\/xlink\" id=\"Untitled-P%E1gina%201\" viewBox=\"0 0 27 27\" style=\"background-color:#ffffff00\" xml:space=\"preserve\" x=\"0px\" y=\"0px\" width=\"27px\" height=\"27px\">\t<g id=\"Capa%201\">\t\t<g>\t\t\t<path d=\"M 6.8847 12.7069 C 6.5122 12.3351 5.9073 12.3351 5.5351 12.7069 C 5.1627 13.0786 5.1627 13.6827 5.5351 14.0549 L 9.933 18.4474 C 10.119 18.6332 10.3517 18.7261 10.6077 18.7261 C 10.6309 18.7261 10.6309 18.7261 10.6543 18.7261 C 10.9102 18.7029 11.166 18.5869 11.3524 18.3774 L 22.3585 5.2001 C 22.6844 4.8049 22.6378 4.2008 22.2422 3.8521 C 21.8465 3.5266 21.2416 3.5732 20.8926 3.9683 L 10.5378 16.3556 L 6.8847 12.7069 L 6.8847 12.7069 Z\" fill=\"#00adee\"><\/path>\t\t\t<path d=\"M 20.6279 2.0624 C 15.276 -1.2842 8.4117 -0.4939 3.944 3.9683 C -1.3147 9.2206 -1.3147 17.7965 3.944 23.0491 C 6.5735 25.6753 10.0406 27 13.4844 27 C 16.9282 27 20.3952 25.6753 23.0247 23.0491 C 27.5155 18.5634 28.2834 11.6842 24.9095 6.3386 C 24.6302 5.8972 24.0485 5.7577 23.6063 6.0366 C 23.1642 6.3156 23.0247 6.8969 23.304 7.3381 C 26.2125 11.9397 25.5377 17.8431 21.675 21.701 C 17.1608 26.2098 9.7846 26.2098 5.2703 21.701 C 0.7563 17.1923 0.7563 9.8248 5.2703 5.316 C 9.133 1.4813 15.02 0.8073 19.6275 3.6659 C 20.0694 3.9449 20.6512 3.8054 20.9305 3.3638 C 21.2097 2.9222 21.07 2.3414 20.6279 2.0624 L 20.6279 2.0624 Z\" fill=\"#00adee\"><\/path>\t\t<\/g>\t<\/g><\/svg>\t\t\t\t\t\t<\/span>\n\t\t\t\t\t\t\t\t\t\t<span class=\"elementor-icon-list-text\">Experiencia garantizada en la log\u00edstica internacional<\/span>\n\t\t\t\t\t\t\t\t\t<\/li>\n\t\t\t\t\t\t\t\t<li class=\"elementor-icon-list-item\">\n\t\t\t\t\t\t\t\t\t\t\t<span class=\"elementor-icon-list-icon\">\n\t\t\t\t\t\t\t\t\t\t\t\t\t<\/span>\n\t\t\t\t\t\t\t\t\t\t<span class=\"elementor-icon-list-text\">Eficiencia en el tiempo de recepci\u00f3n en Miami, empleados propios<\/span>\n\t\t\t\t\t\t\t\t\t<\/li>\n\t\t\t\t\t\t\t\t<li class=\"elementor-icon-list-item\">\n\t\t\t\t\t\t\t\t\t\t\t<span class=\"elementor-icon-list-icon\">\n\t\t\t\t\t\t\t\t\t\t\t\t\t<\/span>\n\t\t\t\t\t\t\t\t\t\t<span class=\"elementor-icon-list-text\">Expansi\u00f3n asegurada en el mercado actual<\/span>\n\t\t\t\t\t\t\t\t\t<\/li>\n\t\t\t\t\t\t\t\t<li class=\"elementor-icon-list-item\">\n\t\t\t\t\t\t\t\t\t\t\t<span class=\"elementor-icon-list-icon\">\n\t\t\t\t\t\t\t\t\t\t\t\t\t<\/span>\n\t\t\t\t\t\t\t\t\t\t<span class=\"elementor-icon-list-text\">Eficiencia en el tiempo de la desaduanizacion en el AILA<\/span>\n\t\t\t\t\t\t\t\t\t<\/li>\n\t\t\t\t\t\t\t\t<li class=\"elementor-icon-list-item\">\n\t\t\t\t\t\t\t\t\t\t\t<span class=\"elementor-icon-list-icon\">\n\t\t\t\t\t\t\t\t\t\t\t\t\t<\/span>\n\t\t\t\t\t\t\t\t\t\t<span class=\"elementor-icon-list-text\">P\u00e1gina web, redes sociales, APP, publicidad digital<\/span>\n\t\t\t\t\t\t\t\t\t<\/li>\n\t\t\t\t\t\t\t\t<li class=\"elementor-icon-list-item\">\n\t\t\t\t\t\t\t\t\t\t\t<span class=\"elementor-icon-list-icon\">\n\t\t\t\t\t\t\t\t\t\t\t\t\t<\/span>\n\t\t\t\t\t\t\t\t\t\t<span class=\"elementor-icon-list-text\">Tarifa preferencial para los franquiciados<\/span>\n\t\t\t\t\t\t\t\t\t<\/li>\n\t\t\t\t\t\t<\/ul>\n\t\t\t\t\t\t<\/div>\n\t\t\t\t<\/div>\n\t\t<div class=\"elementor-element elementor-element-de8f24b e-con-full e-flex e-con e-child\" data-id=\"de8f24b\" data-element_type=\"container\" data-e-type=\"container\">\n\t\t\t\t<div class=\"elementor-element elementor-element-95b8221 elementor-widget elementor-widget-image\" data-id=\"95b8221\" data-element_type=\"widget\" data-e-type=\"widget\" data-widget_type=\"image.default\">\n\t\t\t\t\t\t\t\t\t\t\t\t\t\t\t<img decoding=\"async\" width=\"650\" height=\"650\" src=\"https:\/\/ktechproduccion.net\/acc\/wp-content\/uploads\/2025\/10\/image-beneficios.png\" class=\"attachment-full size-full wp-image-536\" alt=\"\" srcset=\"https:\/\/ktechproduccion.net\/acc\/wp-content\/uploads\/2025\/10\/image-beneficios.png 650w, https:\/\/ktechproduccion.net\/acc\/wp-content\/uploads\/2025\/10\/image-beneficios-300x300.png 300w, https:\/\/ktechproduccion.net\/acc\/wp-content\/uploads\/2025\/10\/image-beneficios-150x150.png 150w\" sizes=\"(max-width: 650px) 100vw, 650px\" \/>\t\t\t\t\t\t\t\t\t\t\t\t\t\t\t<\/div>\n\t\t\t\t<\/div>\n\t\t\t\t\t<\/div>\n\t\t\t\t<\/div>\n\t\t<div class=\"elementor-element elementor-element-f50ccbe e-flex e-con-boxed e-con e-parent\" data-id=\"f50ccbe\" data-element_type=\"container\" data-e-type=\"container\">\n\t\t\t\t\t<div class=\"e-con-inner\">\n\t\t\t\t<div class=\"elementor-element elementor-element-8212f3e elementor-widget elementor-widget-heading\" data-id=\"8212f3e\" data-element_type=\"widget\" data-e-type=\"widget\" data-widget_type=\"heading.default\">\n\t\t\t\t\t<h2 class=\"elementor-heading-title elementor-size-default\">Solicita Informaci\u00f3n<\/h2>\t\t\t\t<\/div>\n\t\t\t\t<div class=\"elementor-element elementor-element-ebbd11a elementor-widget elementor-widget-text-editor\" data-id=\"ebbd11a\" data-element_type=\"widget\" data-e-type=\"widget\" data-widget_type=\"text-editor.default\">\n\t\t\t\t\t\t\t\t\t<p>Al completar el formulario con tus datos, estaremos en contacto con usted<\/p>\t\t\t\t\t\t\t\t<\/div>\n\t\t\t\t<div class=\"elementor-element elementor-element-8f56e7c elementor-button-align-center elementor-widget elementor-widget-form\" data-id=\"8f56e7c\" data-element_type=\"widget\" data-e-type=\"widget\" id=\"form_contact\" data-settings=\"{&quot;step_next_label&quot;:&quot;Next&quot;,&quot;step_previous_label&quot;:&quot;Previous&quot;,&quot;button_width&quot;:&quot;100&quot;,&quot;step_type&quot;:&quot;number_text&quot;,&quot;step_icon_shape&quot;:&quot;circle&quot;}\" data-widget_type=\"form.default\">\n\t\t\t\t\t\t\t<form class=\"elementor-form\" method=\"post\" name=\"New Form Solicitud\" aria-label=\"New Form Solicitud\">\n\t\t\t<input type=\"hidden\" name=\"post_id\" value=\"378\"\/>\n\t\t\t<input type=\"hidden\" name=\"form_id\" value=\"8f56e7c\"\/>\n\t\t\t<input type=\"hidden\" name=\"referer_title\" value=\"Franquicias\" \/>\n\n\t\t\t\t\t\t\t<input type=\"hidden\" name=\"queried_id\" value=\"378\"\/>\n\t\t\t\n\t\t\t<div class=\"elementor-form-fields-wrapper elementor-labels-\">\n\t\t\t\t\t\t\t\t<div class=\"elementor-field-type-text elementor-field-group elementor-column elementor-field-group-name elementor-col-50\">\n\t\t\t\t\t\t\t\t\t\t\t\t<label for=\"form-field-name\" class=\"elementor-field-label elementor-screen-only\">\n\t\t\t\t\t\t\t\tNombres\t\t\t\t\t\t\t<\/label>\n\t\t\t\t\t\t\t\t\t\t\t\t\t\t<input size=\"1\" type=\"text\" name=\"form_fields[name]\" id=\"form-field-name\" class=\"elementor-field elementor-size-lg  elementor-field-textual\" placeholder=\"Nombres\">\n\t\t\t\t\t\t\t\t\t\t\t<\/div>\n\t\t\t\t\t\t\t\t<div class=\"elementor-field-type-text elementor-field-group elementor-column elementor-field-group-last_name elementor-col-50\">\n\t\t\t\t\t\t\t\t\t\t\t\t<label for=\"form-field-last_name\" class=\"elementor-field-label elementor-screen-only\">\n\t\t\t\t\t\t\t\tApellidos\t\t\t\t\t\t\t<\/label>\n\t\t\t\t\t\t\t\t\t\t\t\t\t\t<input size=\"1\" type=\"text\" name=\"form_fields[last_name]\" id=\"form-field-last_name\" class=\"elementor-field elementor-size-lg  elementor-field-textual\" placeholder=\"Apellidos\">\n\t\t\t\t\t\t\t\t\t\t\t<\/div>\n\t\t\t\t\t\t\t\t<div class=\"elementor-field-type-text elementor-field-group elementor-column elementor-field-group-phone elementor-col-50\">\n\t\t\t\t\t\t\t\t\t\t\t\t<label for=\"form-field-phone\" class=\"elementor-field-label elementor-screen-only\">\n\t\t\t\t\t\t\t\tTel\u00e9fono\t\t\t\t\t\t\t<\/label>\n\t\t\t\t\t\t\t\t\t\t\t\t\t\t<input size=\"1\" type=\"text\" name=\"form_fields[phone]\" id=\"form-field-phone\" class=\"elementor-field elementor-size-lg  elementor-field-textual\" placeholder=\"Tel\u00e9fono\">\n\t\t\t\t\t\t\t\t\t\t\t<\/div>\n\t\t\t\t\t\t\t\t<div class=\"elementor-field-type-text elementor-field-group elementor-column elementor-field-group-phone_2 elementor-col-50\">\n\t\t\t\t\t\t\t\t\t\t\t\t<label for=\"form-field-phone_2\" class=\"elementor-field-label elementor-screen-only\">\n\t\t\t\t\t\t\t\tM\u00f3vil \/ WhatsApp\t\t\t\t\t\t\t<\/label>\n\t\t\t\t\t\t\t\t\t\t\t\t\t\t<input size=\"1\" type=\"text\" name=\"form_fields[phone_2]\" id=\"form-field-phone_2\" class=\"elementor-field elementor-size-lg  elementor-field-textual\" placeholder=\"M\u00f3vil \/ WhatsApp\">\n\t\t\t\t\t\t\t\t\t\t\t<\/div>\n\t\t\t\t\t\t\t\t<div class=\"elementor-field-type-email elementor-field-group elementor-column elementor-field-group-email elementor-col-50 elementor-field-required\">\n\t\t\t\t\t\t\t\t\t\t\t\t<label for=\"form-field-email\" class=\"elementor-field-label elementor-screen-only\">\n\t\t\t\t\t\t\t\tEmail\t\t\t\t\t\t\t<\/label>\n\t\t\t\t\t\t\t\t\t\t\t\t\t\t<input size=\"1\" type=\"email\" name=\"form_fields[email]\" id=\"form-field-email\" class=\"elementor-field elementor-size-lg  elementor-field-textual\" placeholder=\"Email\" required=\"required\">\n\t\t\t\t\t\t\t\t\t\t\t<\/div>\n\t\t\t\t\t\t\t\t<div class=\"elementor-field-type-text elementor-field-group elementor-column elementor-field-group-field_8551ed3 elementor-col-50\">\n\t\t\t\t\t\t\t\t\t\t\t\t<label for=\"form-field-field_8551ed3\" class=\"elementor-field-label elementor-screen-only\">\n\t\t\t\t\t\t\t\tCiudad\t\t\t\t\t\t\t<\/label>\n\t\t\t\t\t\t\t\t\t\t\t\t\t\t<input size=\"1\" type=\"text\" name=\"form_fields[field_8551ed3]\" id=\"form-field-field_8551ed3\" class=\"elementor-field elementor-size-lg  elementor-field-textual\" placeholder=\"Ciudad\">\n\t\t\t\t\t\t\t\t\t\t\t<\/div>\n\t\t\t\t\t\t\t\t<div class=\"elementor-field-type-textarea elementor-field-group elementor-column elementor-field-group-message elementor-col-100\">\n\t\t\t\t\t\t\t\t\t\t\t\t<label for=\"form-field-message\" class=\"elementor-field-label elementor-screen-only\">\n\t\t\t\t\t\t\t\tComentarios\t\t\t\t\t\t\t<\/label>\n\t\t\t\t\t\t<textarea class=\"elementor-field-textual elementor-field  elementor-size-lg\" name=\"form_fields[message]\" id=\"form-field-message\" rows=\"4\" placeholder=\"Comentarios\"><\/textarea>\t\t\t\t<\/div>\n\t\t\t\t\t\t\t\t<div class=\"elementor-field-group elementor-column elementor-field-type-submit elementor-col-100 e-form__buttons\">\n\t\t\t\t\t<button class=\"elementor-button elementor-size-sm elementor-animation-shrink\" type=\"submit\">\n\t\t\t\t\t\t<span class=\"elementor-button-content-wrapper\">\n\t\t\t\t\t\t\t\t\t\t\t\t\t\t\t<span class=\"elementor-button-icon\">\n\t\t\t\t\t\t\t\t\t<svg xmlns=\"http:\/\/www.w3.org\/2000\/svg\" xmlns:xlink=\"http:\/\/www.w3.org\/1999\/xlink\" id=\"Untitled-P%E1gina%201\" viewBox=\"0 0 17 12\" style=\"background-color:#ffffff00\" xml:space=\"preserve\" x=\"0px\" y=\"0px\" width=\"17px\" height=\"12px\">\t<g id=\"Capa%201\">\t\t<path d=\"M 11.4475 0.1807 C 11.2159 -0.0601 10.8306 -0.0601 10.5908 0.1807 C 10.3594 0.4131 10.3594 0.7998 10.5908 1.0322 L 14.9351 5.3931 L 0.5996 5.3931 C 0.2656 5.3936 0 5.6602 0 5.9956 C 0 6.3311 0.2656 6.6064 0.5996 6.6064 L 14.9351 6.6064 L 10.5908 10.9595 C 10.3594 11.2002 10.3594 11.5874 10.5908 11.8193 C 10.8306 12.0601 11.2166 12.0601 11.4475 11.8193 L 16.8202 6.4258 C 17.0599 6.1934 17.0599 5.8066 16.8202 5.5742 L 11.4475 0.1807 Z\" fill=\"#ffffff\"><\/path>\t<\/g><\/svg>\t\t\t\t\t\t\t\t\t\t\t\t\t\t\t\t\t<\/span>\n\t\t\t\t\t\t\t\t\t\t\t\t\t\t\t\t\t\t\t\t\t\t<span class=\"elementor-button-text\">Enviar solicitud<\/span>\n\t\t\t\t\t\t\t\t\t\t\t\t\t<\/span>\n\t\t\t\t\t<\/button>\n\t\t\t\t<\/div>\n\t\t\t<\/div>\n\t\t<\/form>\n\t\t\t\t\t\t<\/div>\n\t\t\t\t\t<\/div>\n\t\t\t\t<\/div>\n\t\t\t\t<\/div>\n\t\t","protected":false},"excerpt":{"rendered":"<p>\u00a1Es tiempo de invertir! Invierte en una franquicia exitosa con Experiencia garantizada en log\u00edstica internacional ACC Courier es una marca de Amell Cargo &amp; Courier, es una compa\u00f1\u00eda pionera desde 1959 como Consolidadora de Carga, Agentes Aduanales con vasta experiencia y solidez que te ofrece la posibilidad de iniciar tu proyecto empresarial siendo parte de [&hellip;]<\/p>\n","protected":false},"author":1,"featured_media":375,"parent":0,"menu_order":0,"comment_status":"closed","ping_status":"closed","template":"elementor_header_footer","meta":{"_acf_changed":false,"footnotes":""},"class_list":["post-378","page","type-page","status-publish","has-post-thumbnail","hentry"],"acf":[],"_links":{"self":[{"href":"https:\/\/ktechproduccion.net\/acc\/wp-json\/wp\/v2\/pages\/378","targetHints":{"allow":["GET"]}}],"collection":[{"href":"https:\/\/ktechproduccion.net\/acc\/wp-json\/wp\/v2\/pages"}],"about":[{"href":"https:\/\/ktechproduccion.net\/acc\/wp-json\/wp\/v2\/types\/page"}],"author":[{"embeddable":true,"href":"https:\/\/ktechproduccion.net\/acc\/wp-json\/wp\/v2\/users\/1"}],"replies":[{"embeddable":true,"href":"https:\/\/ktechproduccion.net\/acc\/wp-json\/wp\/v2\/comments?post=378"}],"version-history":[{"count":64,"href":"https:\/\/ktechproduccion.net\/acc\/wp-json\/wp\/v2\/pages\/378\/revisions"}],"predecessor-version":[{"id":1559,"href":"https:\/\/ktechproduccion.net\/acc\/wp-json\/wp\/v2\/pages\/378\/revisions\/1559"}],"wp:featuredmedia":[{"embeddable":true,"href":"https:\/\/ktechproduccion.net\/acc\/wp-json\/wp\/v2\/media\/375"}],"wp:attachment":[{"href":"https:\/\/ktechproduccion.net\/acc\/wp-json\/wp\/v2\/media?parent=378"}],"curies":[{"name":"wp","href":"https:\/\/api.w.org\/{rel}","templated":true}]}}